{"id":2637,"date":"2023-04-29T21:56:45","date_gmt":"2023-04-29T21:56:45","guid":{"rendered":"http:\/\/glsei.local\/?page_id=2637"},"modified":"2023-05-01T14:38:41","modified_gmt":"2023-05-01T12:38:41","slug":"grand-lodge-staff","status":"publish","type":"page","link":"https:\/\/glsei.org\/pt\/grand-lodge-staff\/","title":{"rendered":"STAFF GRANDE LOJA"},"content":{"rendered":"<section class=\"wpb-content-wrapper\"><p>[vc_row header_feature=&#8221;yes&#8221; padding_top=&#8221;120&#8243; padding_bottom=&#8221;120&#8243; margin_bottom=&#8221;0&#8243;][vc_column width=&#8221;1\/2&#8243;][vc_column_text animation=&#8221;fadeInLeft&#8221;]<\/p>\n<h3>Staff da Grande Loja<\/h3>\n<p>&nbsp;<\/p>\n<p><strong>Grande Secret\u00e1rio<\/strong><\/p>\n<p>Supervisionar e gerir os ficheiros da Grande Loja, empacotar o correio para as Lojas e imprimir, distribuir e receber os relat\u00f3rios anuais, rever todas as publica\u00e7\u00f5es, desde os convites at\u00e9 \u00e0 prepara\u00e7\u00e3o dos relat\u00f3rios&#8230;<\/p>\n<p>&#8230;&#8230;&#8230;&#8230;&#8230;&#8230;&#8230;&#8230;&#8230;&#8230;&#8230;&#8230;&#8230;&#8230;&#8230;&#8230;&#8230;&#8230;&#8230;&#8230;&#8230;&#8230;&#8230;&#8230;&#8230;&#8230;&#8230;&#8230;&#8230;&#8230;.<\/p>\n<p><strong>Grande Tesoureiro<\/strong><\/p>\n<p>R.W. Bro. Derick Berridge, PJGW<\/p>\n<p>Supervisionar e preparar as contas da Grande Loja, preparar relat\u00f3rios trimestrais, manter registos de facturas e despesas, enviar cheques, arquivar facturas.<\/p>\n<p>&#8230;&#8230;&#8230;&#8230;&#8230;&#8230;&#8230;&#8230;&#8230;&#8230;&#8230;&#8230;&#8230;&#8230;&#8230;&#8230;&#8230;&#8230;&#8230;&#8230;&#8230;&#8230;&#8230;&#8230;&#8230;&#8230;&#8230;&#8230;&#8230; &#8230;&#8230;<\/p>\n<p><strong>Caridade<\/strong><\/p>\n<p>R.W.Bro. Jo\u00e3o Falc\u00e3o AGM<\/p>\n<p>Supervisionar a Caridade da Grande Loja, planear os programas em curso, apresentar relat\u00f3rios sobre as doa\u00e7\u00f5es \u00e0 comunidade e pedidos de ajuda de emerg\u00eancia.<\/p>\n<p>W. Bro. Des Brown, SGD, para organizar eventos de angaria\u00e7\u00e3o de fundos para a Caridade<\/p>\n<p>&#8230;&#8230;&#8230;&#8230;&#8230;&#8230;&#8230;&#8230;&#8230;&#8230;&#8230;&#8230;&#8230;&#8230;&#8230;&#8230;&#8230;&#8230;&#8230;&#8230;&#8230;&#8230;&#8230;&#8230;&#8230;&#8230;&#8230;&#8230;&#8230;&#8230;&#8230;.<\/p>\n<p><strong>Planeamento futuro<\/strong><\/p>\n<p>M.W. Bro. Ian.L.Hutchinson,GM<\/p>\n<p>R.W.Bro. Leslie Geyser DGM<\/p>\n<p>R.W.Bro. Joao Falcao AGM<\/p>\n<p>Para supervisionar e programar &#8211; preparar o futuro<\/p>\n<p>&#8230;&#8230;&#8230;&#8230;&#8230;&#8230;&#8230;&#8230;&#8230;&#8230;&#8230;&#8230;&#8230;&#8230;&#8230;&#8230;&#8230;&#8230;&#8230;&#8230;&#8230;&#8230;&#8230;&#8230;&#8230;&#8230;&#8230;&#8230;&#8230;&#8230;&#8230;&#8230;[\/vc_column_text][\/vc_column][vc_column width=&#8221;1\/2&#8243;]<div class=\"eut-element eut-image eut-align-center\" style=\"\"><img loading=\"lazy\" decoding=\"async\" width=\"1024\" height=\"1024\" src=\"https:\/\/glsei.org\/wp-content\/uploads\/2023\/04\/grid_0-ghj.png\" class=\"attachment-full size-full\" alt=\"\" srcset=\"https:\/\/glsei.org\/wp-content\/uploads\/2023\/04\/grid_0-ghj.png 1024w, https:\/\/glsei.org\/wp-content\/uploads\/2023\/04\/grid_0-ghj-300x300.png 300w, https:\/\/glsei.org\/wp-content\/uploads\/2023\/04\/grid_0-ghj-150x150.png 150w, https:\/\/glsei.org\/wp-content\/uploads\/2023\/04\/grid_0-ghj-768x768.png 768w, https:\/\/glsei.org\/wp-content\/uploads\/2023\/04\/grid_0-ghj-600x600.png 600w\" sizes=\"auto, (max-width: 1024px) 100vw, 1024px\" \/><\/div>[\/vc_column][\/vc_row][vc_row section_type=&#8221;fullwidth-element&#8221; margin_bottom=&#8221;0&#8243;][vc_column]<div class=\"eut-element eut-hr \" style=\"\"><div class=\"eut-line-divider\"><\/div><\/div>[\/vc_column][\/vc_row]<\/p>\n<\/section>","protected":false},"excerpt":{"rendered":"<p>[vc_row header_feature=&#8221;yes&#8221; padding_top=&#8221;120&#8243; padding_bottom=&#8221;120&#8243; margin_bottom=&#8221;0&#8243;][vc_column width=&#8221;1\/2&#8243;][vc_column_text animation=&#8221;fadeInLeft&#8221;] Staff da Grande Loja &nbsp; Grande Secret\u00e1rio Supervisionar e gerir os ficheiros da Grande Loja, empacotar o correio para as Lojas e imprimir, distribuir e receber os relat\u00f3rios anuais, rever todas as publica\u00e7\u00f5es, desde os convites at\u00e9 \u00e0 prepara\u00e7\u00e3o dos relat\u00f3rios&#8230; &#8230;&#8230;&#8230;&#8230;&#8230;&#8230;&#8230;&#8230;&#8230;&#8230;&#8230;&#8230;&#8230;&#8230;&#8230;&#8230;&#8230;&#8230;&#8230;&#8230;&#8230;&#8230;&#8230;&#8230;&#8230;&#8230;&#8230;&#8230;&#8230;&#8230;. Grande Tesoureiro R.W. Bro. Derick Berridge, [&hellip;]<\/p>\n","protected":false},"author":1,"featured_media":0,"parent":0,"menu_order":0,"comment_status":"closed","ping_status":"closed","template":"","meta":{"footnotes":""},"class_list":["post-2637","page","type-page","status-publish","hentry"],"_links":{"self":[{"href":"https:\/\/glsei.org\/pt\/wp-json\/wp\/v2\/pages\/2637","targetHints":{"allow":["GET"]}}],"collection":[{"href":"https:\/\/glsei.org\/pt\/wp-json\/wp\/v2\/pages"}],"about":[{"href":"https:\/\/glsei.org\/pt\/wp-json\/wp\/v2\/types\/page"}],"author":[{"embeddable":true,"href":"https:\/\/glsei.org\/pt\/wp-json\/wp\/v2\/users\/1"}],"replies":[{"embeddable":true,"href":"https:\/\/glsei.org\/pt\/wp-json\/wp\/v2\/comments?post=2637"}],"version-history":[{"count":4,"href":"https:\/\/glsei.org\/pt\/wp-json\/wp\/v2\/pages\/2637\/revisions"}],"predecessor-version":[{"id":2711,"href":"https:\/\/glsei.org\/pt\/wp-json\/wp\/v2\/pages\/2637\/revisions\/2711"}],"wp:attachment":[{"href":"https:\/\/glsei.org\/pt\/wp-json\/wp\/v2\/media?parent=2637"}],"curies":[{"name":"wp","href":"https:\/\/api.w.org\/{rel}","templated":true}]}}