{"id":2631,"date":"2023-04-29T20:32:06","date_gmt":"2023-04-29T20:32:06","guid":{"rendered":"http:\/\/glsei.local\/?page_id=2631"},"modified":"2023-04-29T20:52:40","modified_gmt":"2023-04-29T20:52:40","slug":"freemasons-information","status":"publish","type":"page","link":"https:\/\/glsei.org\/pt\/freemasons-information\/","title":{"rendered":"INFORMA\u00c7\u00c3O DO MA\u00c7ON"},"content":{"rendered":"<section class=\"wpb-content-wrapper\"><p>[vc_row header_feature=&#8221;yes&#8221; padding_top=&#8221;120&#8243; padding_bottom=&#8221;120&#8243; margin_bottom=&#8221;0&#8243;][vc_column width=&#8221;1\/2&#8243;][vc_column_text animation=&#8221;fadeInLeft&#8221;]<\/p>\n<h3>Informa\u00e7\u00e3o para Ma\u00e7ons<\/h3>\n<p>&nbsp;<\/p>\n<p><strong>Aviso Importante<\/strong><\/p>\n<p>Como Ma\u00e7on da Gran Logia Simbolica, \u00e9 considerado impr\u00f3prio para a Ma\u00e7onaria comunicar com outras jurisdi\u00e7\u00f5es excepto atrav\u00e9s do Grande Secret\u00e1rio. Por favor, tome nota deste aviso muito importante.<\/p>\n<p>&#8230;&#8230;&#8230;&#8230;&#8230;&#8230;&#8230;&#8230;&#8230;&#8230;&#8230;&#8230;&#8230;&#8230;&#8230;&#8230;&#8230;&#8230;&#8230;&#8230;&#8230;&#8230;&#8230;&#8230;&#8230;&#8230;&#8230;&#8230;&#8230;&#8230;.<\/p>\n<p><strong>Reuni\u00e3o Anual do Secret\u00e1rio da Loja<\/strong><\/p>\n<p>Todos os anos esperamos poder realizar uma reuni\u00e3o de secret\u00e1rios de Loja para refor\u00e7ar os seus conhecimentos colectivos e opera\u00e7\u00f5es administrativas, melhorando a comunica\u00e7\u00e3o com o gabinete do Grande Secret\u00e1rio<\/p>\n<p>&#8230;&#8230;&#8230;&#8230;&#8230;&#8230;&#8230;&#8230;&#8230;&#8230;&#8230;&#8230;&#8230;&#8230;&#8230;&#8230;&#8230;&#8230;&#8230;&#8230;&#8230;&#8230;&#8230;&#8230;&#8230;&#8230;&#8230;&#8230;&#8230;&#8230;&#8230;<\/p>\n<p><strong>Envolvimento comunit\u00e1rio em Espanha e Ib\u00e9ria<\/strong><\/p>\n<p>Embora o ritual ma\u00e7\u00f3nico varie de Grande Loja para Grande Loja, todos os candidatos devem estar cientes de que a parte essencial da Ma\u00e7onaria \u00e9 a Caridade. No nosso Primeiro Grau \u00e9 feita refer\u00eancia \u00e0 caridade e \u00e0 assist\u00eancia aos menos afortunados do que n\u00f3s.<\/p>\n<p>As nossas Caridades assumem muitas formas, tanto grandes como pequenas; a Loja pode ajudar a fazer donativos para apoiar alguma parte da comunidade. A Grande Loja ter\u00e1, sem d\u00favida, um programa em curso<\/p>\n<p>&#8230;&#8230;&#8230;&#8230;&#8230;&#8230;&#8230;&#8230;&#8230;&#8230;&#8230;&#8230;&#8230;&#8230;&#8230;&#8230;&#8230;&#8230;&#8230;&#8230;&#8230;&#8230;&#8230;&#8230;&#8230;&#8230;&#8230;&#8230;&#8230;&#8230;&#8230;.<\/p>\n<p>A Ma\u00e7onaria \u00e9 uma Fraternidade, uma Irmandade ou Organiza\u00e7\u00e3o para homens, embora se diga que existem Grandes Lojas para mulheres.<\/p>\n<p>Na nossa Irmandade encontrar\u00e1 homens de bom car\u00e1cter de todos os quadrantes da vida, Ju\u00edzes, M\u00e9dicos, Advogados, Professores e todas as profiss\u00f5es que se possa imaginar, de todas as idades.<\/p>\n<p>H\u00e1 quase dois milh\u00f5es de membros na Am\u00e9rica do Norte e, a n\u00edvel mundial, h\u00e1 mais de quatro milh\u00f5es e meio de membros.<\/p>\n<p>A Ma\u00e7onaria n\u00e3o tem religi\u00e3o, mas os membros da Ma\u00e7onaria devem acreditar num Ser Supremo, quer seja Deus, Jeov\u00e1, Al\u00e1 ou qualquer outro nome da Divindade, nas suas escrituras sagradas da B\u00edblia, na Tora ou no Cor\u00e3o. A Ma\u00e7onaria encoraja cada membro a ser activo na sua pr\u00f3pria religi\u00e3o.<\/p>\n<p>As nossas Lojas Ma\u00e7\u00f3nicas n\u00e3o se destinam a neg\u00f3cios ou a agendas pol\u00edticas ou religiosas. Os homens aderem \u00e0 ma\u00e7onaria pelo companheirismo, talvez haja uma tradi\u00e7\u00e3o familiar com pais, av\u00f3s ou tios numa Loja, ou em diferentes Lojas. Uma vez admitido, um Irm\u00e3o pode corresponder \u00e0s suas capacidades e seguir as muitas actividades que a Ma\u00e7onaria pode oferecer, mas nenhum Irm\u00e3o \u00e9 empurrado para al\u00e9m das suas possibilidades.<\/p>\n<p>O ritual dos tr\u00eas primeiros graus \u00e9 belo, de moralidade velada em alegoria e ilustrada por s\u00edmbolos, cada grau \u00e9 realizado com dignidade.<\/p>\n<p>Ser ma\u00e7on leva o seu tempo, talvez frequente uma Loja de Instru\u00e7\u00e3o semanal e a sua Loja pode reunir-se seis ou sete vezes por ano. Depois, encontrar\u00e1 o lado social da Ma\u00e7onaria, que permitir\u00e1 \u00e0 sua fam\u00edlia participar em churrascos, jantares, angaria\u00e7\u00e3o de fundos e muitos outros eventos, que nos unem como uma fam\u00edlia feliz.<\/p>\n<p>Dentro da Grande Loja haver\u00e1 Grandes Lojas Provinciais que cobrem diferentes \u00e1reas, cada uma com o seu pr\u00f3prio Gr\u00e3o-Mestre Provincial e os seus oficiais. Uma vez por ano, haver\u00e1 uma reuni\u00e3o anual de investidura da Grande Loja, quando todos os oficiais da Grande Loja s\u00e3o investidos.<\/p>\n<p>Ningu\u00e9m sabe ao certo o in\u00edcio da Ma\u00e7onaria, s\u00f3 o Grande Arquitecto do Universo pode responder a essa pergunta, mas provavelmente come\u00e7ou no s\u00e9culo XV com os artes\u00e3os que constru\u00edram magn\u00edficas catedrais, igrejas e castelos.<\/p>\n<p>Nesses tempos medievais, os artes\u00e3os estabeleciam projectos a longo prazo, tomavam refei\u00e7\u00f5es em conjunto, dormiam sob o mesmo tecto e estabeleciam uma Loja permanente, que era referida simplesmente como uma Loja. Actualmente, os ma\u00e7ons usam o mesmo termo &#8220;Loja&#8221; quando se re\u00fanem.<\/p>\n<p>Quando estes artes\u00e3os terminavam as suas tarefas num determinado local, levando os seus conhecimentos na cabe\u00e7a e as suas ferramentas num saco, estes Irm\u00e3os itinerantes dirigiam-se para o local do castelo ou da catedral seguinte. Nesses caminhos, os perigos eram muitos, roubos ou mesmo assass\u00ednios, pois eram dias sem lei. Por isso, nada mais natural do que procurar outros artes\u00e3os e pedir-lhes ajuda.<\/p>\n<p>Como \u00e9 que estes artes\u00e3os se reconheciam uns aos outros como ma\u00e7ons qualificados? Os nossos antigos Irm\u00e3os tinham uma palavra-passe para aceder a uma Loja.<\/p>\n<p>Como artes\u00e3os qualificados recebiam sal\u00e1rios elevados e, com o passar do tempo, as aldeias j\u00e1 n\u00e3o precisavam de defesas, a constru\u00e7\u00e3o mudou-se para as cidades, tal como os artes\u00e3os qualificados que se estabeleceram, criando ra\u00edzes e Lojas permanentes em todas as cidades. Estes artes\u00e3os tornaram-se a classe m\u00e9dia destas cidades, os vizinhos n\u00e3o podiam deixar de reparar na sua boa vida, depressa se tornou abundante a vontade de se juntarem a eles e uma vez que perguntaram a estes artes\u00e3os habilidosos a resposta foi &#8220;Sim&#8221;.<\/p>\n<p>A evolu\u00e7\u00e3o das Lojas Ma\u00e7\u00f3nicas passou de pedreiros a modeladores de homens, os artes\u00e3os eram chamados de Ma\u00e7ons Operativos e os que aderiam tornavam-se Ma\u00e7ons Especulativos.<\/p>\n<p>Por conseguinte, os artes\u00e3os mudaram ao longo dos tempos, mas os marcos permaneceram firmes e nunca mudar\u00e3o, pois t\u00eam uma hist\u00f3ria e um patrim\u00f3nio ricos.<\/p>\n<p>Se quiser saber mais, contacte o gabinete do Grande Secret\u00e1rio,<\/p>\n<p>ggransecglse@hotmail.com[\/vc_column_text][\/vc_column][vc_column width=&#8221;1\/2&#8243;]<div class=\"eut-element eut-image eut-align-center\" style=\"\"><img loading=\"lazy\" decoding=\"async\" width=\"2000\" height=\"2000\" src=\"https:\/\/glsei.org\/wp-content\/uploads\/2023\/04\/grid_0-23.jpg\" class=\"attachment-full size-full\" alt=\"\" srcset=\"https:\/\/glsei.org\/wp-content\/uploads\/2023\/04\/grid_0-23.jpg 2000w, https:\/\/glsei.org\/wp-content\/uploads\/2023\/04\/grid_0-23-300x300.jpg 300w, https:\/\/glsei.org\/wp-content\/uploads\/2023\/04\/grid_0-23-1024x1024.jpg 1024w, https:\/\/glsei.org\/wp-content\/uploads\/2023\/04\/grid_0-23-150x150.jpg 150w, https:\/\/glsei.org\/wp-content\/uploads\/2023\/04\/grid_0-23-768x768.jpg 768w, https:\/\/glsei.org\/wp-content\/uploads\/2023\/04\/grid_0-23-1536x1536.jpg 1536w, https:\/\/glsei.org\/wp-content\/uploads\/2023\/04\/grid_0-23-600x600.jpg 600w, https:\/\/glsei.org\/wp-content\/uploads\/2023\/04\/grid_0-23-1120x1120.jpg 1120w, https:\/\/glsei.org\/wp-content\/uploads\/2023\/04\/grid_0-23-1920x1920.jpg 1920w\" sizes=\"auto, (max-width: 2000px) 100vw, 2000px\" \/><\/div>[\/vc_column][\/vc_row][vc_row section_type=&#8221;fullwidth-element&#8221; margin_bottom=&#8221;0&#8243;][vc_column]<div class=\"eut-element eut-hr \" style=\"\"><div class=\"eut-line-divider\"><\/div><\/div>[\/vc_column][\/vc_row]<\/p>\n<\/section>","protected":false},"excerpt":{"rendered":"<p>[vc_row header_feature=&#8221;yes&#8221; padding_top=&#8221;120&#8243; padding_bottom=&#8221;120&#8243; margin_bottom=&#8221;0&#8243;][vc_column width=&#8221;1\/2&#8243;][vc_column_text animation=&#8221;fadeInLeft&#8221;] Informa\u00e7\u00e3o para Ma\u00e7ons &nbsp; Aviso Importante Como Ma\u00e7on da Gran Logia Simbolica, \u00e9 considerado impr\u00f3prio para a Ma\u00e7onaria comunicar com outras jurisdi\u00e7\u00f5es excepto atrav\u00e9s do Grande Secret\u00e1rio. Por favor, tome nota deste aviso muito importante. &#8230;&#8230;&#8230;&#8230;&#8230;&#8230;&#8230;&#8230;&#8230;&#8230;&#8230;&#8230;&#8230;&#8230;&#8230;&#8230;&#8230;&#8230;&#8230;&#8230;&#8230;&#8230;&#8230;&#8230;&#8230;&#8230;&#8230;&#8230;&#8230;&#8230;. Reuni\u00e3o Anual do Secret\u00e1rio da Loja Todos os anos esperamos poder realizar [&hellip;]<\/p>\n","protected":false},"author":1,"featured_media":0,"parent":0,"menu_order":0,"comment_status":"closed","ping_status":"closed","template":"","meta":{"footnotes":""},"class_list":["post-2631","page","type-page","status-publish","hentry"],"_links":{"self":[{"href":"https:\/\/glsei.org\/pt\/wp-json\/wp\/v2\/pages\/2631","targetHints":{"allow":["GET"]}}],"collection":[{"href":"https:\/\/glsei.org\/pt\/wp-json\/wp\/v2\/pages"}],"about":[{"href":"https:\/\/glsei.org\/pt\/wp-json\/wp\/v2\/types\/page"}],"author":[{"embeddable":true,"href":"https:\/\/glsei.org\/pt\/wp-json\/wp\/v2\/users\/1"}],"replies":[{"embeddable":true,"href":"https:\/\/glsei.org\/pt\/wp-json\/wp\/v2\/comments?post=2631"}],"version-history":[{"count":5,"href":"https:\/\/glsei.org\/pt\/wp-json\/wp\/v2\/pages\/2631\/revisions"}],"predecessor-version":[{"id":2636,"href":"https:\/\/glsei.org\/pt\/wp-json\/wp\/v2\/pages\/2631\/revisions\/2636"}],"wp:attachment":[{"href":"https:\/\/glsei.org\/pt\/wp-json\/wp\/v2\/media?parent=2631"}],"curies":[{"name":"wp","href":"https:\/\/api.w.org\/{rel}","templated":true}]}}