{"id":2570,"date":"2023-04-29T16:45:22","date_gmt":"2023-04-29T16:45:22","guid":{"rendered":"http:\/\/glsei.local\/?page_id=2570"},"modified":"2023-04-29T17:16:23","modified_gmt":"2023-04-29T17:16:23","slug":"joining-freemasonry","status":"publish","type":"page","link":"https:\/\/glsei.org\/pt\/joining-freemasonry\/","title":{"rendered":"ADES\u00c3O \u00c0 MA\u00c7ONARIA"},"content":{"rendered":"<section class=\"wpb-content-wrapper\"><p>[vc_row header_feature=&#8221;yes&#8221; padding_top=&#8221;120&#8243; padding_bottom=&#8221;120&#8243; margin_bottom=&#8221;0&#8243;][vc_column width=&#8221;1\/2&#8243;][vc_column_text animation=&#8221;fadeInLeft&#8221;]<\/p>\n<h3>Ades\u00e3o \u00e0 Ma\u00e7onaria<\/h3>\n<p>&nbsp;<\/p>\n<p>Sendo a maior Fraternidade do Mundo, a Ma\u00e7onaria pode orgulhar-se de ter Reis, Presidentes, Primeiros-Ministros, Almirantes, Generais, Ju\u00edzes de Tribunais Superiores, estrelas de cinema e o homem que vive na sua rua.<\/p>\n<p>A Ma\u00e7onaria est\u00e1 sempre \u00e0 procura de homens bons e verdadeiros, a partir dos 21 anos de idade.<\/p>\n<p>Em primeiro lugar, h\u00e1 algumas perguntas a responder e, se conseguir colocar a m\u00e3o no seu cora\u00e7\u00e3o, dizendo &#8220;sim, posso&#8221;, a Ma\u00e7onaria \u00e9 para si.<\/p>\n<p>&nbsp;<\/p>\n<p><strong>Acreditas em Deus?<\/strong><br \/>\nA Ma\u00e7onaria n\u00e3o tenta substituir a religi\u00e3o, mas \u00e9 preciso acreditar em Deus. Os ma\u00e7ons n\u00e3o se preocupam com a f\u00e9 de cada um, essa \u00e9 uma quest\u00e3o entre si e o seu Deus. No entanto, nenhum ateu pode tornar-se ma\u00e7on.<\/p>\n<p><strong>Quanto custa ser Ma\u00e7on?<\/strong><br \/>\nVaria de Loja para Loja, mas qualquer pessoa que deseje aderir poder\u00e1 encontrar uma Loja que se adeq\u00fae ao seu bolso. H\u00e1 uma taxa de inicia\u00e7\u00e3o e um avental para comprar. Um membro paga uma quotiza\u00e7\u00e3o anual \u00e0 sua Loja que cobre todos os custos administrativos. Ap\u00f3s a reuni\u00e3o, h\u00e1 normalmente uma refei\u00e7\u00e3o que custa entre 14 e 20 euros.<\/p>\n<p><strong>Os tr\u00eas grandes princ\u00edpios<\/strong><\/p>\n<p><strong>Amor Fraterno<\/strong>, todo o verdadeiro ma\u00e7on mostrar\u00e1 toler\u00e2ncia e respeito pelas opini\u00f5es dos outros e comportar-se-\u00e1 com bondade e compreens\u00e3o para com os seus semelhantes.<\/p>\n<p><strong>Socorro<\/strong>, os ma\u00e7ons s\u00e3o ensinados a praticar a caridade e a cuidar, n\u00e3o apenas dos seus, mas tamb\u00e9m da comunidade como um todo, tanto por meio de doa\u00e7\u00f5es de caridade, como por esfor\u00e7os volunt\u00e1rios e trabalhos individuais.<\/p>\n<p><strong>Caridade<\/strong>, Desde os primeiros dias, a Ma\u00e7onaria tem-se preocupado com o cuidado dos \u00f3rf\u00e3os, dos doentes e dos idosos, este trabalho continua hoje, somas de dinheiro s\u00e3o dadas a institui\u00e7\u00f5es de caridade nacionais e locais.<\/p>\n<p><strong>A Ma\u00e7onaria e a Sociedade:<\/strong>\u00a0os Ma\u00e7ons acreditam que um pa\u00eds \u00e9 forte enquanto a liberdade, a igualdade e a oportunidade de desenvolvimento humano forem proporcionadas a todos. Um Ma\u00e7on \u00e9 fiel \u00e0 lei do seu pa\u00eds e apoia a sua autoridade quando ambas s\u00e3o aplicadas de forma justa e equitativa. A utiliza\u00e7\u00e3o por um Ma\u00e7on da sua qualidade de membro para promover os seus pr\u00f3prios interesses profissionais ou pessoais, ou os de qualquer outra pessoa, \u00e9 condenada e \u00e9 contr\u00e1ria \u00e0s condi\u00e7\u00f5es em que procurou ser admitido na Ma\u00e7onaria.<\/p>\n<p>Os Ma\u00e7ons devem mostrar compaix\u00e3o para com os outros, acreditamos numa certa refer\u00eancia para com os seres vivos, ternura para com as pessoas que sofrem. Uma bondade amorosa para com o nosso semelhante e um desejo de fazer o que \u00e9 correcto porque \u00e9 correcto. A Ma\u00e7onaria ensina que, embora todos os homens sejam fal\u00edveis e capazes de cometer muitos erros, quando descobrem a bondade do cora\u00e7\u00e3o, encontram a verdadeira ess\u00eancia da virtude. A Ma\u00e7onaria ajuda os homens a verem o seu potencial para a bondade e virtude profundas.<\/p>\n<p><strong>Acredita que os homens devem esfor\u00e7ar-se por viver uma vida fraterna?<\/strong><br \/>\nOs Ma\u00e7ons v\u00eaem a fraternidade como uma forma de sabedoria, um la\u00e7o que mant\u00e9m os homens unidos, uma amizade privada que nos diz que devemos uns aos outros ser justos nas nossas rela\u00e7\u00f5es e recusar falar mal uns dos outros.<\/p>\n<p>Se respondeu &#8220;sim&#8221;, deve considerar tornar-se ma\u00e7on.<\/p>\n<p>A Ma\u00e7onaria oferece muito aos seus membros, a oportunidade de crescer, a oportunidade de fazer a diferen\u00e7a, de construir um mundo melhor para os nossos filhos. Oferece a oportunidade de estar e trabalhar com homens que t\u00eam os mesmos valores e ideais, homens que responderam &#8220;Sim&#8221; a estas perguntas.<\/p>\n<p>\u00c9 f\u00e1cil saber mais. Basta enviar uma mensagem de correio electr\u00f3nico ao Grande Secret\u00e1rio ou, se souber onde se realiza a Loja local, apare\u00e7a e veja que o Secret\u00e1rio ter\u00e1 todo o prazer em ajud\u00e1-lo.<\/p>\n<p>Se j\u00e1 pensou em tornar-se ma\u00e7on, gostar\u00edamos de ter a oportunidade de falar consigo.<\/p>\n<p>gransecglse@hotmail.com[\/vc_column_text][\/vc_column][vc_column width=&#8221;1\/2&#8243;]<div class=\"eut-element eut-image eut-align-center\" style=\"\"><img loading=\"lazy\" decoding=\"async\" width=\"2000\" height=\"1333\" src=\"https:\/\/glsei.org\/wp-content\/uploads\/2023\/04\/grid_0-15.jpg\" class=\"attachment-full size-full\" alt=\"\" srcset=\"https:\/\/glsei.org\/wp-content\/uploads\/2023\/04\/grid_0-15.jpg 2000w, https:\/\/glsei.org\/wp-content\/uploads\/2023\/04\/grid_0-15-300x200.jpg 300w, https:\/\/glsei.org\/wp-content\/uploads\/2023\/04\/grid_0-15-1024x682.jpg 1024w, https:\/\/glsei.org\/wp-content\/uploads\/2023\/04\/grid_0-15-768x512.jpg 768w, https:\/\/glsei.org\/wp-content\/uploads\/2023\/04\/grid_0-15-1536x1024.jpg 1536w, https:\/\/glsei.org\/wp-content\/uploads\/2023\/04\/grid_0-15-1920x1280.jpg 1920w\" sizes=\"auto, (max-width: 2000px) 100vw, 2000px\" \/><\/div><div class=\"eut-element eut-hr \" style=\"\"><div class=\"eut-line-divider\"><\/div><\/div>[vc_raw_html]JTVCY29udGFjdC1mb3JtLTclMjBpZCUzRCUyMjI0MzUlMjIlMjB0aXRsZSUzRCUyMkNvbnRhY3QlMjBQT1JUVUdVRVNFJTIyJTVE[\/vc_raw_html][\/vc_column][\/vc_row][vc_row section_type=&#8221;fullwidth-element&#8221; margin_bottom=&#8221;0&#8243;][vc_column]<div class=\"eut-element eut-hr \" style=\"\"><div class=\"eut-line-divider\"><\/div><\/div>[\/vc_column][\/vc_row]<\/p>\n<\/section>","protected":false},"excerpt":{"rendered":"<p>[vc_row header_feature=&#8221;yes&#8221; padding_top=&#8221;120&#8243; padding_bottom=&#8221;120&#8243; margin_bottom=&#8221;0&#8243;][vc_column width=&#8221;1\/2&#8243;][vc_column_text animation=&#8221;fadeInLeft&#8221;] Ades\u00e3o \u00e0 Ma\u00e7onaria &nbsp; Sendo a maior Fraternidade do Mundo, a Ma\u00e7onaria pode orgulhar-se de ter Reis, Presidentes, Primeiros-Ministros, Almirantes, Generais, Ju\u00edzes de Tribunais Superiores, estrelas de cinema e o homem que vive na sua rua. A Ma\u00e7onaria est\u00e1 sempre \u00e0 procura de homens bons e verdadeiros, a [&hellip;]<\/p>\n","protected":false},"author":1,"featured_media":0,"parent":0,"menu_order":0,"comment_status":"closed","ping_status":"closed","template":"","meta":{"footnotes":""},"class_list":["post-2570","page","type-page","status-publish","hentry"],"_links":{"self":[{"href":"https:\/\/glsei.org\/pt\/wp-json\/wp\/v2\/pages\/2570","targetHints":{"allow":["GET"]}}],"collection":[{"href":"https:\/\/glsei.org\/pt\/wp-json\/wp\/v2\/pages"}],"about":[{"href":"https:\/\/glsei.org\/pt\/wp-json\/wp\/v2\/types\/page"}],"author":[{"embeddable":true,"href":"https:\/\/glsei.org\/pt\/wp-json\/wp\/v2\/users\/1"}],"replies":[{"embeddable":true,"href":"https:\/\/glsei.org\/pt\/wp-json\/wp\/v2\/comments?post=2570"}],"version-history":[{"count":16,"href":"https:\/\/glsei.org\/pt\/wp-json\/wp\/v2\/pages\/2570\/revisions"}],"predecessor-version":[{"id":2586,"href":"https:\/\/glsei.org\/pt\/wp-json\/wp\/v2\/pages\/2570\/revisions\/2586"}],"wp:attachment":[{"href":"https:\/\/glsei.org\/pt\/wp-json\/wp\/v2\/media?parent=2570"}],"curies":[{"name":"wp","href":"https:\/\/api.w.org\/{rel}","templated":true}]}}