{"id":2562,"date":"2023-04-29T16:03:13","date_gmt":"2023-04-29T16:03:13","guid":{"rendered":"http:\/\/glsei.local\/?page_id=2562"},"modified":"2023-05-01T14:36:44","modified_gmt":"2023-05-01T12:36:44","slug":"grand-lodge-toast-list","status":"publish","type":"page","link":"https:\/\/glsei.org\/pt\/grand-lodge-toast-list\/","title":{"rendered":"LISTA DE BRINDES DA GRANDE LOJA"},"content":{"rendered":"<section class=\"wpb-content-wrapper\"><p>[vc_row header_feature=&#8221;yes&#8221; padding_top=&#8221;120&#8243; padding_bottom=&#8221;120&#8243; margin_bottom=&#8221;0&#8243;][vc_column width=&#8221;1\/2&#8243;][vc_column_text animation=&#8221;fadeInLeft&#8221;]<\/p>\n<h3>Lista de Brindes da Grande Loja<\/h3>\n<p>&nbsp;<\/p>\n<p>Ao Rei Felipe VI<\/p>\n<p>Para os Chefes de Estado que reconhecem a Ma\u00e7onaria.<\/p>\n<p>Para o Gr\u00e3o-Mestre Maior MVH Ian Leslie Hutchinson<\/p>\n<p>Para o Gr\u00e3o-Mestre Adjunto R.W.Bro. Leslie Geyser<\/p>\n<p>Para o Gr\u00e3o-Mestre Assistente R.W.Bro. Joao Falcao<\/p>\n<p>E por todos os outros Grandes Oficiais actuais e passados.<\/p>\n<p>Pelo Gr\u00e3o-Mestre Provincial<\/p>\n<p>Pelo Gr\u00e3o-Mestre Provincial Adjunto<br \/>\nE para o resto dos Grandes Oficiais Provinciais.<\/p>\n<p>Para o Vener\u00e1vel Mestre<\/p>\n<p>Para o Candidato<\/p>\n<p>Para os visitantes.<\/p>\n<p>Brinde do Tyler[\/vc_column_text][\/vc_column][vc_column width=&#8221;1\/2&#8243;]<div class=\"eut-element eut-image eut-align-center\" style=\"\"><img loading=\"lazy\" decoding=\"async\" width=\"1024\" height=\"1024\" src=\"https:\/\/glsei.org\/wp-content\/uploads\/2023\/04\/grid_0-40.png\" class=\"attachment-full size-full\" alt=\"\" srcset=\"https:\/\/glsei.org\/wp-content\/uploads\/2023\/04\/grid_0-40.png 1024w, https:\/\/glsei.org\/wp-content\/uploads\/2023\/04\/grid_0-40-300x300.png 300w, https:\/\/glsei.org\/wp-content\/uploads\/2023\/04\/grid_0-40-150x150.png 150w, https:\/\/glsei.org\/wp-content\/uploads\/2023\/04\/grid_0-40-768x768.png 768w, https:\/\/glsei.org\/wp-content\/uploads\/2023\/04\/grid_0-40-600x600.png 600w\" sizes=\"auto, (max-width: 1024px) 100vw, 1024px\" \/><\/div>[\/vc_column][\/vc_row][vc_row section_type=&#8221;fullwidth-element&#8221; margin_bottom=&#8221;0&#8243;][vc_column]<div class=\"eut-element eut-hr \" style=\"\"><div class=\"eut-line-divider\"><\/div><\/div>[\/vc_column][\/vc_row]<\/p>\n<\/section>","protected":false},"excerpt":{"rendered":"<p>[vc_row header_feature=&#8221;yes&#8221; padding_top=&#8221;120&#8243; padding_bottom=&#8221;120&#8243; margin_bottom=&#8221;0&#8243;][vc_column width=&#8221;1\/2&#8243;][vc_column_text animation=&#8221;fadeInLeft&#8221;] Lista de Brindes da Grande Loja &nbsp; Ao Rei Felipe VI Para os Chefes de Estado que reconhecem a Ma\u00e7onaria. Para o Gr\u00e3o-Mestre Maior MVH Ian Leslie Hutchinson Para o Gr\u00e3o-Mestre Adjunto R.W.Bro. Leslie Geyser Para o Gr\u00e3o-Mestre Assistente R.W.Bro. Joao Falcao E por todos os outros Grandes [&hellip;]<\/p>\n","protected":false},"author":1,"featured_media":0,"parent":0,"menu_order":0,"comment_status":"closed","ping_status":"closed","template":"","meta":{"footnotes":""},"class_list":["post-2562","page","type-page","status-publish","hentry"],"_links":{"self":[{"href":"https:\/\/glsei.org\/pt\/wp-json\/wp\/v2\/pages\/2562","targetHints":{"allow":["GET"]}}],"collection":[{"href":"https:\/\/glsei.org\/pt\/wp-json\/wp\/v2\/pages"}],"about":[{"href":"https:\/\/glsei.org\/pt\/wp-json\/wp\/v2\/types\/page"}],"author":[{"embeddable":true,"href":"https:\/\/glsei.org\/pt\/wp-json\/wp\/v2\/users\/1"}],"replies":[{"embeddable":true,"href":"https:\/\/glsei.org\/pt\/wp-json\/wp\/v2\/comments?post=2562"}],"version-history":[{"count":9,"href":"https:\/\/glsei.org\/pt\/wp-json\/wp\/v2\/pages\/2562\/revisions"}],"predecessor-version":[{"id":2710,"href":"https:\/\/glsei.org\/pt\/wp-json\/wp\/v2\/pages\/2562\/revisions\/2710"}],"wp:attachment":[{"href":"https:\/\/glsei.org\/pt\/wp-json\/wp\/v2\/media?parent=2562"}],"curies":[{"name":"wp","href":"https:\/\/api.w.org\/{rel}","templated":true}]}}