{"id":2552,"date":"2023-04-29T15:05:53","date_gmt":"2023-04-29T15:05:53","guid":{"rendered":"http:\/\/glsei.local\/?page_id=2552"},"modified":"2023-04-29T15:44:08","modified_gmt":"2023-04-29T15:44:08","slug":"royal-arch-chapter","status":"publish","type":"page","link":"https:\/\/glsei.org\/pt\/royal-arch-chapter\/","title":{"rendered":"CAP\u00cdTULO DO ARCO REAL"},"content":{"rendered":"<section class=\"wpb-content-wrapper\"><p>[vc_row header_feature=&#8221;yes&#8221; padding_top=&#8221;120&#8243; padding_bottom=&#8221;120&#8243; margin_bottom=&#8221;0&#8243;][vc_column width=&#8221;1\/2&#8243;][vc_column_text animation=&#8221;fadeInLeft&#8221;]<\/p>\n<h3 class=\"itemTitle\">Cap\u00edtulo do Arco Real<\/h3>\n<p>Neste mundo em constante mudan\u00e7a, o ritual ma\u00e7\u00f3nico tamb\u00e9m \u00e9 mut\u00e1vel. O que recebemos dos nossos pais ma\u00e7\u00f3nicos \u00e9 bom e maravilhoso, que tem sido examinado e alterado de tempos a tempos. Infelizmente algumas das altera\u00e7\u00f5es que foram feitas n\u00e3o foram feitas de acordo com os melhores conhecimentos e tradi\u00e7\u00f5es ma\u00e7\u00f3nicas.<\/p>\n<p>O comit\u00e9 executivo da Grande Loja examinou e discutiu minuciosamente estas altera\u00e7\u00f5es e apresentou agora uma forma razo\u00e1vel e um ritual padr\u00e3o, que recomendamos \u00e0 aten\u00e7\u00e3o simp\u00e1tica dos nossos Ma\u00e7ons do Arco Real.<\/p>\n<p>A nossa recomenda\u00e7\u00e3o do ritual tem uma boa raz\u00e3o, pois permite que diferentes companheiros partilhem o ritual desta forma &#8220;significa uma mudan\u00e7a de voz, tornando assim os presentes mais atentos e receptivos ao significado do ritual do Real Arco.<\/p>\n<p>A este respeito, Companheiros, o Irm\u00e3o Rudyard Kipling disse: &#8220;H\u00e1 nove e sessenta maneiras de construir lendas tribais, e cada uma delas \u00e9 correcta&#8221;. Este princ\u00edpio n\u00e3o \u00e9 menos verdadeiro para a Ma\u00e7onaria.[\/vc_column_text]<div class=\"eut-element eut-hr \" style=\"\"><div class=\"eut-line-divider\"><\/div><\/div>[vc_column_text]<\/p>\n<p align=\"left\"><strong>Cap\u00edtulos do Arco Real<\/strong><\/p>\n<p align=\"left\">Temple Guard Cap\u00edtulo #1<\/p>\n<p align=\"left\">Sinceridad Cap\u00edtulo #2<\/p>\n<p align=\"left\">Renascence Cap\u00edtulo #3<\/p>\n<p>Lanzarote Cap\u00edtulo #4[\/vc_column_text][\/vc_column][vc_column width=&#8221;1\/2&#8243;]<div class=\"eut-element eut-image eut-align-center\" style=\"\"><img loading=\"lazy\" decoding=\"async\" width=\"1024\" height=\"1024\" src=\"https:\/\/glsei.org\/wp-content\/uploads\/2023\/04\/grid_0-39.png\" class=\"attachment-full size-full\" alt=\"\" srcset=\"https:\/\/glsei.org\/wp-content\/uploads\/2023\/04\/grid_0-39.png 1024w, https:\/\/glsei.org\/wp-content\/uploads\/2023\/04\/grid_0-39-300x300.png 300w, https:\/\/glsei.org\/wp-content\/uploads\/2023\/04\/grid_0-39-150x150.png 150w, https:\/\/glsei.org\/wp-content\/uploads\/2023\/04\/grid_0-39-768x768.png 768w, https:\/\/glsei.org\/wp-content\/uploads\/2023\/04\/grid_0-39-600x600.png 600w\" sizes=\"auto, (max-width: 1024px) 100vw, 1024px\" \/><\/div>[\/vc_column][\/vc_row][vc_row section_type=&#8221;fullwidth-element&#8221; margin_bottom=&#8221;0&#8243;][vc_column]<div class=\"eut-element eut-hr \" style=\"\"><div class=\"eut-line-divider\"><\/div><\/div>[\/vc_column][\/vc_row]<\/p>\n<\/section>","protected":false},"excerpt":{"rendered":"<p>[vc_row header_feature=&#8221;yes&#8221; padding_top=&#8221;120&#8243; padding_bottom=&#8221;120&#8243; margin_bottom=&#8221;0&#8243;][vc_column width=&#8221;1\/2&#8243;][vc_column_text animation=&#8221;fadeInLeft&#8221;] Cap\u00edtulo do Arco Real Neste mundo em constante mudan\u00e7a, o ritual ma\u00e7\u00f3nico tamb\u00e9m \u00e9 mut\u00e1vel. O que recebemos dos nossos pais ma\u00e7\u00f3nicos \u00e9 bom e maravilhoso, que tem sido examinado e alterado de tempos a tempos. Infelizmente algumas das altera\u00e7\u00f5es que foram feitas n\u00e3o foram feitas de acordo [&hellip;]<\/p>\n","protected":false},"author":1,"featured_media":0,"parent":0,"menu_order":0,"comment_status":"closed","ping_status":"closed","template":"","meta":{"footnotes":""},"class_list":["post-2552","page","type-page","status-publish","hentry"],"_links":{"self":[{"href":"https:\/\/glsei.org\/pt\/wp-json\/wp\/v2\/pages\/2552","targetHints":{"allow":["GET"]}}],"collection":[{"href":"https:\/\/glsei.org\/pt\/wp-json\/wp\/v2\/pages"}],"about":[{"href":"https:\/\/glsei.org\/pt\/wp-json\/wp\/v2\/types\/page"}],"author":[{"embeddable":true,"href":"https:\/\/glsei.org\/pt\/wp-json\/wp\/v2\/users\/1"}],"replies":[{"embeddable":true,"href":"https:\/\/glsei.org\/pt\/wp-json\/wp\/v2\/comments?post=2552"}],"version-history":[{"count":7,"href":"https:\/\/glsei.org\/pt\/wp-json\/wp\/v2\/pages\/2552\/revisions"}],"predecessor-version":[{"id":2561,"href":"https:\/\/glsei.org\/pt\/wp-json\/wp\/v2\/pages\/2552\/revisions\/2561"}],"wp:attachment":[{"href":"https:\/\/glsei.org\/pt\/wp-json\/wp\/v2\/media?parent=2552"}],"curies":[{"name":"wp","href":"https:\/\/api.w.org\/{rel}","templated":true}]}}