{"id":2536,"date":"2023-04-29T14:13:05","date_gmt":"2023-04-29T14:13:05","guid":{"rendered":"http:\/\/glsei.local\/?page_id=2536"},"modified":"2023-04-29T15:00:28","modified_gmt":"2023-04-29T15:00:28","slug":"lodges","status":"publish","type":"page","link":"https:\/\/glsei.org\/pt\/lodges\/","title":{"rendered":"LOJAS"},"content":{"rendered":"<section class=\"wpb-content-wrapper\"><p>[vc_row header_feature=&#8221;yes&#8221; padding_top=&#8221;120&#8243; padding_bottom=&#8221;120&#8243; margin_bottom=&#8221;0&#8243;][vc_column width=&#8221;1\/2&#8243;]<div class=\"eut-element eut-slogan eut-align-left\" style=\"\"><div class=\"eut-subtitle\">LOJA<\/div><h5 class=\"eut-slogan-title eut-align-left eut-title-line\"><span>CAMULOT #1<\/span><\/h5><\/div><div class=\"eut-element eut-slogan eut-align-left\" style=\"\"><div class=\"eut-subtitle\">LOJA<\/div><h5 class=\"eut-slogan-title eut-align-left eut-title-line\"><span>PERSEVERANCIA Y SINCERIDAD #2<\/span><\/h5><\/div><div class=\"eut-element eut-slogan eut-align-left\" style=\"\"><div class=\"eut-subtitle\">LOJA<\/div><h5 class=\"eut-slogan-title eut-align-left eut-title-line\"><span>S\u00e3o Jorge #3<\/span><\/h5><\/div><div class=\"eut-element eut-slogan eut-align-left\" style=\"\"><div class=\"eut-subtitle\">LOJA<\/div><h5 class=\"eut-slogan-title eut-align-left eut-title-line\"><span>Cortintia #4<\/span><\/h5><\/div><div class=\"eut-element eut-slogan eut-align-left\" style=\"\"><div class=\"eut-subtitle\">LOJA<\/div><h5 class=\"eut-slogan-title eut-align-left eut-title-line\"><span>Santiago #5<\/span><\/h5><\/div><div class=\"eut-element eut-slogan eut-align-left\" style=\"\"><div class=\"eut-subtitle\">LOJA<\/div><h5 class=\"eut-slogan-title eut-align-left eut-title-line\"><span>Lancelot #6<\/span><\/h5><\/div><div class=\"eut-element eut-slogan eut-align-left\" style=\"\"><div class=\"eut-subtitle\">LOJA<\/div><h5 class=\"eut-slogan-title eut-align-left eut-title-line\"><span>Concord #7<\/span><\/h5><\/div><div class=\"eut-element eut-slogan eut-align-left\" style=\"\"><div class=\"eut-subtitle\">LOJA<\/div><h5 class=\"eut-slogan-title eut-align-left eut-title-line\"><span>Unity #8<\/span><\/h5><\/div><div class=\"eut-element eut-slogan eut-align-left\" style=\"\"><div class=\"eut-subtitle\">LOJA<\/div><h5 class=\"eut-slogan-title eut-align-left eut-title-line\"><span>Jonica #9<\/span><\/h5>  <p class=\"\">A Grande Loja consagrou a Loja Jonica n\u00ba 9 na sexta-feira, 25 de Mar\u00e7o, consagrada pelo M.W.Bro. Ian L Hutchinson GM<\/p><\/div><div class=\"eut-element eut-slogan eut-align-left\" style=\"\"><div class=\"eut-subtitle\">LOJA<\/div><h5 class=\"eut-slogan-title eut-align-left eut-title-line\"><span>Portal #10<\/span><\/h5>  <p class=\"\">Temos o prazer de informar os Irm\u00e3os que a Gran Logia ir\u00e1 consagrar a seguinte Loja &#8220;Portal Lodge&#8221; mais detalhes ser\u00e3o anunciados pelo Grande Secret\u00e1rio.<\/p><\/div>[\/vc_column][vc_column width=&#8221;1\/2&#8243;]<div class=\"eut-element eut-image eut-align-center\" style=\"\"><img loading=\"lazy\" decoding=\"async\" width=\"2000\" height=\"2000\" src=\"https:\/\/glsei.org\/wp-content\/uploads\/2023\/04\/grid_0-17.jpg\" class=\"attachment-full size-full\" alt=\"\" srcset=\"https:\/\/glsei.org\/wp-content\/uploads\/2023\/04\/grid_0-17.jpg 2000w, https:\/\/glsei.org\/wp-content\/uploads\/2023\/04\/grid_0-17-300x300.jpg 300w, https:\/\/glsei.org\/wp-content\/uploads\/2023\/04\/grid_0-17-1024x1024.jpg 1024w, https:\/\/glsei.org\/wp-content\/uploads\/2023\/04\/grid_0-17-150x150.jpg 150w, https:\/\/glsei.org\/wp-content\/uploads\/2023\/04\/grid_0-17-768x768.jpg 768w, https:\/\/glsei.org\/wp-content\/uploads\/2023\/04\/grid_0-17-1536x1536.jpg 1536w, https:\/\/glsei.org\/wp-content\/uploads\/2023\/04\/grid_0-17-600x600.jpg 600w, https:\/\/glsei.org\/wp-content\/uploads\/2023\/04\/grid_0-17-1120x1120.jpg 1120w, https:\/\/glsei.org\/wp-content\/uploads\/2023\/04\/grid_0-17-1920x1920.jpg 1920w\" sizes=\"auto, (max-width: 2000px) 100vw, 2000px\" \/><\/div>[\/vc_column][\/vc_row][vc_row section_type=&#8221;fullwidth-element&#8221; margin_bottom=&#8221;0&#8243;][vc_column]<div class=\"eut-element eut-hr \" style=\"\"><div class=\"eut-line-divider\"><\/div><\/div>[\/vc_column][\/vc_row]<\/p>\n<\/section>","protected":false},"excerpt":{"rendered":"<p>[vc_row header_feature=&#8221;yes&#8221; padding_top=&#8221;120&#8243; padding_bottom=&#8221;120&#8243; margin_bottom=&#8221;0&#8243;][vc_column width=&#8221;1\/2&#8243;][\/vc_column][vc_column width=&#8221;1\/2&#8243;][\/vc_column][\/vc_row][vc_row section_type=&#8221;fullwidth-element&#8221; margin_bottom=&#8221;0&#8243;][vc_column][\/vc_column][\/vc_row]<\/p>\n","protected":false},"author":1,"featured_media":0,"parent":0,"menu_order":0,"comment_status":"closed","ping_status":"closed","template":"","meta":{"footnotes":""},"class_list":["post-2536","page","type-page","status-publish","hentry"],"_links":{"self":[{"href":"https:\/\/glsei.org\/pt\/wp-json\/wp\/v2\/pages\/2536","targetHints":{"allow":["GET"]}}],"collection":[{"href":"https:\/\/glsei.org\/pt\/wp-json\/wp\/v2\/pages"}],"about":[{"href":"https:\/\/glsei.org\/pt\/wp-json\/wp\/v2\/types\/page"}],"author":[{"embeddable":true,"href":"https:\/\/glsei.org\/pt\/wp-json\/wp\/v2\/users\/1"}],"replies":[{"embeddable":true,"href":"https:\/\/glsei.org\/pt\/wp-json\/wp\/v2\/comments?post=2536"}],"version-history":[{"count":15,"href":"https:\/\/glsei.org\/pt\/wp-json\/wp\/v2\/pages\/2536\/revisions"}],"predecessor-version":[{"id":2551,"href":"https:\/\/glsei.org\/pt\/wp-json\/wp\/v2\/pages\/2536\/revisions\/2551"}],"wp:attachment":[{"href":"https:\/\/glsei.org\/pt\/wp-json\/wp\/v2\/media?parent=2536"}],"curies":[{"name":"wp","href":"https:\/\/api.w.org\/{rel}","templated":true}]}}