{"id":2530,"date":"2023-04-25T19:15:42","date_gmt":"2023-04-25T19:15:42","guid":{"rendered":"http:\/\/glsei.local\/?page_id=2530"},"modified":"2023-04-25T19:28:12","modified_gmt":"2023-04-25T19:28:12","slug":"grand-lodge-annual-meeting","status":"publish","type":"page","link":"https:\/\/glsei.org\/pt\/grand-lodge-annual-meeting\/","title":{"rendered":"ENCONTRO ANUAL DA GRANDE LOJA"},"content":{"rendered":"<section class=\"wpb-content-wrapper\"><p>[vc_row header_feature=&#8221;yes&#8221; padding_top=&#8221;120&#8243; padding_bottom=&#8221;120&#8243; margin_bottom=&#8221;0&#8243;][vc_column width=&#8221;1\/2&#8243;][vc_column_text animation=&#8221;fadeInLeft&#8221;]<\/p>\n<h3 class=\"itemTitle\">Encontro Anual da Grande Loja<\/h3>\n<p>A Reuni\u00e3o Anual da Grande Loja realiza-se no primeiro s\u00e1bado de Mar\u00e7o de cada ano.<\/p>\n<p>Este ano de 2023, a Assembleia realizou-se no dia 4 de Mar\u00e7o.<\/p>\n<p>A reuni\u00e3o da Comunica\u00e7\u00e3o Trimestral realizar-se-\u00e1 na terceira sexta-feira de Novembro de cada ano. A data exacta, em caso de eventuais altera\u00e7\u00f5es, ser\u00e1 comunicada posteriormente.<\/p>\n<p>Para 2024, a data ser\u00e1 comunicada quando a reuni\u00e3o estiver pr\u00f3xima da sua realiza\u00e7\u00e3o.<\/p>\n<p>A Assembleia Geral reunir-se-\u00e1 em tr\u00eas ocasi\u00f5es: Na quarta sexta-feira de Janeiro, na primeira sexta-feira de Junho e tamb\u00e9m na primeira sexta-feira de Outubro.[\/vc_column_text][\/vc_column][vc_column width=&#8221;1\/2&#8243;]<div class=\"eut-element eut-image eut-align-center\" style=\"\"><img loading=\"lazy\" decoding=\"async\" width=\"1024\" height=\"1024\" src=\"https:\/\/glsei.org\/wp-content\/uploads\/2023\/04\/grid_0-37.png\" class=\"attachment-full size-full\" alt=\"\" srcset=\"https:\/\/glsei.org\/wp-content\/uploads\/2023\/04\/grid_0-37.png 1024w, https:\/\/glsei.org\/wp-content\/uploads\/2023\/04\/grid_0-37-300x300.png 300w, https:\/\/glsei.org\/wp-content\/uploads\/2023\/04\/grid_0-37-150x150.png 150w, https:\/\/glsei.org\/wp-content\/uploads\/2023\/04\/grid_0-37-768x768.png 768w, https:\/\/glsei.org\/wp-content\/uploads\/2023\/04\/grid_0-37-600x600.png 600w\" sizes=\"auto, (max-width: 1024px) 100vw, 1024px\" \/><\/div>[\/vc_column][\/vc_row][vc_row section_type=&#8221;fullwidth-element&#8221; margin_bottom=&#8221;0&#8243;][vc_column]<div class=\"eut-element eut-hr \" style=\"\"><div class=\"eut-line-divider\"><\/div><\/div>[\/vc_column][\/vc_row]<\/p>\n<\/section>","protected":false},"excerpt":{"rendered":"<p>[vc_row header_feature=&#8221;yes&#8221; padding_top=&#8221;120&#8243; padding_bottom=&#8221;120&#8243; margin_bottom=&#8221;0&#8243;][vc_column width=&#8221;1\/2&#8243;][vc_column_text animation=&#8221;fadeInLeft&#8221;] Encontro Anual da Grande Loja A Reuni\u00e3o Anual da Grande Loja realiza-se no primeiro s\u00e1bado de Mar\u00e7o de cada ano. Este ano de 2023, a Assembleia realizou-se no dia 4 de Mar\u00e7o. A reuni\u00e3o da Comunica\u00e7\u00e3o Trimestral realizar-se-\u00e1 na terceira sexta-feira de Novembro de cada ano. A data [&hellip;]<\/p>\n","protected":false},"author":1,"featured_media":0,"parent":0,"menu_order":0,"comment_status":"closed","ping_status":"closed","template":"","meta":{"footnotes":""},"class_list":["post-2530","page","type-page","status-publish","hentry"],"_links":{"self":[{"href":"https:\/\/glsei.org\/pt\/wp-json\/wp\/v2\/pages\/2530","targetHints":{"allow":["GET"]}}],"collection":[{"href":"https:\/\/glsei.org\/pt\/wp-json\/wp\/v2\/pages"}],"about":[{"href":"https:\/\/glsei.org\/pt\/wp-json\/wp\/v2\/types\/page"}],"author":[{"embeddable":true,"href":"https:\/\/glsei.org\/pt\/wp-json\/wp\/v2\/users\/1"}],"replies":[{"embeddable":true,"href":"https:\/\/glsei.org\/pt\/wp-json\/wp\/v2\/comments?post=2530"}],"version-history":[{"count":3,"href":"https:\/\/glsei.org\/pt\/wp-json\/wp\/v2\/pages\/2530\/revisions"}],"predecessor-version":[{"id":2534,"href":"https:\/\/glsei.org\/pt\/wp-json\/wp\/v2\/pages\/2530\/revisions\/2534"}],"wp:attachment":[{"href":"https:\/\/glsei.org\/pt\/wp-json\/wp\/v2\/media?parent=2530"}],"curies":[{"name":"wp","href":"https:\/\/api.w.org\/{rel}","templated":true}]}}