{"id":2286,"date":"2016-01-03T23:25:57","date_gmt":"2016-01-03T23:25:57","guid":{"rendered":"http:\/\/glsei.local\/home-classic\/"},"modified":"2023-04-25T17:22:57","modified_gmt":"2023-04-25T17:22:57","slug":"home-classic","status":"publish","type":"page","link":"https:\/\/glsei.org\/pt\/","title":{"rendered":"Inicial"},"content":{"rendered":"<section class=\"wpb-content-wrapper\"><p>[vc_column][\/vc_column][vc_row bg_type=&#8221;color&#8221; header_feature=&#8221;yes&#8221; padding_top=&#8221;120&#8243; padding_bottom=&#8221;120&#8243; margin_bottom=&#8221;0&#8243; bg_color=&#8221;#f7f7f7&#8243;][vc_column]<div class=\"eut-element eut-slogan eut-align-center eut-animated-item eut-fadeInUp\" style=\"\" data-delay=\"200\"><h3 class=\"eut-slogan-title eut-align-center eut-title-line\"><span>Sauda\u00e7\u00f5es<\/span><\/h3>  <p class=\"\">Temos o prazer de lhe dar as boas-vindas, em nome de toda a Irmandade, ao website oficial da Gran Logia Simb\u00f3lica de Espa\u00f1a e Iberia.<\/p>\n<p>Desenvolvemos este website como forma de partilhar as nossas actividades passadas, presentes e futuras.<\/p>\n<p>O nosso objectivo \u00e9 ser o mais informativo poss\u00edvel para todos os Ma\u00e7ons e Visitantes. Por favor, veja todo o nosso s\u00edtio web.<\/p>\n<p>Se tiver alguma quest\u00e3o, utilize o formul\u00e1rio de contacto no final desta p\u00e1gina.<\/p>\n<p>O nosso escrit\u00f3rio est\u00e1 aberto entre as 9h-12h, por isso, por favor, seja paciente e aguarde por uma resposta.<\/p>\n<p>Grande Secret\u00e1rio.<\/p><\/div>[\/vc_column][vc_column][vc_empty_space height=&#8221;40&#8243;][\/vc_column][\/vc_row][vc_row heading_color=&#8221;light&#8221; bg_type=&#8221;image&#8221; bg_image=&#8221;2376&#8243; bg_image_type=&#8221;parallax&#8221; color_overlay=&#8221;dark&#8221; opacity_overlay=&#8221;80&#8243; font_color=&#8221;#ffffff&#8221; padding_top=&#8221;150&#8243; padding_bottom=&#8221;150&#8243; margin_bottom=&#8221;0&#8243;][vc_column css=&#8221;.vc_custom_1450666486729{padding-right: 12% !important;padding-left: 12% !important;}&#8221;]<h3 class=\"eut-element eut-align-center eut-title-line\" style=\"\"><span>Junte-se \u00e0 Ma\u00e7onaria<\/span><\/h3>[vc_raw_html]JTVCY29udGFjdC1mb3JtLTclMjBpZCUzRCUyMjI0MzUlMjIlMjB0aXRsZSUzRCUyMkNvbnRhY3QlMjBQT1JUVUdVRVNFJTIyJTVE[\/vc_raw_html][\/vc_column][\/vc_row]<\/p>\n<\/section>","protected":false},"excerpt":{"rendered":"<p>[vc_column][\/vc_column][vc_row bg_type=&#8221;color&#8221; header_feature=&#8221;yes&#8221; padding_top=&#8221;120&#8243; padding_bottom=&#8221;120&#8243; margin_bottom=&#8221;0&#8243; bg_color=&#8221;#f7f7f7&#8243;][vc_column][\/vc_column][vc_column][vc_empty_space height=&#8221;40&#8243;][\/vc_column][\/vc_row][vc_row heading_color=&#8221;light&#8221; bg_type=&#8221;image&#8221; bg_image=&#8221;2376&#8243; bg_image_type=&#8221;parallax&#8221; color_overlay=&#8221;dark&#8221; opacity_overlay=&#8221;80&#8243; font_color=&#8221;#ffffff&#8221; padding_top=&#8221;150&#8243; padding_bottom=&#8221;150&#8243; margin_bottom=&#8221;0&#8243;][vc_column css=&#8221;.vc_custom_1450666486729{padding-right: 12% !important;padding-left: 12% !important;}&#8221;][vc_raw_html]JTVCY29udGFjdC1mb3JtLTclMjBpZCUzRCUyMjI0MzUlMjIlMjB0aXRsZSUzRCUyMkNvbnRhY3QlMjBQT1JUVUdVRVNFJTIyJTVE[\/vc_raw_html][\/vc_column][\/vc_row]<\/p>\n","protected":false},"author":1,"featured_media":0,"parent":0,"menu_order":0,"comment_status":"closed","ping_status":"closed","template":"","meta":{"footnotes":""},"class_list":["post-2286","page","type-page","status-publish","hentry"],"_links":{"self":[{"href":"https:\/\/glsei.org\/pt\/wp-json\/wp\/v2\/pages\/2286","targetHints":{"allow":["GET"]}}],"collection":[{"href":"https:\/\/glsei.org\/pt\/wp-json\/wp\/v2\/pages"}],"about":[{"href":"https:\/\/glsei.org\/pt\/wp-json\/wp\/v2\/types\/page"}],"author":[{"embeddable":true,"href":"https:\/\/glsei.org\/pt\/wp-json\/wp\/v2\/users\/1"}],"replies":[{"embeddable":true,"href":"https:\/\/glsei.org\/pt\/wp-json\/wp\/v2\/comments?post=2286"}],"version-history":[{"count":25,"href":"https:\/\/glsei.org\/pt\/wp-json\/wp\/v2\/pages\/2286\/revisions"}],"predecessor-version":[{"id":2512,"href":"https:\/\/glsei.org\/pt\/wp-json\/wp\/v2\/pages\/2286\/revisions\/2512"}],"wp:attachment":[{"href":"https:\/\/glsei.org\/pt\/wp-json\/wp\/v2\/media?parent=2286"}],"curies":[{"name":"wp","href":"https:\/\/api.w.org\/{rel}","templated":true}]}}