{"id":203,"date":"2015-11-25T13:04:59","date_gmt":"2015-11-25T13:04:59","guid":{"rendered":"http:\/\/glsei.local\/about-us-2\/"},"modified":"2023-04-25T10:07:46","modified_gmt":"2023-04-25T10:07:46","slug":"history","status":"publish","type":"page","link":"https:\/\/glsei.org\/pt\/history\/","title":{"rendered":"HIST\u00d3RIA"},"content":{"rendered":"<section class=\"wpb-content-wrapper\"><p>[vc_row header_feature=&#8221;yes&#8221; padding_top=&#8221;120&#8243; padding_bottom=&#8221;120&#8243; margin_bottom=&#8221;0&#8243;][vc_column width=&#8221;1\/2&#8243;][vc_column_text animation=&#8221;fadeInLeft&#8221;]<\/p>\n<h3 class=\"itemTitle\">Hist\u00f3ria<\/h3>\n<p>A Ma\u00e7onaria \u00e9 uma organiza\u00e7\u00e3o fraterna e de caridade que ensina o auto-conhecimento atrav\u00e9s da participa\u00e7\u00e3o numa s\u00e9rie de cerim\u00f3nias. \u00c9 uma das maiores e mais antigas organiza\u00e7\u00f5es n\u00e3o-religiosas e n\u00e3o-pol\u00edticas do mundo. A unidade organizacional b\u00e1sica da Ma\u00e7onaria \u00e9 a Loja, normalmente supervisionada e governada por uma Grande Loja soberana. A primeira Grande Loja foi fundada em Londres em 1717.<\/p>\n<p>No in\u00edcio de 2006, vinte Irm\u00e3os realizaram uma reuni\u00e3o informativa. Ao longo dos dois anos seguintes, estes Irm\u00e3os e outros continuaram a reunir-se de tempos a tempos, tendo em vista a forma\u00e7\u00e3o de Lojas Ma\u00e7\u00f3nicas e, alternadamente, a forma\u00e7\u00e3o de uma Grande Loja.<\/p>\n<p>Na noite de 5 de Outubro de 2007, depois de terem sido formados v\u00e1rios tri\u00e2ngulos ma\u00e7\u00f3nicos, foi acordada a forma\u00e7\u00e3o de uma Associa\u00e7\u00e3o junto do Minist\u00e9rio do Interior em Madrid, que se chamaria Gran Logia de Espa\u00f1a e Iberia, n\u00famero 592462.<\/p>\n<p>No dia 2 de Fevereiro de 2009, cem Irm\u00e3os pertencentes aos tri\u00e2ngulos ma\u00e7\u00f3nicos reuniram-se e elegeram o Irm\u00e3o Ian L Hutchinson como primeiro Gr\u00e3o-Mestre, tendo sido acordado nessa reuni\u00e3o que todos os Tri\u00e2ngulos Ma\u00e7\u00f3nicos formariam a Gran Logia Simbolica de Espa\u00f1a e Iberia.[\/vc_column_text][\/vc_column][vc_column width=&#8221;1\/2&#8243;]<div class=\"eut-element eut-image eut-align-center\" style=\"\"><img loading=\"lazy\" decoding=\"async\" width=\"2000\" height=\"2000\" src=\"https:\/\/glsei.org\/wp-content\/uploads\/2023\/04\/grid_0-33.jpg\" class=\"attachment-full size-full\" alt=\"\" srcset=\"https:\/\/glsei.org\/wp-content\/uploads\/2023\/04\/grid_0-33.jpg 2000w, https:\/\/glsei.org\/wp-content\/uploads\/2023\/04\/grid_0-33-300x300.jpg 300w, https:\/\/glsei.org\/wp-content\/uploads\/2023\/04\/grid_0-33-1024x1024.jpg 1024w, https:\/\/glsei.org\/wp-content\/uploads\/2023\/04\/grid_0-33-150x150.jpg 150w, https:\/\/glsei.org\/wp-content\/uploads\/2023\/04\/grid_0-33-768x768.jpg 768w, https:\/\/glsei.org\/wp-content\/uploads\/2023\/04\/grid_0-33-1536x1536.jpg 1536w, https:\/\/glsei.org\/wp-content\/uploads\/2023\/04\/grid_0-33-600x600.jpg 600w, https:\/\/glsei.org\/wp-content\/uploads\/2023\/04\/grid_0-33-1120x1120.jpg 1120w, https:\/\/glsei.org\/wp-content\/uploads\/2023\/04\/grid_0-33-1920x1920.jpg 1920w\" sizes=\"auto, (max-width: 2000px) 100vw, 2000px\" \/><\/div>[\/vc_column][\/vc_row][vc_row section_type=&#8221;fullwidth-element&#8221; margin_bottom=&#8221;0&#8243;][vc_column]<div class=\"eut-element eut-hr \" style=\"\"><div class=\"eut-line-divider\"><\/div><\/div>[\/vc_column][\/vc_row]<\/p>\n<\/section>","protected":false},"excerpt":{"rendered":"<p>[vc_row header_feature=&#8221;yes&#8221; padding_top=&#8221;120&#8243; padding_bottom=&#8221;120&#8243; margin_bottom=&#8221;0&#8243;][vc_column width=&#8221;1\/2&#8243;][vc_column_text animation=&#8221;fadeInLeft&#8221;] Hist\u00f3ria A Ma\u00e7onaria \u00e9 uma organiza\u00e7\u00e3o fraterna e de caridade que ensina o auto-conhecimento atrav\u00e9s da participa\u00e7\u00e3o numa s\u00e9rie de cerim\u00f3nias. \u00c9 uma das maiores e mais antigas organiza\u00e7\u00f5es n\u00e3o-religiosas e n\u00e3o-pol\u00edticas do mundo. A unidade organizacional b\u00e1sica da Ma\u00e7onaria \u00e9 a Loja, normalmente supervisionada e governada por [&hellip;]<\/p>\n","protected":false},"author":1,"featured_media":0,"parent":0,"menu_order":0,"comment_status":"closed","ping_status":"closed","template":"","meta":{"footnotes":""},"class_list":["post-203","page","type-page","status-publish","hentry"],"_links":{"self":[{"href":"https:\/\/glsei.org\/pt\/wp-json\/wp\/v2\/pages\/203","targetHints":{"allow":["GET"]}}],"collection":[{"href":"https:\/\/glsei.org\/pt\/wp-json\/wp\/v2\/pages"}],"about":[{"href":"https:\/\/glsei.org\/pt\/wp-json\/wp\/v2\/types\/page"}],"author":[{"embeddable":true,"href":"https:\/\/glsei.org\/pt\/wp-json\/wp\/v2\/users\/1"}],"replies":[{"embeddable":true,"href":"https:\/\/glsei.org\/pt\/wp-json\/wp\/v2\/comments?post=203"}],"version-history":[{"count":9,"href":"https:\/\/glsei.org\/pt\/wp-json\/wp\/v2\/pages\/203\/revisions"}],"predecessor-version":[{"id":2470,"href":"https:\/\/glsei.org\/pt\/wp-json\/wp\/v2\/pages\/203\/revisions\/2470"}],"wp:attachment":[{"href":"https:\/\/glsei.org\/pt\/wp-json\/wp\/v2\/media?parent=203"}],"curies":[{"name":"wp","href":"https:\/\/api.w.org\/{rel}","templated":true}]}}