{"id":2642,"date":"2023-04-29T23:46:01","date_gmt":"2023-04-29T23:46:01","guid":{"rendered":"http:\/\/glsei.local\/?page_id=2642"},"modified":"2023-04-30T07:05:38","modified_gmt":"2023-04-30T07:05:38","slug":"charity","status":"publish","type":"page","link":"https:\/\/glsei.org\/fr\/charity\/","title":{"rendered":"CHARIT\u00c9"},"content":{"rendered":"<section class=\"wpb-content-wrapper\"><p>[vc_row header_feature=&#8221;yes&#8221; padding_top=&#8221;120&#8243; padding_bottom=&#8221;120&#8243; margin_bottom=&#8221;0&#8243;][vc_column width=&#8221;1\/2&#8243;]<h3 class=\"eut-element eut-align-left eut-title-no-line\" style=\"\"><span>CHARIT\u00c9<\/span><\/h3>[vc_empty_space][vc_row_inner][vc_column_inner width=&#8221;1\/2&#8243;]\r\n\t\t<div class=\"eut-team eut-element\" style=\"\">\r\n\t\t\t<figure>\r\n\t\t\t\t\t\t\t\t<div class=\"eut-team-person eut-media\">\r\n\t\t\t\t\t<img loading=\"lazy\" decoding=\"async\" width=\"600\" height=\"800\" src=\"https:\/\/glsei.org\/wp-content\/uploads\/2023\/04\/joao-web-600x800.png\" class=\"attachment-engic-eutf-small-rect-vertical size-engic-eutf-small-rect-vertical\" alt=\"\" \/>\t\t\t\t<\/div>\r\n\t\t\t\t\t\t\t\t<figcaption>\r\n\t\t\t\t\t<div class=\"eut-team-description eut-align-left\">\r\n\t\t\t\t\t\t\t\t\t\t\t\t<h5 class=\"eut-team-name\">R.W. Bro. Joao Falcao, AGM<\/h5>\r\n\t\t\t\t\t\t\t\t\t\t\t\t\t\t\t\t\t\t\t\t\t\t\t<\/div>\r\n\t\t\t\t\t\t\t\t\t<\/figcaption>\r\n\t\t\t<\/figure>\r\n\t\t<\/div>\r\n\r\n\t\t[\/vc_column_inner][vc_column_inner width=&#8221;1\/2&#8243;]\r\n\t\t<div class=\"eut-team eut-element\" style=\"\">\r\n\t\t\t<figure>\r\n\t\t\t\t\t\t\t\t<div class=\"eut-team-person eut-media\">\r\n\t\t\t\t\t<img loading=\"lazy\" decoding=\"async\" width=\"600\" height=\"800\" src=\"https:\/\/glsei.org\/wp-content\/uploads\/2023\/04\/DES-web-600x800.png\" class=\"attachment-engic-eutf-small-rect-vertical size-engic-eutf-small-rect-vertical\" alt=\"\" \/>\t\t\t\t<\/div>\r\n\t\t\t\t\t\t\t\t<figcaption>\r\n\t\t\t\t\t<div class=\"eut-team-description eut-align-left\">\r\n\t\t\t\t\t\t\t\t\t\t\t\t<h5 class=\"eut-team-name\">W. Bro. Des Brown, SGD<\/h5>\r\n\t\t\t\t\t\t\t\t\t\t\t\t\t\t\t\t\t\t\t\t\t\t\t<\/div>\r\n\t\t\t\t\t\t\t\t\t<\/figcaption>\r\n\t\t\t<\/figure>\r\n\t\t<\/div>\r\n\r\n\t\t[\/vc_column_inner][\/vc_row_inner][vc_empty_space][vc_column_text animation=&#8221;fadeInLeft&#8221;]<\/p>\n<p align=\"left\">Les visions des Grandes Loges \u00e0 propos de la Charit\u00e9 sont progressives. Nous sommes convaincus que pour \u00eatre efficaces, ce qui a \u00e9t\u00e9 d\u00e9montr\u00e9 par tous nos membres durant les dix derni\u00e8res ann\u00e9es, dns les diff\u00e9rents degr\u00e9s que nous avons contr\u00f4l\u00e9s, nous devons \u00eatre capables de disposer de fonds avec rapidit\u00e9, afin de pouvoir apporter notre aide de fa\u00e7on efficace aux personnes dans le besoin.<\/p>\n<p align=\"left\">Nous devons \u00e9galement aider notre Communaut\u00e9, dans la mesure du possible en faisant des donations.<\/p>\n<p>[\/vc_column_text][\/vc_column][vc_column width=&#8221;1\/2&#8243;]<div class=\"eut-element eut-image eut-align-center\" style=\"\"><img loading=\"lazy\" decoding=\"async\" width=\"1024\" height=\"1024\" src=\"https:\/\/glsei.org\/wp-content\/uploads\/2023\/04\/grid_0-41.png\" class=\"attachment-full size-full\" alt=\"\" srcset=\"https:\/\/glsei.org\/wp-content\/uploads\/2023\/04\/grid_0-41.png 1024w, https:\/\/glsei.org\/wp-content\/uploads\/2023\/04\/grid_0-41-300x300.png 300w, https:\/\/glsei.org\/wp-content\/uploads\/2023\/04\/grid_0-41-150x150.png 150w, https:\/\/glsei.org\/wp-content\/uploads\/2023\/04\/grid_0-41-768x768.png 768w, https:\/\/glsei.org\/wp-content\/uploads\/2023\/04\/grid_0-41-600x600.png 600w\" sizes=\"auto, (max-width: 1024px) 100vw, 1024px\" \/><\/div>[\/vc_column][\/vc_row][vc_row section_type=&#8221;fullwidth-element&#8221; margin_bottom=&#8221;0&#8243;][vc_column]<div class=\"eut-element eut-hr \" style=\"\"><div class=\"eut-line-divider\"><\/div><\/div>[\/vc_column][\/vc_row]<\/p>\n<\/section>","protected":false},"excerpt":{"rendered":"<p>[vc_row header_feature=&#8221;yes&#8221; padding_top=&#8221;120&#8243; padding_bottom=&#8221;120&#8243; margin_bottom=&#8221;0&#8243;][vc_column width=&#8221;1\/2&#8243;][vc_empty_space][vc_row_inner][vc_column_inner width=&#8221;1\/2&#8243;][\/vc_column_inner][vc_column_inner width=&#8221;1\/2&#8243;][\/vc_column_inner][\/vc_row_inner][vc_empty_space][vc_column_text animation=&#8221;fadeInLeft&#8221;] Les visions des Grandes Loges \u00e0 propos de la Charit\u00e9 sont progressives. Nous sommes convaincus que pour \u00eatre efficaces, ce qui a \u00e9t\u00e9 d\u00e9montr\u00e9 par tous nos membres durant les dix derni\u00e8res ann\u00e9es, dns les diff\u00e9rents degr\u00e9s que nous avons contr\u00f4l\u00e9s, nous devons \u00eatre capables de [&hellip;]<\/p>\n","protected":false},"author":1,"featured_media":0,"parent":0,"menu_order":0,"comment_status":"closed","ping_status":"closed","template":"","meta":{"footnotes":""},"class_list":["post-2642","page","type-page","status-publish","hentry"],"_links":{"self":[{"href":"https:\/\/glsei.org\/fr\/wp-json\/wp\/v2\/pages\/2642","targetHints":{"allow":["GET"]}}],"collection":[{"href":"https:\/\/glsei.org\/fr\/wp-json\/wp\/v2\/pages"}],"about":[{"href":"https:\/\/glsei.org\/fr\/wp-json\/wp\/v2\/types\/page"}],"author":[{"embeddable":true,"href":"https:\/\/glsei.org\/fr\/wp-json\/wp\/v2\/users\/1"}],"replies":[{"embeddable":true,"href":"https:\/\/glsei.org\/fr\/wp-json\/wp\/v2\/comments?post=2642"}],"version-history":[{"count":9,"href":"https:\/\/glsei.org\/fr\/wp-json\/wp\/v2\/pages\/2642\/revisions"}],"predecessor-version":[{"id":2660,"href":"https:\/\/glsei.org\/fr\/wp-json\/wp\/v2\/pages\/2642\/revisions\/2660"}],"wp:attachment":[{"href":"https:\/\/glsei.org\/fr\/wp-json\/wp\/v2\/media?parent=2642"}],"curies":[{"name":"wp","href":"https:\/\/api.w.org\/{rel}","templated":true}]}}