{"id":2637,"date":"2023-04-29T21:56:45","date_gmt":"2023-04-29T21:56:45","guid":{"rendered":"http:\/\/glsei.local\/?page_id=2637"},"modified":"2023-05-01T14:38:41","modified_gmt":"2023-05-01T12:38:41","slug":"grand-lodge-staff","status":"publish","type":"page","link":"https:\/\/glsei.org\/fr\/grand-lodge-staff\/","title":{"rendered":"STAFF GRANDE LOGE"},"content":{"rendered":"<section class=\"wpb-content-wrapper\"><p>[vc_row header_feature=&#8221;yes&#8221; padding_top=&#8221;120&#8243; padding_bottom=&#8221;120&#8243; margin_bottom=&#8221;0&#8243;][vc_column width=&#8221;1\/2&#8243;][vc_column_text animation=&#8221;fadeInLeft&#8221;]<\/p>\n<h3>Staff de la Grande Loge<\/h3>\n<p>&nbsp;<\/p>\n<p><strong>Grand Secr\u00e9taire<\/strong><\/p>\n<p>Superviser et g\u00e9rer les dossiers de la Grande Loge, l&#8217;emballage du courrier aux Loges et l&#8217;impression, la distribution et la r\u00e9ception des rapports annuels, la relecture de toutes les publications, tout compris &#8211; des invitations \u00e0 la pr\u00e9paration des rapports&#8230;<\/p>\n<p>&#8230;&#8230;&#8230;&#8230;&#8230;&#8230;&#8230;&#8230;&#8230;&#8230;&#8230;&#8230;&#8230;&#8230;&#8230;&#8230;&#8230;&#8230;&#8230;&#8230;&#8230;&#8230;&#8230;&#8230;&#8230;&#8230;&#8230;&#8230;&#8230;&#8230;.<\/p>\n<p><strong>Grand Tr\u00e9sorier<\/strong><\/p>\n<p>R.W. Bro. Derick Berridge, PJGW<\/p>\n<p>Superviser et pr\u00e9parer les comptes de la Grande Loge, pr\u00e9parer les rapports trimestriels, tenir les registres des factures et des d\u00e9penses, envoyer les ch\u00e8ques, classer les factures.<\/p>\n<p>&#8230;&#8230;&#8230;&#8230;&#8230;&#8230;&#8230;&#8230;&#8230;&#8230;&#8230;&#8230;&#8230;&#8230;&#8230;&#8230;&#8230;&#8230;&#8230;&#8230;&#8230;&#8230;&#8230;&#8230;&#8230;&#8230;&#8230;&#8230;&#8230; &#8230;&#8230;<\/p>\n<p><strong>Charit\u00e9<\/strong><\/p>\n<p>R.W.Bro. Joao Falcao AGM<\/p>\n<p>Superviser l&#8217;action caritative de la Grande Loge, planifier les programmes en cours, faire un rapport sur les dons \u00e0 la communaut\u00e9 et les demandes d&#8217;aide d&#8217;urgence.<\/p>\n<p>W. Fr. Des Brown, SGD, d&#8217;organiser des \u00e9v\u00e9nements de collecte de fonds pour la Charit\u00e9.<\/p>\n<p>&#8230;&#8230;&#8230;&#8230;&#8230;&#8230;&#8230;&#8230;&#8230;&#8230;&#8230;&#8230;&#8230;&#8230;&#8230;&#8230;&#8230;&#8230;&#8230;&#8230;&#8230;&#8230;&#8230;&#8230;&#8230;&#8230;&#8230;&#8230;&#8230;&#8230;&#8230;.<\/p>\n<p><strong>Planification \u00e0 long terme<\/strong><\/p>\n<p>M.W. Bro. Ian.L.Hutchinson,GM<\/p>\n<p>R.W.Bro. Leslie Geyser DGM<\/p>\n<p>R.W.Bro. Joao Falcao AGM<\/p>\n<p>Superviser et programmer &#8211; pr\u00e9parer l&#8217;avenir<\/p>\n<p>&#8230;&#8230;&#8230;&#8230;&#8230;&#8230;&#8230;&#8230;&#8230;&#8230;&#8230;&#8230;&#8230;&#8230;&#8230;&#8230;&#8230;&#8230;&#8230;&#8230;&#8230;&#8230;&#8230;&#8230;&#8230;&#8230;&#8230;&#8230;&#8230;&#8230;&#8230;&#8230;[\/vc_column_text][\/vc_column][vc_column width=&#8221;1\/2&#8243;]<div class=\"eut-element eut-image eut-align-center\" style=\"\"><img loading=\"lazy\" decoding=\"async\" width=\"1024\" height=\"1024\" src=\"https:\/\/glsei.org\/wp-content\/uploads\/2023\/04\/grid_0-ghj.png\" class=\"attachment-full size-full\" alt=\"\" srcset=\"https:\/\/glsei.org\/wp-content\/uploads\/2023\/04\/grid_0-ghj.png 1024w, https:\/\/glsei.org\/wp-content\/uploads\/2023\/04\/grid_0-ghj-300x300.png 300w, https:\/\/glsei.org\/wp-content\/uploads\/2023\/04\/grid_0-ghj-150x150.png 150w, https:\/\/glsei.org\/wp-content\/uploads\/2023\/04\/grid_0-ghj-768x768.png 768w, https:\/\/glsei.org\/wp-content\/uploads\/2023\/04\/grid_0-ghj-600x600.png 600w\" sizes=\"auto, (max-width: 1024px) 100vw, 1024px\" \/><\/div>[\/vc_column][\/vc_row][vc_row section_type=&#8221;fullwidth-element&#8221; margin_bottom=&#8221;0&#8243;][vc_column]<div class=\"eut-element eut-hr \" style=\"\"><div class=\"eut-line-divider\"><\/div><\/div>[\/vc_column][\/vc_row]<\/p>\n<\/section>","protected":false},"excerpt":{"rendered":"<p>[vc_row header_feature=&#8221;yes&#8221; padding_top=&#8221;120&#8243; padding_bottom=&#8221;120&#8243; margin_bottom=&#8221;0&#8243;][vc_column width=&#8221;1\/2&#8243;][vc_column_text animation=&#8221;fadeInLeft&#8221;] Staff de la Grande Loge &nbsp; Grand Secr\u00e9taire Superviser et g\u00e9rer les dossiers de la Grande Loge, l&#8217;emballage du courrier aux Loges et l&#8217;impression, la distribution et la r\u00e9ception des rapports annuels, la relecture de toutes les publications, tout compris &#8211; des invitations \u00e0 la pr\u00e9paration des rapports&#8230; [&hellip;]<\/p>\n","protected":false},"author":1,"featured_media":0,"parent":0,"menu_order":0,"comment_status":"closed","ping_status":"closed","template":"","meta":{"footnotes":""},"class_list":["post-2637","page","type-page","status-publish","hentry"],"_links":{"self":[{"href":"https:\/\/glsei.org\/fr\/wp-json\/wp\/v2\/pages\/2637","targetHints":{"allow":["GET"]}}],"collection":[{"href":"https:\/\/glsei.org\/fr\/wp-json\/wp\/v2\/pages"}],"about":[{"href":"https:\/\/glsei.org\/fr\/wp-json\/wp\/v2\/types\/page"}],"author":[{"embeddable":true,"href":"https:\/\/glsei.org\/fr\/wp-json\/wp\/v2\/users\/1"}],"replies":[{"embeddable":true,"href":"https:\/\/glsei.org\/fr\/wp-json\/wp\/v2\/comments?post=2637"}],"version-history":[{"count":4,"href":"https:\/\/glsei.org\/fr\/wp-json\/wp\/v2\/pages\/2637\/revisions"}],"predecessor-version":[{"id":2711,"href":"https:\/\/glsei.org\/fr\/wp-json\/wp\/v2\/pages\/2637\/revisions\/2711"}],"wp:attachment":[{"href":"https:\/\/glsei.org\/fr\/wp-json\/wp\/v2\/media?parent=2637"}],"curies":[{"name":"wp","href":"https:\/\/api.w.org\/{rel}","templated":true}]}}