{"id":2631,"date":"2023-04-29T20:32:06","date_gmt":"2023-04-29T20:32:06","guid":{"rendered":"http:\/\/glsei.local\/?page_id=2631"},"modified":"2023-04-29T20:52:40","modified_gmt":"2023-04-29T20:52:40","slug":"freemasons-information","status":"publish","type":"page","link":"https:\/\/glsei.org\/fr\/freemasons-information\/","title":{"rendered":"INFORMATIONS SUR LES FRANCS-MA\u00c7ONS"},"content":{"rendered":"<section class=\"wpb-content-wrapper\"><p>[vc_row header_feature=&#8221;yes&#8221; padding_top=&#8221;120&#8243; padding_bottom=&#8221;120&#8243; margin_bottom=&#8221;0&#8243;][vc_column width=&#8221;1\/2&#8243;][vc_column_text animation=&#8221;fadeInLeft&#8221;]<\/p>\n<h3>Informations sur les francs-ma\u00e7ons<\/h3>\n<p>&nbsp;<\/p>\n<p><strong>Avis important<\/strong><\/p>\n<p>En tant que franc-ma\u00e7on de la Gran Logia Simbolica, il est consid\u00e9r\u00e9 comme ma\u00e7onniquement incorrect de communiquer avec d&#8217;autres juridictions, sauf par l&#8217;interm\u00e9diaire du Grand Secr\u00e9taire. Veuillez prendre note de cet avis tr\u00e8s important.<\/p>\n<p>&#8230;&#8230;&#8230;&#8230;&#8230;&#8230;&#8230;&#8230;&#8230;&#8230;&#8230;&#8230;&#8230;&#8230;&#8230;&#8230;&#8230;&#8230;&#8230;&#8230;&#8230;&#8230;&#8230;&#8230;&#8230;&#8230;&#8230;&#8230;&#8230;&#8230;.<\/p>\n<p><strong>R\u00e9union annuelle des Secr\u00e9taires de Loge<\/strong><\/p>\n<p>Chaque ann\u00e9e, nous esp\u00e9rons pouvoir organiser une r\u00e9union des Secr\u00e9taires de Loge afin de renforcer leurs connaissances collectives et leurs op\u00e9rations administratives en am\u00e9liorant la communication avec le bureau du Grand Secr\u00e9taire.<\/p>\n<p>&#8230;&#8230;&#8230;&#8230;&#8230;&#8230;&#8230;&#8230;&#8230;&#8230;&#8230;&#8230;&#8230;&#8230;&#8230;&#8230;&#8230;&#8230;&#8230;&#8230;&#8230;&#8230;&#8230;&#8230;&#8230;&#8230;&#8230;&#8230;&#8230;&#8230;&#8230;<\/p>\n<p><strong>L&#8217;engagement communautaire en Espagne et en Ib\u00e9rie<\/strong><\/p>\n<p>Bien que le rituel ma\u00e7onnique varie d&#8217;une Grande Loge \u00e0 l&#8217;autre, chaque candidat doit savoir que la partie essentielle de la franc-ma\u00e7onnerie est la charit\u00e9. Dans notre premier degr\u00e9, il est fait r\u00e9f\u00e9rence \u00e0 la charit\u00e9 et \u00e0 l&#8217;aide \u00e0 apporter \u00e0 ceux qui sont moins chanceux que nous.<\/p>\n<p>Nos \u0153uvres de charit\u00e9 se pr\u00e9sentent sous de nombreuses formes, grandes et petites. La Loge peut aider \u00e0 faire des dons pour soutenir une partie de la communaut\u00e9. La Grande Loge aura sans aucun doute un programme en cours.<\/p>\n<p>&#8230;&#8230;&#8230;&#8230;&#8230;&#8230;&#8230;&#8230;&#8230;&#8230;&#8230;&#8230;&#8230;&#8230;&#8230;&#8230;&#8230;&#8230;&#8230;&#8230;&#8230;&#8230;&#8230;&#8230;&#8230;&#8230;&#8230;&#8230;&#8230;&#8230;&#8230;.<\/p>\n<p>La Franc-ma\u00e7onnerie est une fraternit\u00e9, une confr\u00e9rie ou une organisation pour les hommes, bien qu&#8217;il existe des Grandes Loges pour les femmes.<\/p>\n<p>Dans notre fraternit\u00e9, vous trouverez des hommes de bonne moralit\u00e9 de tous les horizons, des juges, des m\u00e9decins, des avocats, des enseignants et de toutes les professions auxquelles on peut penser, de tous les \u00e2ges.<\/p>\n<p>La franc-ma\u00e7onnerie compte pr\u00e8s de deux millions de membres en Am\u00e9rique du Nord et plus de quatre millions et demi dans le monde entier.<\/p>\n<p>La franc-ma\u00e7onnerie n&#8217;a pas de religion, mais ses membres doivent croire en un \u00catre supr\u00eame, qu&#8217;il s&#8217;agisse de Dieu, de J\u00e9hovah, d&#8217;Allah ou de tout autre nom de la divinit\u00e9, de ses \u00e9crits sacr\u00e9s que sont la Bible, la Tora ou le Coran. La franc-ma\u00e7onnerie encourage chaque membre \u00e0 \u00eatre actif dans sa propre religion.<\/p>\n<p>Nos loges ma\u00e7onniques ne sont pas destin\u00e9es \u00e0 des fins commerciales, politiques ou religieuses. Les hommes rejoignent la franc-ma\u00e7onnerie pour la camaraderie, peut-\u00eatre parce qu&#8217;il existe une tradition familiale avec des p\u00e8res, des grands-p\u00e8res ou des oncles dans une Loge, ou dans diff\u00e9rentes Loges. Une fois admis, un Fr\u00e8re peut adapter ses capacit\u00e9s et suivre les nombreuses activit\u00e9s que la franc-ma\u00e7onnerie peut offrir, mais aucun Fr\u00e8re n&#8217;est pouss\u00e9 au-del\u00e0 de ses moyens.<\/p>\n<p>Le rituel des trois premiers degr\u00e9s est magnifique, d&#8217;une moralit\u00e9 voil\u00e9e d&#8217;all\u00e9gories et illustr\u00e9e par des symboles, chaque degr\u00e9 est ex\u00e9cut\u00e9 avec dignit\u00e9.<\/p>\n<p>\u00catre franc-ma\u00e7on prend du temps, vous assisterez peut-\u00eatre \u00e0 une Loge d&#8217;instruction hebdomadaire et votre Loge se r\u00e9unira peut-\u00eatre six ou sept fois par an. Ensuite, vous d\u00e9couvrirez l&#8217;aspect social de la franc-ma\u00e7onnerie, qui permettra \u00e0 votre famille de participer \u00e0 des barbecues, des d\u00eeners, des collectes de fonds et bien d&#8217;autres \u00e9v\u00e9nements, qui nous rassemblent en tant que famille heureuse.<\/p>\n<p>Au sein de la Grande Loge, il y aura des Grandes Loges Provinciales couvrant diff\u00e9rentes r\u00e9gions, chacune avec son propre Grand Ma\u00eetre Provincial et ses officiers. Une fois par an, il y aura une r\u00e9union annuelle d&#8217;investiture de la Grande Loge au cours de laquelle tous les officiers de la Grande Loge seront investis.<\/p>\n<p>Personne ne conna\u00eet avec certitude les origines de la franc-ma\u00e7onnerie, seul le Grand Archecte de l&#8217;Univers peut r\u00e9pondre \u00e0 cette question, mais elle a probablement d\u00e9but\u00e9 au XVe si\u00e8cle avec les artisans qui construisaient de magnifiques cath\u00e9drales, \u00e9glises et ch\u00e2teaux.<\/p>\n<p>\u00c0 l&#8217;\u00e9poque m\u00e9di\u00e9vale, les artisans \u00e9tablissaient des projets \u00e0 long terme, prenaient leurs repas ensemble, dormaient sous le m\u00eame toit et \u00e9tablissaient une loge permanente, que l&#8217;on appelait simplement &#8220;loge&#8221;. Aujourd&#8217;hui, les francs-ma\u00e7ons utilisent le m\u00eame terme &#8220;Loge&#8221; lorsqu&#8217;ils se r\u00e9unissent.<\/p>\n<p>Une fois que ces artisans avaient termin\u00e9 leur travail sur un site particulier, ces fr\u00e8res voyageurs, avec leur savoir-faire dans la t\u00eate et leurs outils dans un sac, se rendaient sur le site du ch\u00e2teau ou de la cath\u00e9drale suivant. Les routes \u00e9taient sem\u00e9es d&#8217;emb\u00fbches, de vols, voire de meurtres, car l&#8217;\u00e9poque \u00e9tait \u00e0 l&#8217;anarchie. Quoi de plus naturel alors que de rechercher d&#8217;autres compagnons artisans et de leur demander de l&#8217;aide.<\/p>\n<p>Comment ces artisans se reconnaissaient-ils entre eux en tant que ma\u00e7ons qualifi\u00e9s ? Nos anciens fr\u00e8res portaient un mot de passe pour acc\u00e9der \u00e0 une loge.<\/p>\n<p>En tant qu&#8217;artisans qualifi\u00e9s, ils recevaient des salaires \u00e9lev\u00e9s et au fil du temps, les villages n&#8217;ayant plus besoin de d\u00e9fenses, la construction s&#8217;est d\u00e9plac\u00e9e vers les villes, tout comme les artisans qualifi\u00e9s qui se sont install\u00e9s en \u00e9tablissant des racines et des Loges permanentes dans chaque ville et chaque village. Ces artisans qualifi\u00e9s deviennent la classe moyenne de ces villes, les voisins ne peuvent s&#8217;emp\u00eacher de remarquer leur bonne vie, il devient bient\u00f4t \u00e9vident qu&#8217;ils devraient chercher \u00e0 s&#8217;affilier et une fois qu&#8217;ils ont demand\u00e9 \u00e0 ces artisans habiles, la r\u00e9ponse a \u00e9t\u00e9 &#8220;oui&#8221;.<\/p>\n<p>L&#8217;\u00e9volution des loges ma\u00e7onniques est pass\u00e9e de ma\u00e7ons de pierre \u00e0 fa\u00e7onneurs d&#8217;hommes. Les artisans \u00e9taient appel\u00e9s ma\u00e7ons op\u00e9ratifs et ceux qui les rejoignaient devenaient des francs-ma\u00e7ons sp\u00e9culatifs.<\/p>\n<p>Les artisans ont donc chang\u00e9 \u00e0 travers les \u00e2ges, mais les rep\u00e8res sont rest\u00e9s fermes et ne changeront jamais, car ils ont une histoire et un patrimoine tr\u00e8s riches.<\/p>\n<p>Pour en savoir plus, contactez le bureau du Grand Secr\u00e9taire,<\/p>\n<p>ggransecglse@hotmail.com[\/vc_column_text][\/vc_column][vc_column width=&#8221;1\/2&#8243;]<div class=\"eut-element eut-image eut-align-center\" style=\"\"><img loading=\"lazy\" decoding=\"async\" width=\"2000\" height=\"2000\" src=\"https:\/\/glsei.org\/wp-content\/uploads\/2023\/04\/grid_0-23.jpg\" class=\"attachment-full size-full\" alt=\"\" srcset=\"https:\/\/glsei.org\/wp-content\/uploads\/2023\/04\/grid_0-23.jpg 2000w, https:\/\/glsei.org\/wp-content\/uploads\/2023\/04\/grid_0-23-300x300.jpg 300w, https:\/\/glsei.org\/wp-content\/uploads\/2023\/04\/grid_0-23-1024x1024.jpg 1024w, https:\/\/glsei.org\/wp-content\/uploads\/2023\/04\/grid_0-23-150x150.jpg 150w, https:\/\/glsei.org\/wp-content\/uploads\/2023\/04\/grid_0-23-768x768.jpg 768w, https:\/\/glsei.org\/wp-content\/uploads\/2023\/04\/grid_0-23-1536x1536.jpg 1536w, https:\/\/glsei.org\/wp-content\/uploads\/2023\/04\/grid_0-23-600x600.jpg 600w, https:\/\/glsei.org\/wp-content\/uploads\/2023\/04\/grid_0-23-1120x1120.jpg 1120w, https:\/\/glsei.org\/wp-content\/uploads\/2023\/04\/grid_0-23-1920x1920.jpg 1920w\" sizes=\"auto, (max-width: 2000px) 100vw, 2000px\" \/><\/div>[\/vc_column][\/vc_row][vc_row section_type=&#8221;fullwidth-element&#8221; margin_bottom=&#8221;0&#8243;][vc_column]<div class=\"eut-element eut-hr \" style=\"\"><div class=\"eut-line-divider\"><\/div><\/div>[\/vc_column][\/vc_row]<\/p>\n<\/section>","protected":false},"excerpt":{"rendered":"<p>[vc_row header_feature=&#8221;yes&#8221; padding_top=&#8221;120&#8243; padding_bottom=&#8221;120&#8243; margin_bottom=&#8221;0&#8243;][vc_column width=&#8221;1\/2&#8243;][vc_column_text animation=&#8221;fadeInLeft&#8221;] Informations sur les francs-ma\u00e7ons &nbsp; Avis important En tant que franc-ma\u00e7on de la Gran Logia Simbolica, il est consid\u00e9r\u00e9 comme ma\u00e7onniquement incorrect de communiquer avec d&#8217;autres juridictions, sauf par l&#8217;interm\u00e9diaire du Grand Secr\u00e9taire. Veuillez prendre note de cet avis tr\u00e8s important. &#8230;&#8230;&#8230;&#8230;&#8230;&#8230;&#8230;&#8230;&#8230;&#8230;&#8230;&#8230;&#8230;&#8230;&#8230;&#8230;&#8230;&#8230;&#8230;&#8230;&#8230;&#8230;&#8230;&#8230;&#8230;&#8230;&#8230;&#8230;&#8230;&#8230;. R\u00e9union annuelle des Secr\u00e9taires de Loge [&hellip;]<\/p>\n","protected":false},"author":1,"featured_media":0,"parent":0,"menu_order":0,"comment_status":"closed","ping_status":"closed","template":"","meta":{"footnotes":""},"class_list":["post-2631","page","type-page","status-publish","hentry"],"_links":{"self":[{"href":"https:\/\/glsei.org\/fr\/wp-json\/wp\/v2\/pages\/2631","targetHints":{"allow":["GET"]}}],"collection":[{"href":"https:\/\/glsei.org\/fr\/wp-json\/wp\/v2\/pages"}],"about":[{"href":"https:\/\/glsei.org\/fr\/wp-json\/wp\/v2\/types\/page"}],"author":[{"embeddable":true,"href":"https:\/\/glsei.org\/fr\/wp-json\/wp\/v2\/users\/1"}],"replies":[{"embeddable":true,"href":"https:\/\/glsei.org\/fr\/wp-json\/wp\/v2\/comments?post=2631"}],"version-history":[{"count":5,"href":"https:\/\/glsei.org\/fr\/wp-json\/wp\/v2\/pages\/2631\/revisions"}],"predecessor-version":[{"id":2636,"href":"https:\/\/glsei.org\/fr\/wp-json\/wp\/v2\/pages\/2631\/revisions\/2636"}],"wp:attachment":[{"href":"https:\/\/glsei.org\/fr\/wp-json\/wp\/v2\/media?parent=2631"}],"curies":[{"name":"wp","href":"https:\/\/api.w.org\/{rel}","templated":true}]}}