{"id":2570,"date":"2023-04-29T16:45:22","date_gmt":"2023-04-29T16:45:22","guid":{"rendered":"http:\/\/glsei.local\/?page_id=2570"},"modified":"2023-04-29T17:16:23","modified_gmt":"2023-04-29T17:16:23","slug":"joining-freemasonry","status":"publish","type":"page","link":"https:\/\/glsei.org\/fr\/joining-freemasonry\/","title":{"rendered":"L&#8217;ADH\u00c9SION \u00c0 LA FRANC-MA\u00c7ONNERIE"},"content":{"rendered":"<section class=\"wpb-content-wrapper\"><p>[vc_row header_feature=&#8221;yes&#8221; padding_top=&#8221;120&#8243; padding_bottom=&#8221;120&#8243; margin_bottom=&#8221;0&#8243;][vc_column width=&#8221;1\/2&#8243;][vc_column_text animation=&#8221;fadeInLeft&#8221;]<\/p>\n<h3>Adh\u00e9rer \u00e0 la franc-ma\u00e7onnerie<\/h3>\n<p>&nbsp;<\/p>\n<p>En tant que plus grande fraternit\u00e9 au monde, la franc-ma\u00e7onnerie peut se vanter d&#8217;avoir compt\u00e9 dans ses rangs des rois, des pr\u00e9sidents, des premiers ministres, des amiraux, des g\u00e9n\u00e9raux, des juges de la Haute Cour, des stars de cin\u00e9ma et l&#8217;homme qui vit dans votre rue.<\/p>\n<p>La franc-ma\u00e7onnerie cherche toujours \u00e0 accueillir des hommes bons et sinc\u00e8res \u00e2g\u00e9s de 21 ans et plus.<\/p>\n<p>Il faut d&#8217;abord r\u00e9pondre \u00e0 quelques questions, et si vous pouvez mettre la main sur votre c\u0153ur en disant oui, la franc-ma\u00e7onnerie est faite pour vous.<\/p>\n<p><strong>Croyez-vous en Dieu ?<\/strong><br \/>\nLa franc-ma\u00e7onnerie n&#8217;essaie pas de remplacer la religion, mais il faut croire en Dieu. Les francs-ma\u00e7ons ne s&#8217;inqui\u00e8tent pas de votre foi individuelle, c&#8217;est une question entre vous et votre Dieu. Cependant, aucun ath\u00e9e ne peut devenir franc-ma\u00e7on.<\/p>\n<p><strong>Combien cela co\u00fbte-t-il d&#8217;\u00eatre franc-ma\u00e7on ?<\/strong><br \/>\nCela varie d&#8217;une Loge \u00e0 l&#8217;autre, mais toute personne souhaitant devenir franc-ma\u00e7on pourra trouver une Loge \u00e0 sa convenance. Il y a un droit d&#8217;entr\u00e9e et un tablier \u00e0 acheter. Un membre paie une cotisation annuelle \u00e0 sa Loge qui couvre tous les frais administratifs. La r\u00e9union est g\u00e9n\u00e9ralement suivie d&#8217;un repas qui co\u00fbte entre 14 et 20 euros.<\/p>\n<p><strong>Les trois grands principes<\/strong><\/p>\n<p><strong>L&#8217;amour fraternel<\/strong> : tout vrai franc-ma\u00e7on fera preuve de tol\u00e9rance et de respect pour les opinions d&#8217;autrui et se comportera avec gentillesse et compr\u00e9hension \u00e0 l&#8217;\u00e9gard de ses semblables.<\/p>\n<p><strong>Secours<\/strong>, les francs-ma\u00e7ons apprennent \u00e0 pratiquer la charit\u00e9 et \u00e0 prendre soin, non seulement de leur propre personne, mais aussi de la communaut\u00e9 dans son ensemble, \u00e0 la fois par des dons de charit\u00e9 et par des efforts et des travaux volontaires en tant qu&#8217;individus.<\/p>\n<p><strong>Charit\u00e9<\/strong>, D\u00e8s les premiers jours, la franc-ma\u00e7onnerie s&#8217;est int\u00e9ress\u00e9e aux orphelins, aux malades et aux personnes \u00e2g\u00e9es. Ce travail se poursuit aujourd&#8217;hui, et des sommes d&#8217;argent sont vers\u00e9es \u00e0 des organisations caritatives nationales et locales.<\/p>\n<p><strong>La franc-ma\u00e7onnerie et la soci\u00e9t\u00e9<\/strong> : les francs-ma\u00e7ons croient qu&#8217;un pays est fort tant que la libert\u00e9, l&#8217;\u00e9galit\u00e9 et la possibilit\u00e9 de d\u00e9veloppement humain sont offertes \u00e0 tous. Un franc-ma\u00e7on est fid\u00e8le \u00e0 la loi de son pays et soutient son autorit\u00e9 lorsqu&#8217;elle est juste et \u00e9quitablement appliqu\u00e9e. L&#8217;utilisation par un franc-ma\u00e7on de sa qualit\u00e9 de membre pour promouvoir ses propres int\u00e9r\u00eats commerciaux, professionnels ou personnels, ou ceux de quiconque, est condamn\u00e9e et contraire aux conditions auxquelles il a demand\u00e9 \u00e0 \u00eatre admis dans la franc-ma\u00e7onnerie.<\/p>\n<p>Les Francs-Ma\u00e7ons doivent faire preuve de compassion envers les autres, nous croyons \u00e0 une certaine r\u00e9f\u00e9rence pour les \u00eatres vivants, \u00e0 la tendresse envers les personnes qui souffrent. Nous croyons en une certaine r\u00e9f\u00e9rence aux \u00eatres vivants, en la tendresse envers les personnes qui souffrent, en l&#8217;amour du prochain et en la volont\u00e9 de faire ce qui est juste parce que c&#8217;est juste. La franc-ma\u00e7onnerie enseigne que m\u00eame si tous les hommes sont faillibles et capables de beaucoup de mal, lorsqu&#8217;ils d\u00e9couvrent la bont\u00e9 de leur c\u0153ur, ils ont trouv\u00e9 la v\u00e9ritable essence de la vertu. La franc-ma\u00e7onnerie aide les hommes \u00e0 voir leur potentiel de bont\u00e9 et de vertu profondes.<\/p>\n<p><strong>Pensez-vous que les hommes devraient s&#8217;efforcer de vivre une vie fraternelle ?<\/strong><br \/>\nLes francs-ma\u00e7ons consid\u00e8rent la fraternit\u00e9 comme une forme de sagesse, un lien qui unit les hommes, une amiti\u00e9 priv\u00e9e qui nous dit que nous nous devons les uns aux autres d&#8217;\u00eatre justes dans nos relations et de refuser de dire du mal les uns des autres.<\/p>\n<p>Si vous avez r\u00e9pondu &#8220;oui&#8221;, vous devriez envisager de devenir franc-ma\u00e7on.<\/p>\n<p>La franc-ma\u00e7onnerie offre beaucoup \u00e0 ses membres, la possibilit\u00e9 de grandir, de faire la diff\u00e9rence, de construire un monde meilleur pour nos enfants. Elle offre la possibilit\u00e9 d&#8217;\u00eatre et de travailler avec des hommes qui ont les m\u00eames valeurs et les m\u00eames id\u00e9aux, des hommes qui ont r\u00e9pondu &#8220;oui&#8221; \u00e0 ces questions.<\/p>\n<p>Il est facile d&#8217;en savoir plus. Il suffit d&#8217;envoyer un courriel au Grand Secr\u00e9taire ou, si vous savez o\u00f9 se tient la Loge locale, de vous y rendre et de voir que le Secr\u00e9taire sera plus qu&#8217;heureux de vous aider.<\/p>\n<p>Si vous avez envisag\u00e9 de devenir franc-ma\u00e7on, nous aimerions avoir l&#8217;occasion de discuter avec vous.<\/p>\n<p>gransecglse@hotmail.com[\/vc_column_text][\/vc_column][vc_column width=&#8221;1\/2&#8243;]<div class=\"eut-element eut-image eut-align-center\" style=\"\"><img loading=\"lazy\" decoding=\"async\" width=\"2000\" height=\"1333\" src=\"https:\/\/glsei.org\/wp-content\/uploads\/2023\/04\/grid_0-15.jpg\" class=\"attachment-full size-full\" alt=\"\" srcset=\"https:\/\/glsei.org\/wp-content\/uploads\/2023\/04\/grid_0-15.jpg 2000w, https:\/\/glsei.org\/wp-content\/uploads\/2023\/04\/grid_0-15-300x200.jpg 300w, https:\/\/glsei.org\/wp-content\/uploads\/2023\/04\/grid_0-15-1024x682.jpg 1024w, https:\/\/glsei.org\/wp-content\/uploads\/2023\/04\/grid_0-15-768x512.jpg 768w, https:\/\/glsei.org\/wp-content\/uploads\/2023\/04\/grid_0-15-1536x1024.jpg 1536w, https:\/\/glsei.org\/wp-content\/uploads\/2023\/04\/grid_0-15-1920x1280.jpg 1920w\" sizes=\"auto, (max-width: 2000px) 100vw, 2000px\" \/><\/div><div class=\"eut-element eut-hr \" style=\"\"><div class=\"eut-line-divider\"><\/div><\/div>[vc_raw_html]JTVCY29udGFjdC1mb3JtLTclMjBpZCUzRCUyMjI0MzclMjIlMjB0aXRsZSUzRCUyMkNvbnRhY3QlMjBGUkVOQ0glMjIlNUQ=[\/vc_raw_html][\/vc_column][\/vc_row][vc_row section_type=&#8221;fullwidth-element&#8221; margin_bottom=&#8221;0&#8243;][vc_column]<div class=\"eut-element eut-hr \" style=\"\"><div class=\"eut-line-divider\"><\/div><\/div>[\/vc_column][\/vc_row]<\/p>\n<\/section>","protected":false},"excerpt":{"rendered":"<p>[vc_row header_feature=&#8221;yes&#8221; padding_top=&#8221;120&#8243; padding_bottom=&#8221;120&#8243; margin_bottom=&#8221;0&#8243;][vc_column width=&#8221;1\/2&#8243;][vc_column_text animation=&#8221;fadeInLeft&#8221;] Adh\u00e9rer \u00e0 la franc-ma\u00e7onnerie &nbsp; En tant que plus grande fraternit\u00e9 au monde, la franc-ma\u00e7onnerie peut se vanter d&#8217;avoir compt\u00e9 dans ses rangs des rois, des pr\u00e9sidents, des premiers ministres, des amiraux, des g\u00e9n\u00e9raux, des juges de la Haute Cour, des stars de cin\u00e9ma et l&#8217;homme qui vit [&hellip;]<\/p>\n","protected":false},"author":1,"featured_media":0,"parent":0,"menu_order":0,"comment_status":"closed","ping_status":"closed","template":"","meta":{"footnotes":""},"class_list":["post-2570","page","type-page","status-publish","hentry"],"_links":{"self":[{"href":"https:\/\/glsei.org\/fr\/wp-json\/wp\/v2\/pages\/2570","targetHints":{"allow":["GET"]}}],"collection":[{"href":"https:\/\/glsei.org\/fr\/wp-json\/wp\/v2\/pages"}],"about":[{"href":"https:\/\/glsei.org\/fr\/wp-json\/wp\/v2\/types\/page"}],"author":[{"embeddable":true,"href":"https:\/\/glsei.org\/fr\/wp-json\/wp\/v2\/users\/1"}],"replies":[{"embeddable":true,"href":"https:\/\/glsei.org\/fr\/wp-json\/wp\/v2\/comments?post=2570"}],"version-history":[{"count":16,"href":"https:\/\/glsei.org\/fr\/wp-json\/wp\/v2\/pages\/2570\/revisions"}],"predecessor-version":[{"id":2586,"href":"https:\/\/glsei.org\/fr\/wp-json\/wp\/v2\/pages\/2570\/revisions\/2586"}],"wp:attachment":[{"href":"https:\/\/glsei.org\/fr\/wp-json\/wp\/v2\/media?parent=2570"}],"curies":[{"name":"wp","href":"https:\/\/api.w.org\/{rel}","templated":true}]}}