{"id":2562,"date":"2023-04-29T16:03:13","date_gmt":"2023-04-29T16:03:13","guid":{"rendered":"http:\/\/glsei.local\/?page_id=2562"},"modified":"2023-05-01T14:36:44","modified_gmt":"2023-05-01T12:36:44","slug":"grand-lodge-toast-list","status":"publish","type":"page","link":"https:\/\/glsei.org\/fr\/grand-lodge-toast-list\/","title":{"rendered":"LISTE DE SANT\u00c9S GRANDE LOGE"},"content":{"rendered":"<section class=\"wpb-content-wrapper\"><p>[vc_row header_feature=&#8221;yes&#8221; padding_top=&#8221;120&#8243; padding_bottom=&#8221;120&#8243; margin_bottom=&#8221;0&#8243;][vc_column width=&#8221;1\/2&#8243;][vc_column_text animation=&#8221;fadeInLeft&#8221;]<\/p>\n<h3>Liste des toasts de la Grande Loge<\/h3>\n<p>&nbsp;<\/p>\n<p>Au Roi Felipe VI<\/p>\n<p>Pour les chefs d&#8217;Etat qui reconnaissent la franc-ma\u00e7onnerie.<\/p>\n<p>Au Tr\u00e8s V\u00e9n\u00e9rable Grand Ma\u00eetre MVH Ian Leslie Hutchinson<\/p>\n<p>Pour le Grand Ma\u00eetre adjoint R.W. Bro.Leslie Geyser<\/p>\n<p>Pour le Assistant du Grand Ma\u00eetre R.W.Bro. Joao Falcao<\/p>\n<p>Et par tous les autres Grands Officiers pr\u00e9sents et pass\u00e9s.<\/p>\n<p>Pour le Grand Ma\u00eetre Provincial<\/p>\n<p>Pour le Grand Ma\u00eetre Provincial Adjoint<br \/>\nEt pour le reste des Grands Officiers Provinciaux.<\/p>\n<p>Pour le V\u00e9n\u00e9rable Ma\u00eetre<\/p>\n<p>Pour le candidat<\/p>\n<p>Pour les visiteurs.<\/p>\n<p>Toast de Tyler[\/vc_column_text][\/vc_column][vc_column width=&#8221;1\/2&#8243;]<div class=\"eut-element eut-image eut-align-center\" style=\"\"><img loading=\"lazy\" decoding=\"async\" width=\"1024\" height=\"1024\" src=\"https:\/\/glsei.org\/wp-content\/uploads\/2023\/04\/grid_0-40.png\" class=\"attachment-full size-full\" alt=\"\" srcset=\"https:\/\/glsei.org\/wp-content\/uploads\/2023\/04\/grid_0-40.png 1024w, https:\/\/glsei.org\/wp-content\/uploads\/2023\/04\/grid_0-40-300x300.png 300w, https:\/\/glsei.org\/wp-content\/uploads\/2023\/04\/grid_0-40-150x150.png 150w, https:\/\/glsei.org\/wp-content\/uploads\/2023\/04\/grid_0-40-768x768.png 768w, https:\/\/glsei.org\/wp-content\/uploads\/2023\/04\/grid_0-40-600x600.png 600w\" sizes=\"auto, (max-width: 1024px) 100vw, 1024px\" \/><\/div>[\/vc_column][\/vc_row][vc_row section_type=&#8221;fullwidth-element&#8221; margin_bottom=&#8221;0&#8243;][vc_column]<div class=\"eut-element eut-hr \" style=\"\"><div class=\"eut-line-divider\"><\/div><\/div>[\/vc_column][\/vc_row]<\/p>\n<\/section>","protected":false},"excerpt":{"rendered":"<p>[vc_row header_feature=&#8221;yes&#8221; padding_top=&#8221;120&#8243; padding_bottom=&#8221;120&#8243; margin_bottom=&#8221;0&#8243;][vc_column width=&#8221;1\/2&#8243;][vc_column_text animation=&#8221;fadeInLeft&#8221;] Liste des toasts de la Grande Loge &nbsp; Au Roi Felipe VI Pour les chefs d&#8217;Etat qui reconnaissent la franc-ma\u00e7onnerie. Au Tr\u00e8s V\u00e9n\u00e9rable Grand Ma\u00eetre MVH Ian Leslie Hutchinson Pour le Grand Ma\u00eetre adjoint R.W. Bro.Leslie Geyser Pour le Assistant du Grand Ma\u00eetre R.W.Bro. Joao Falcao Et par [&hellip;]<\/p>\n","protected":false},"author":1,"featured_media":0,"parent":0,"menu_order":0,"comment_status":"closed","ping_status":"closed","template":"","meta":{"footnotes":""},"class_list":["post-2562","page","type-page","status-publish","hentry"],"_links":{"self":[{"href":"https:\/\/glsei.org\/fr\/wp-json\/wp\/v2\/pages\/2562","targetHints":{"allow":["GET"]}}],"collection":[{"href":"https:\/\/glsei.org\/fr\/wp-json\/wp\/v2\/pages"}],"about":[{"href":"https:\/\/glsei.org\/fr\/wp-json\/wp\/v2\/types\/page"}],"author":[{"embeddable":true,"href":"https:\/\/glsei.org\/fr\/wp-json\/wp\/v2\/users\/1"}],"replies":[{"embeddable":true,"href":"https:\/\/glsei.org\/fr\/wp-json\/wp\/v2\/comments?post=2562"}],"version-history":[{"count":9,"href":"https:\/\/glsei.org\/fr\/wp-json\/wp\/v2\/pages\/2562\/revisions"}],"predecessor-version":[{"id":2710,"href":"https:\/\/glsei.org\/fr\/wp-json\/wp\/v2\/pages\/2562\/revisions\/2710"}],"wp:attachment":[{"href":"https:\/\/glsei.org\/fr\/wp-json\/wp\/v2\/media?parent=2562"}],"curies":[{"name":"wp","href":"https:\/\/api.w.org\/{rel}","templated":true}]}}