{"id":2552,"date":"2023-04-29T15:05:53","date_gmt":"2023-04-29T15:05:53","guid":{"rendered":"http:\/\/glsei.local\/?page_id=2552"},"modified":"2023-04-29T15:44:08","modified_gmt":"2023-04-29T15:44:08","slug":"royal-arch-chapter","status":"publish","type":"page","link":"https:\/\/glsei.org\/fr\/royal-arch-chapter\/","title":{"rendered":"CHAPITRE DE L&#8217;ARC ROYAL"},"content":{"rendered":"<section class=\"wpb-content-wrapper\"><p>[vc_row header_feature=&#8221;yes&#8221; padding_top=&#8221;120&#8243; padding_bottom=&#8221;120&#8243; margin_bottom=&#8221;0&#8243;][vc_column width=&#8221;1\/2&#8243;][vc_column_text animation=&#8221;fadeInLeft&#8221;]<\/p>\n<h3 class=\"itemTitle\">Chapitre de l&#8217;Arche Royale<\/h3>\n<p>Dans ce monde en constante \u00e9volution, le rituel ma\u00e7onnique est \u00e9galement changeant. Ce que nous avons re\u00e7u de nos p\u00e8res ma\u00e7ons est bon et merveilleux, et a \u00e9t\u00e9 examin\u00e9 et modifi\u00e9 de temps en temps. Malheureusement, certains changements n&#8217;ont pas \u00e9t\u00e9 faits au mieux des connaissances et des traditions ma\u00e7onniques.<\/p>\n<p>Le Comit\u00e9 Ex\u00e9cutif de la Grande Loge a examin\u00e9 et discut\u00e9 ces changements de mani\u00e8re approfondie et a propos\u00e9 une forme raisonnable et un rituel standard, que nous recommandons \u00e0 l&#8217;attention bienveillante de nos Ma\u00e7ons de l&#8217;Arche Royale.<\/p>\n<p>Nous recommandons ce rituel pour une bonne raison : il permet \u00e0 diff\u00e9rents compagnons de partager le rituel de cette mani\u00e8re &#8221; cela signifie un changement de voix, rendant ainsi les personnes pr\u00e9sentes plus attentives et r\u00e9ceptives \u00e0 la signification du rituel de l&#8217;Arche Royale &#8220;.<\/p>\n<p>\u00c0 ce propos, Compagnons, le fr\u00e8re Rudyard Kipling a dit : &#8220;Il y a neuf mille soixante fa\u00e7ons de construire des paroles tribales, et chacune d&#8217;entre elles est juste&#8221;. Ce principe s&#8217;applique n\u00e9anmoins \u00e0 la franc-ma\u00e7onnerie.[\/vc_column_text]<div class=\"eut-element eut-hr \" style=\"\"><div class=\"eut-line-divider\"><\/div><\/div>[vc_column_text]<\/p>\n<p align=\"left\"><strong>Chapitres de l&#8217;Arche Royale<\/strong><\/p>\n<p align=\"left\">Temple Guard Chapitre #1<\/p>\n<p align=\"left\">Sinceridad Chapitre #2<\/p>\n<p align=\"left\">Renascence Chapitre #3<\/p>\n<p>Lanzarote Chapitre #4[\/vc_column_text][\/vc_column][vc_column width=&#8221;1\/2&#8243;]<div class=\"eut-element eut-image eut-align-center\" style=\"\"><img loading=\"lazy\" decoding=\"async\" width=\"1024\" height=\"1024\" src=\"https:\/\/glsei.org\/wp-content\/uploads\/2023\/04\/grid_0-39.png\" class=\"attachment-full size-full\" alt=\"\" srcset=\"https:\/\/glsei.org\/wp-content\/uploads\/2023\/04\/grid_0-39.png 1024w, https:\/\/glsei.org\/wp-content\/uploads\/2023\/04\/grid_0-39-300x300.png 300w, https:\/\/glsei.org\/wp-content\/uploads\/2023\/04\/grid_0-39-150x150.png 150w, https:\/\/glsei.org\/wp-content\/uploads\/2023\/04\/grid_0-39-768x768.png 768w, https:\/\/glsei.org\/wp-content\/uploads\/2023\/04\/grid_0-39-600x600.png 600w\" sizes=\"auto, (max-width: 1024px) 100vw, 1024px\" \/><\/div>[\/vc_column][\/vc_row][vc_row section_type=&#8221;fullwidth-element&#8221; margin_bottom=&#8221;0&#8243;][vc_column]<div class=\"eut-element eut-hr \" style=\"\"><div class=\"eut-line-divider\"><\/div><\/div>[\/vc_column][\/vc_row]<\/p>\n<\/section>","protected":false},"excerpt":{"rendered":"<p>[vc_row header_feature=&#8221;yes&#8221; padding_top=&#8221;120&#8243; padding_bottom=&#8221;120&#8243; margin_bottom=&#8221;0&#8243;][vc_column width=&#8221;1\/2&#8243;][vc_column_text animation=&#8221;fadeInLeft&#8221;] Chapitre de l&#8217;Arche Royale Dans ce monde en constante \u00e9volution, le rituel ma\u00e7onnique est \u00e9galement changeant. Ce que nous avons re\u00e7u de nos p\u00e8res ma\u00e7ons est bon et merveilleux, et a \u00e9t\u00e9 examin\u00e9 et modifi\u00e9 de temps en temps. Malheureusement, certains changements n&#8217;ont pas \u00e9t\u00e9 faits au mieux [&hellip;]<\/p>\n","protected":false},"author":1,"featured_media":0,"parent":0,"menu_order":0,"comment_status":"closed","ping_status":"closed","template":"","meta":{"footnotes":""},"class_list":["post-2552","page","type-page","status-publish","hentry"],"_links":{"self":[{"href":"https:\/\/glsei.org\/fr\/wp-json\/wp\/v2\/pages\/2552","targetHints":{"allow":["GET"]}}],"collection":[{"href":"https:\/\/glsei.org\/fr\/wp-json\/wp\/v2\/pages"}],"about":[{"href":"https:\/\/glsei.org\/fr\/wp-json\/wp\/v2\/types\/page"}],"author":[{"embeddable":true,"href":"https:\/\/glsei.org\/fr\/wp-json\/wp\/v2\/users\/1"}],"replies":[{"embeddable":true,"href":"https:\/\/glsei.org\/fr\/wp-json\/wp\/v2\/comments?post=2552"}],"version-history":[{"count":7,"href":"https:\/\/glsei.org\/fr\/wp-json\/wp\/v2\/pages\/2552\/revisions"}],"predecessor-version":[{"id":2561,"href":"https:\/\/glsei.org\/fr\/wp-json\/wp\/v2\/pages\/2552\/revisions\/2561"}],"wp:attachment":[{"href":"https:\/\/glsei.org\/fr\/wp-json\/wp\/v2\/media?parent=2552"}],"curies":[{"name":"wp","href":"https:\/\/api.w.org\/{rel}","templated":true}]}}