{"id":2530,"date":"2023-04-25T19:15:42","date_gmt":"2023-04-25T19:15:42","guid":{"rendered":"http:\/\/glsei.local\/?page_id=2530"},"modified":"2023-04-25T19:28:12","modified_gmt":"2023-04-25T19:28:12","slug":"grand-lodge-annual-meeting","status":"publish","type":"page","link":"https:\/\/glsei.org\/fr\/grand-lodge-annual-meeting\/","title":{"rendered":"R\u00c9UNION ANNUELLE GRANDE LOGE"},"content":{"rendered":"<section class=\"wpb-content-wrapper\"><p>[vc_row header_feature=&#8221;yes&#8221; padding_top=&#8221;120&#8243; padding_bottom=&#8221;120&#8243; margin_bottom=&#8221;0&#8243;][vc_column width=&#8221;1\/2&#8243;][vc_column_text animation=&#8221;fadeInLeft&#8221;]<\/p>\n<h3 class=\"itemTitle\">R\u00e9union annuelle de la Grande Loge<\/h3>\n<p>La r\u00e9union annuelle de la Grande Loge se tient chaque ann\u00e9e le premier samedi du mois de mars.<\/p>\n<p>Cette ann\u00e9e 2023, l&#8217;Assembl\u00e9e s&#8217;est tenue le 4 mars.<\/p>\n<p>La r\u00e9union de communication trimestrielle se tiendra le troisi\u00e8me vendredi du mois de novembre de chaque ann\u00e9e. La date exacte, en cas de changement, sera communiqu\u00e9e ult\u00e9rieurement.<\/p>\n<p>Pour 2024, la date sera communiqu\u00e9e lorsque la r\u00e9union sera sur le point de se tenir.<\/p>\n<p>L&#8217;Assembl\u00e9e g\u00e9n\u00e9rale se r\u00e9unira \u00e0 trois reprises : Le quatri\u00e8me vendredi de janvier, le premier vendredi de juin et le premier vendredi d&#8217;octobre.[\/vc_column_text][\/vc_column][vc_column width=&#8221;1\/2&#8243;]<div class=\"eut-element eut-image eut-align-center\" style=\"\"><img loading=\"lazy\" decoding=\"async\" width=\"1024\" height=\"1024\" src=\"https:\/\/glsei.org\/wp-content\/uploads\/2023\/04\/grid_0-37.png\" class=\"attachment-full size-full\" alt=\"\" srcset=\"https:\/\/glsei.org\/wp-content\/uploads\/2023\/04\/grid_0-37.png 1024w, https:\/\/glsei.org\/wp-content\/uploads\/2023\/04\/grid_0-37-300x300.png 300w, https:\/\/glsei.org\/wp-content\/uploads\/2023\/04\/grid_0-37-150x150.png 150w, https:\/\/glsei.org\/wp-content\/uploads\/2023\/04\/grid_0-37-768x768.png 768w, https:\/\/glsei.org\/wp-content\/uploads\/2023\/04\/grid_0-37-600x600.png 600w\" sizes=\"auto, (max-width: 1024px) 100vw, 1024px\" \/><\/div>[\/vc_column][\/vc_row][vc_row section_type=&#8221;fullwidth-element&#8221; margin_bottom=&#8221;0&#8243;][vc_column]<div class=\"eut-element eut-hr \" style=\"\"><div class=\"eut-line-divider\"><\/div><\/div>[\/vc_column][\/vc_row]<\/p>\n<\/section>","protected":false},"excerpt":{"rendered":"<p>[vc_row header_feature=&#8221;yes&#8221; padding_top=&#8221;120&#8243; padding_bottom=&#8221;120&#8243; margin_bottom=&#8221;0&#8243;][vc_column width=&#8221;1\/2&#8243;][vc_column_text animation=&#8221;fadeInLeft&#8221;] R\u00e9union annuelle de la Grande Loge La r\u00e9union annuelle de la Grande Loge se tient chaque ann\u00e9e le premier samedi du mois de mars. Cette ann\u00e9e 2023, l&#8217;Assembl\u00e9e s&#8217;est tenue le 4 mars. La r\u00e9union de communication trimestrielle se tiendra le troisi\u00e8me vendredi du mois de novembre de [&hellip;]<\/p>\n","protected":false},"author":1,"featured_media":0,"parent":0,"menu_order":0,"comment_status":"closed","ping_status":"closed","template":"","meta":{"footnotes":""},"class_list":["post-2530","page","type-page","status-publish","hentry"],"_links":{"self":[{"href":"https:\/\/glsei.org\/fr\/wp-json\/wp\/v2\/pages\/2530","targetHints":{"allow":["GET"]}}],"collection":[{"href":"https:\/\/glsei.org\/fr\/wp-json\/wp\/v2\/pages"}],"about":[{"href":"https:\/\/glsei.org\/fr\/wp-json\/wp\/v2\/types\/page"}],"author":[{"embeddable":true,"href":"https:\/\/glsei.org\/fr\/wp-json\/wp\/v2\/users\/1"}],"replies":[{"embeddable":true,"href":"https:\/\/glsei.org\/fr\/wp-json\/wp\/v2\/comments?post=2530"}],"version-history":[{"count":3,"href":"https:\/\/glsei.org\/fr\/wp-json\/wp\/v2\/pages\/2530\/revisions"}],"predecessor-version":[{"id":2534,"href":"https:\/\/glsei.org\/fr\/wp-json\/wp\/v2\/pages\/2530\/revisions\/2534"}],"wp:attachment":[{"href":"https:\/\/glsei.org\/fr\/wp-json\/wp\/v2\/media?parent=2530"}],"curies":[{"name":"wp","href":"https:\/\/api.w.org\/{rel}","templated":true}]}}