{"id":2525,"date":"2023-04-25T17:59:50","date_gmt":"2023-04-25T17:59:50","guid":{"rendered":"http:\/\/glsei.local\/?page_id=2525"},"modified":"2023-04-25T18:03:29","modified_gmt":"2023-04-25T18:03:29","slug":"grand-secretary","status":"publish","type":"page","link":"https:\/\/glsei.org\/fr\/grand-secretary\/","title":{"rendered":"GRAND SECR\u00c9TAIRE"},"content":{"rendered":"<section class=\"wpb-content-wrapper\"><p>[vc_row header_feature=&#8221;yes&#8221; padding_top=&#8221;120&#8243; padding_bottom=&#8221;120&#8243; margin_bottom=&#8221;0&#8243;][vc_column width=&#8221;1\/2&#8243;][vc_column_text animation=&#8221;fadeInLeft&#8221;]<\/p>\n<h3 class=\"itemTitle\">Grand Secr\u00e9taire<\/h3>\n<p>La mission du bureau du Grand Secr\u00e9taire est de fournir des services rapides et pr\u00e9cis aux membres de la Gran Logia Simb\u00f3lica de Espa\u00f1a e Iberia, et plus particuli\u00e8rement aux Secr\u00e9taires de Loge.<\/p>\n<p>Nous avons trois adresses \u00e9lectroniques diff\u00e9rentes :<\/p>\n<p class=\"Estilo10\" align=\"center\"><span class=\"Estilo11\"><a href=\"mailto:grandmaster@glsei.org\">grandmaster@glsei.org<\/a><\/span><\/p>\n<p class=\"Estilo12\" align=\"center\"><a href=\"mailto:gransecglse@hotmail.com\">gransecglse@hotmail.com<\/a><\/p>\n<p class=\"Estilo10\" align=\"center\"><span class=\"Estilo11\"><a href=\"mailto:grandtreasurer@glsei.org\">grandtreasurer@glsei.org<\/a><\/span><\/p>\n<p>Nous esp\u00e9rons pouvoir organiser chaque ann\u00e9e une r\u00e9union des Secr\u00e9taires de Loge \u00e0 la m\u00eame date que la r\u00e9union annuelle de la Grande Loge afin de renforcer nos connaissances collectives et nos op\u00e9rations administratives et d&#8217;am\u00e9liorer la communication avec le bureau du Grand Secr\u00e9taire.[\/vc_column_text][\/vc_column][vc_column width=&#8221;1\/2&#8243;]<div class=\"eut-element eut-image eut-align-center\" style=\"\"><img loading=\"lazy\" decoding=\"async\" width=\"1024\" height=\"1024\" src=\"https:\/\/glsei.org\/wp-content\/uploads\/2023\/04\/grid_0-34.png\" class=\"attachment-full size-full\" alt=\"\" srcset=\"https:\/\/glsei.org\/wp-content\/uploads\/2023\/04\/grid_0-34.png 1024w, https:\/\/glsei.org\/wp-content\/uploads\/2023\/04\/grid_0-34-300x300.png 300w, https:\/\/glsei.org\/wp-content\/uploads\/2023\/04\/grid_0-34-150x150.png 150w, https:\/\/glsei.org\/wp-content\/uploads\/2023\/04\/grid_0-34-768x768.png 768w, https:\/\/glsei.org\/wp-content\/uploads\/2023\/04\/grid_0-34-600x600.png 600w\" sizes=\"auto, (max-width: 1024px) 100vw, 1024px\" \/><\/div>[\/vc_column][\/vc_row][vc_row section_type=&#8221;fullwidth-element&#8221; margin_bottom=&#8221;0&#8243;][vc_column]<div class=\"eut-element eut-hr \" style=\"\"><div class=\"eut-line-divider\"><\/div><\/div>[\/vc_column][\/vc_row]<\/p>\n<\/section>","protected":false},"excerpt":{"rendered":"<p>[vc_row header_feature=&#8221;yes&#8221; padding_top=&#8221;120&#8243; padding_bottom=&#8221;120&#8243; margin_bottom=&#8221;0&#8243;][vc_column width=&#8221;1\/2&#8243;][vc_column_text animation=&#8221;fadeInLeft&#8221;] Grand Secr\u00e9taire La mission du bureau du Grand Secr\u00e9taire est de fournir des services rapides et pr\u00e9cis aux membres de la Gran Logia Simb\u00f3lica de Espa\u00f1a e Iberia, et plus particuli\u00e8rement aux Secr\u00e9taires de Loge. Nous avons trois adresses \u00e9lectroniques diff\u00e9rentes : grandmaster@glsei.org gransecglse@hotmail.com grandtreasurer@glsei.org Nous esp\u00e9rons pouvoir [&hellip;]<\/p>\n","protected":false},"author":1,"featured_media":0,"parent":0,"menu_order":0,"comment_status":"closed","ping_status":"closed","template":"","meta":{"footnotes":""},"class_list":["post-2525","page","type-page","status-publish","hentry"],"_links":{"self":[{"href":"https:\/\/glsei.org\/fr\/wp-json\/wp\/v2\/pages\/2525","targetHints":{"allow":["GET"]}}],"collection":[{"href":"https:\/\/glsei.org\/fr\/wp-json\/wp\/v2\/pages"}],"about":[{"href":"https:\/\/glsei.org\/fr\/wp-json\/wp\/v2\/types\/page"}],"author":[{"embeddable":true,"href":"https:\/\/glsei.org\/fr\/wp-json\/wp\/v2\/users\/1"}],"replies":[{"embeddable":true,"href":"https:\/\/glsei.org\/fr\/wp-json\/wp\/v2\/comments?post=2525"}],"version-history":[{"count":3,"href":"https:\/\/glsei.org\/fr\/wp-json\/wp\/v2\/pages\/2525\/revisions"}],"predecessor-version":[{"id":2529,"href":"https:\/\/glsei.org\/fr\/wp-json\/wp\/v2\/pages\/2525\/revisions\/2529"}],"wp:attachment":[{"href":"https:\/\/glsei.org\/fr\/wp-json\/wp\/v2\/media?parent=2525"}],"curies":[{"name":"wp","href":"https:\/\/api.w.org\/{rel}","templated":true}]}}