{"id":2286,"date":"2016-01-03T23:25:57","date_gmt":"2016-01-03T23:25:57","guid":{"rendered":"http:\/\/glsei.local\/home-classic\/"},"modified":"2023-04-25T17:22:57","modified_gmt":"2023-04-25T17:22:57","slug":"home-classic","status":"publish","type":"page","link":"https:\/\/glsei.org\/fr\/","title":{"rendered":"Accueil"},"content":{"rendered":"<section class=\"wpb-content-wrapper\"><p>[vc_row bg_type=&#8221;color&#8221; header_feature=&#8221;yes&#8221; padding_top=&#8221;120&#8243; padding_bottom=&#8221;120&#8243; margin_bottom=&#8221;0&#8243; bg_color=&#8221;#f7f7f7&#8243;][vc_column]<div class=\"eut-element eut-slogan eut-align-center eut-animated-item eut-fadeInUp\" style=\"\" data-delay=\"200\"><h3 class=\"eut-slogan-title eut-align-center eut-title-line\"><span>SALUTATIONS<\/span><\/h3>  <p class=\"\">Nous sommes heureux de vous accueillir, au nom de tous les Fr\u00e8res, sur le site officiel de la Grande Logia Simb\u00f3lica d&#8217;Espagne et d&#8217;Ib\u00e9rie.<\/p>\n<p>Nous avons d\u00e9velopp\u00e9 ce site pour partager nos activit\u00e9s pass\u00e9es, pr\u00e9sentes et futures.<\/p>\n<p>Notre objectif est d&#8217;\u00eatre aussi informatif que possible pour tous les francs-ma\u00e7ons et les visiteurs. Nous vous invitons \u00e0 consulter l&#8217;ensemble de notre site.<\/p>\n<p>Si vous avez des questions, veuillez utiliser le formulaire de contact au bas de cette page.<\/p>\n<p>Notre bureau est ouvert de 9h00 \u00e0 12h00. Nous vous prions donc d&#8217;\u00eatre patient en attendant une r\u00e9ponse.<\/p>\n<p>Grand Secr\u00e9taire.<\/p><\/div>[\/vc_column][vc_column][vc_empty_space height=&#8221;40&#8243;][\/vc_column][\/vc_row][vc_row heading_color=&#8221;light&#8221; bg_type=&#8221;image&#8221; bg_image=&#8221;2376&#8243; bg_image_type=&#8221;parallax&#8221; color_overlay=&#8221;dark&#8221; opacity_overlay=&#8221;80&#8243; font_color=&#8221;#ffffff&#8221; padding_top=&#8221;150&#8243; padding_bottom=&#8221;150&#8243; margin_bottom=&#8221;0&#8243;][vc_column css=&#8221;.vc_custom_1450666486729{padding-right: 12% !important;padding-left: 12% !important;}&#8221;]<h3 class=\"eut-element eut-align-center eut-title-line\" style=\"\"><span>Adh\u00e9rer \u00e0 la franc-ma\u00e7onnerie<\/span><\/h3>[vc_raw_html]JTVCY29udGFjdC1mb3JtLTclMjBpZCUzRCUyMjI0MzclMjIlMjB0aXRsZSUzRCUyMkNvbnRhY3QlMjBGUkVOQ0glMjIlNUQ=[\/vc_raw_html][\/vc_column][\/vc_row]<\/p>\n<\/section>","protected":false},"excerpt":{"rendered":"<p>[vc_row bg_type=&#8221;color&#8221; header_feature=&#8221;yes&#8221; padding_top=&#8221;120&#8243; padding_bottom=&#8221;120&#8243; margin_bottom=&#8221;0&#8243; bg_color=&#8221;#f7f7f7&#8243;][vc_column][\/vc_column][vc_column][vc_empty_space height=&#8221;40&#8243;][\/vc_column][\/vc_row][vc_row heading_color=&#8221;light&#8221; bg_type=&#8221;image&#8221; bg_image=&#8221;2376&#8243; bg_image_type=&#8221;parallax&#8221; color_overlay=&#8221;dark&#8221; opacity_overlay=&#8221;80&#8243; font_color=&#8221;#ffffff&#8221; padding_top=&#8221;150&#8243; padding_bottom=&#8221;150&#8243; margin_bottom=&#8221;0&#8243;][vc_column css=&#8221;.vc_custom_1450666486729{padding-right: 12% !important;padding-left: 12% !important;}&#8221;][vc_raw_html]JTVCY29udGFjdC1mb3JtLTclMjBpZCUzRCUyMjI0MzclMjIlMjB0aXRsZSUzRCUyMkNvbnRhY3QlMjBGUkVOQ0glMjIlNUQ=[\/vc_raw_html][\/vc_column][\/vc_row]<\/p>\n","protected":false},"author":1,"featured_media":0,"parent":0,"menu_order":0,"comment_status":"closed","ping_status":"closed","template":"","meta":{"footnotes":""},"class_list":["post-2286","page","type-page","status-publish","hentry"],"_links":{"self":[{"href":"https:\/\/glsei.org\/fr\/wp-json\/wp\/v2\/pages\/2286","targetHints":{"allow":["GET"]}}],"collection":[{"href":"https:\/\/glsei.org\/fr\/wp-json\/wp\/v2\/pages"}],"about":[{"href":"https:\/\/glsei.org\/fr\/wp-json\/wp\/v2\/types\/page"}],"author":[{"embeddable":true,"href":"https:\/\/glsei.org\/fr\/wp-json\/wp\/v2\/users\/1"}],"replies":[{"embeddable":true,"href":"https:\/\/glsei.org\/fr\/wp-json\/wp\/v2\/comments?post=2286"}],"version-history":[{"count":25,"href":"https:\/\/glsei.org\/fr\/wp-json\/wp\/v2\/pages\/2286\/revisions"}],"predecessor-version":[{"id":2512,"href":"https:\/\/glsei.org\/fr\/wp-json\/wp\/v2\/pages\/2286\/revisions\/2512"}],"wp:attachment":[{"href":"https:\/\/glsei.org\/fr\/wp-json\/wp\/v2\/media?parent=2286"}],"curies":[{"name":"wp","href":"https:\/\/api.w.org\/{rel}","templated":true}]}}