{"id":203,"date":"2015-11-25T13:04:59","date_gmt":"2015-11-25T13:04:59","guid":{"rendered":"http:\/\/glsei.local\/about-us-2\/"},"modified":"2023-04-25T10:07:46","modified_gmt":"2023-04-25T10:07:46","slug":"history","status":"publish","type":"page","link":"https:\/\/glsei.org\/fr\/history\/","title":{"rendered":"HISTOIRE"},"content":{"rendered":"<section class=\"wpb-content-wrapper\"><p>[vc_row header_feature=&#8221;yes&#8221; padding_top=&#8221;120&#8243; padding_bottom=&#8221;120&#8243; margin_bottom=&#8221;0&#8243;][vc_column width=&#8221;1\/2&#8243;][vc_column_text animation=&#8221;fadeInLeft&#8221;]<\/p>\n<h3 class=\"itemTitle\">Histoire<\/h3>\n<p>La franc-ma\u00e7onnerie est une organisation fraternelle et caritative qui enseigne la connaissance de soi en participant \u00e0 une s\u00e9rie de c\u00e9r\u00e9monies. C&#8217;est l&#8217;une des plus anciennes et des plus importantes organisations non religieuses et non politiques du monde. L&#8217;unit\u00e9 organisationnelle de base de la franc-ma\u00e7onnerie est la loge, g\u00e9n\u00e9ralement supervis\u00e9e et gouvern\u00e9e par une Grande Loge souveraine. La premi\u00e8re Grande Loge a \u00e9t\u00e9 fond\u00e9e \u00e0 Londres en 1717.<\/p>\n<p>Au d\u00e9but de l&#8217;ann\u00e9e 2006, vingt fr\u00e8res ont tenu une r\u00e9union d&#8217;information. Au cours des deux ann\u00e9es suivantes, ces Fr\u00e8res et d&#8217;autres ont continu\u00e9 \u00e0 se rencontrer de temps en temps, en ayant \u00e0 l&#8217;esprit la formation de Loges ma\u00e7onniques et alternativement la formation d&#8217;une Grande Loge.<\/p>\n<p>Le soir du 5 octobre 2007, apr\u00e8s avoir form\u00e9 un certain nombre de triangles ma\u00e7onniques, il a \u00e9t\u00e9 convenu de former une association sous le Minist\u00e8re de l&#8217;Int\u00e9rieur \u00e0 Madrid qui s&#8217;appellerait la Grande Loge d&#8217;Espagne et d&#8217;Ib\u00e9rie, num\u00e9ro 592462.<\/p>\n<p>Le 2 f\u00e9vrier 2009, cent fr\u00e8res appartenant aux triangles ma\u00e7onniques se sont r\u00e9unis et ont \u00e9lu le fr\u00e8re Ian L Hutchinson comme premier Grand Ma\u00eetre. Lors de cette r\u00e9union, il a \u00e9t\u00e9 convenu que tous les triangles ma\u00e7onniques formeraient la Gran Logia Simbolica de Espa\u00f1a e Iberia.[\/vc_column_text][\/vc_column][vc_column width=&#8221;1\/2&#8243;]<div class=\"eut-element eut-image eut-align-center\" style=\"\"><img loading=\"lazy\" decoding=\"async\" width=\"2000\" height=\"2000\" src=\"https:\/\/glsei.org\/wp-content\/uploads\/2023\/04\/grid_0-33.jpg\" class=\"attachment-full size-full\" alt=\"\" srcset=\"https:\/\/glsei.org\/wp-content\/uploads\/2023\/04\/grid_0-33.jpg 2000w, https:\/\/glsei.org\/wp-content\/uploads\/2023\/04\/grid_0-33-300x300.jpg 300w, https:\/\/glsei.org\/wp-content\/uploads\/2023\/04\/grid_0-33-1024x1024.jpg 1024w, https:\/\/glsei.org\/wp-content\/uploads\/2023\/04\/grid_0-33-150x150.jpg 150w, https:\/\/glsei.org\/wp-content\/uploads\/2023\/04\/grid_0-33-768x768.jpg 768w, https:\/\/glsei.org\/wp-content\/uploads\/2023\/04\/grid_0-33-1536x1536.jpg 1536w, https:\/\/glsei.org\/wp-content\/uploads\/2023\/04\/grid_0-33-600x600.jpg 600w, https:\/\/glsei.org\/wp-content\/uploads\/2023\/04\/grid_0-33-1120x1120.jpg 1120w, https:\/\/glsei.org\/wp-content\/uploads\/2023\/04\/grid_0-33-1920x1920.jpg 1920w\" sizes=\"auto, (max-width: 2000px) 100vw, 2000px\" \/><\/div>[\/vc_column][\/vc_row][vc_row section_type=&#8221;fullwidth-element&#8221; margin_bottom=&#8221;0&#8243;][vc_column]<div class=\"eut-element eut-hr \" style=\"\"><div class=\"eut-line-divider\"><\/div><\/div>[\/vc_column][\/vc_row]<\/p>\n<\/section>","protected":false},"excerpt":{"rendered":"<p>[vc_row header_feature=&#8221;yes&#8221; padding_top=&#8221;120&#8243; padding_bottom=&#8221;120&#8243; margin_bottom=&#8221;0&#8243;][vc_column width=&#8221;1\/2&#8243;][vc_column_text animation=&#8221;fadeInLeft&#8221;] Histoire La franc-ma\u00e7onnerie est une organisation fraternelle et caritative qui enseigne la connaissance de soi en participant \u00e0 une s\u00e9rie de c\u00e9r\u00e9monies. C&#8217;est l&#8217;une des plus anciennes et des plus importantes organisations non religieuses et non politiques du monde. L&#8217;unit\u00e9 organisationnelle de base de la franc-ma\u00e7onnerie est la [&hellip;]<\/p>\n","protected":false},"author":1,"featured_media":0,"parent":0,"menu_order":0,"comment_status":"closed","ping_status":"closed","template":"","meta":{"footnotes":""},"class_list":["post-203","page","type-page","status-publish","hentry"],"_links":{"self":[{"href":"https:\/\/glsei.org\/fr\/wp-json\/wp\/v2\/pages\/203","targetHints":{"allow":["GET"]}}],"collection":[{"href":"https:\/\/glsei.org\/fr\/wp-json\/wp\/v2\/pages"}],"about":[{"href":"https:\/\/glsei.org\/fr\/wp-json\/wp\/v2\/types\/page"}],"author":[{"embeddable":true,"href":"https:\/\/glsei.org\/fr\/wp-json\/wp\/v2\/users\/1"}],"replies":[{"embeddable":true,"href":"https:\/\/glsei.org\/fr\/wp-json\/wp\/v2\/comments?post=203"}],"version-history":[{"count":9,"href":"https:\/\/glsei.org\/fr\/wp-json\/wp\/v2\/pages\/203\/revisions"}],"predecessor-version":[{"id":2470,"href":"https:\/\/glsei.org\/fr\/wp-json\/wp\/v2\/pages\/203\/revisions\/2470"}],"wp:attachment":[{"href":"https:\/\/glsei.org\/fr\/wp-json\/wp\/v2\/media?parent=203"}],"curies":[{"name":"wp","href":"https:\/\/api.w.org\/{rel}","templated":true}]}}