{"id":2631,"date":"2023-04-29T20:32:06","date_gmt":"2023-04-29T20:32:06","guid":{"rendered":"http:\/\/glsei.local\/?page_id=2631"},"modified":"2023-04-29T20:52:40","modified_gmt":"2023-04-29T20:52:40","slug":"freemasons-information","status":"publish","type":"page","link":"https:\/\/glsei.org\/es\/freemasons-information\/","title":{"rendered":"INFORMACI\u00d3N PARA MASONES"},"content":{"rendered":"<section class=\"wpb-content-wrapper\"><p>[vc_row header_feature=&#8221;yes&#8221; padding_top=&#8221;120&#8243; padding_bottom=&#8221;120&#8243; margin_bottom=&#8221;0&#8243;][vc_column width=&#8221;1\/2&#8243;][vc_column_text animation=&#8221;fadeInLeft&#8221;]<\/p>\n<h3>Informaci\u00f3n para Masones<\/h3>\n<p>&nbsp;<\/p>\n<p><strong>Aviso Importante<\/strong><\/p>\n<p>Como Francmas\u00f3n de la Gran Logia Simb\u00f3lica, se considera mas\u00f3nicamente impropio comunicarse con otras jurisdicciones excepto a trav\u00e9s del Gran Secretario. Por favor, tenga en cuenta este aviso muy importante.<\/p>\n<p>&#8230;&#8230;&#8230;&#8230;&#8230;&#8230;&#8230;&#8230;&#8230;&#8230;&#8230;&#8230;&#8230;&#8230;&#8230;&#8230;&#8230;&#8230;&#8230;&#8230;&#8230;&#8230;&#8230;&#8230;&#8230;&#8230;&#8230;&#8230;&#8230;&#8230;.<\/p>\n<p><strong>Reuni\u00f3n Anual del Secretario de Logia<\/strong><\/p>\n<p>Es con esperanza cada a\u00f1o poder celebrar una reuni\u00f3n de secretarios de Logia para fortalecer sus conocimientos colectivos y operaciones administrativas mejorando la comunicaci\u00f3n con la oficina del Gran Secretario.<\/p>\n<p>&#8230;&#8230;&#8230;&#8230;&#8230;&#8230;&#8230;&#8230;&#8230;&#8230;&#8230;&#8230;&#8230;&#8230;&#8230;&#8230;&#8230;&#8230;&#8230;&#8230;&#8230;&#8230;&#8230;&#8230;&#8230;&#8230;&#8230;&#8230;&#8230;&#8230;&#8230;<\/p>\n<p><strong>Implicaci\u00f3n comunitaria en Espa\u00f1a e Iberia<\/strong><\/p>\n<p>Aunque el ritual mas\u00f3nico var\u00eda de una Gran Logia a otra, todo candidato debe ser consciente de que la parte esencial de la Masoner\u00eda es la Caridad. En nuestro Primer Grado se hace referencia a la caridad y a ayudar a los menos afortunados que nosotros.<\/p>\n<p>Nuestras obras de caridad pueden ser grandes o peque\u00f1as; la logia puede ayudar con donaciones para apoyar a alguna parte de la comunidad. La Gran Logia tendr\u00e1 sin duda un programa en curso<\/p>\n<p>&#8230;&#8230;&#8230;&#8230;&#8230;&#8230;&#8230;&#8230;&#8230;&#8230;&#8230;&#8230;&#8230;&#8230;&#8230;&#8230;&#8230;&#8230;&#8230;&#8230;&#8230;&#8230;&#8230;&#8230;&#8230;&#8230;&#8230;&#8230;&#8230;&#8230;&#8230;.<\/p>\n<p>La Masoner\u00eda es una fraternidad, una Hermandad u Organizaci\u00f3n para hombres, sin embargo decir que hay Grandes Logias para Mujeres.<\/p>\n<p>En nuestra Hermandad encontrar\u00e1 hombres de buen car\u00e1cter de todos los \u00e1mbitos de la vida, Jueces, Doctores, Abogados, Profesores y todas las profesiones que uno pueda pensar, de todas las edades.<\/p>\n<p>Hay casi dos millones de miembros en Am\u00e9rica del Norte y en todo el mundo hay m\u00e1s de cuatro millones y medio de miembros.<\/p>\n<p>La Francmasoner\u00eda no tiene religi\u00f3n, pero para ser miembros de la Francmasoner\u00eda deben creer en un Ser Supremo, ya sea Dios, Jehov\u00e1, Al\u00e1 o cualquier otro nombre de la Deidad, sus escritos sagrados de la Biblia, la Tor\u00e1 o el Cor\u00e1n. La Masoner\u00eda anima a cada miembro a ser activo en su propia religi\u00f3n.<\/p>\n<p>Nuestras Logias Mas\u00f3nicas no est\u00e1n destinadas a negocios o agendas pol\u00edticas o religiosas. Los hombres se unen a la masoner\u00eda por el compa\u00f1erismo, tal vez haya una tradici\u00f3n familiar con padres, abuelos o t\u00edos en una Logia, o en diferentes Logias. Una vez admitido, un Hermano puede adaptarse a sus capacidades y seguir las numerosas actividades que la masoner\u00eda puede ofrecer, pero ning\u00fan Hermano es empujado m\u00e1s all\u00e1 de sus posibilidades.<\/p>\n<p>El ritual de los tres primeros grados es hermoso, de moralidad velada en alegor\u00eda e ilustrado por s\u00edmbolos, cada grado se lleva a cabo con dignidad.<\/p>\n<p>Ser mas\u00f3n lleva su tiempo, tal vez asista a una Logia de Instrucci\u00f3n semanal y su Logia se re\u00fana seis o siete veces al a\u00f1o. Luego encontrar\u00e1s el lado socializador de la masoner\u00eda, que permitir\u00e1 a tu familia participar en barbacoas, cenas, recaudaci\u00f3n de fondos y muchos otros eventos, que nos unen como una familia feliz.<\/p>\n<p>Dentro de la Gran Logia habr\u00e1 Grandes Logias Provinciales que cubrir\u00e1n diferentes \u00e1reas, cada una con su propio Gran Maestro Provincial y sus oficiales, Una vez al a\u00f1o habr\u00e1 una reuni\u00f3n anual de investidura de la Gran Logia cuando todos los oficiales de la Gran Logia sean investidos.<\/p>\n<p>Nadie sabe con certeza el comienzo de la masoner\u00eda, s\u00f3lo el Gran Arquitecto del Universo puede responder a esa pregunta, pero probablemente comenz\u00f3 en el siglo XV con aquellos artesanos operativos que construyeron magn\u00edficas catedrales, iglesias y castillos.<\/p>\n<p>En aquellos tiempos medievales, los artesanos establec\u00edan proyectos a largo plazo, com\u00edan juntos, dorm\u00edan bajo el mismo techo y establec\u00edan una Logia permanente, a la que se denominaba simplemente Logia. Hoy en d\u00eda, los masones utilizan el mismo t\u00e9rmino &#8220;logia&#8221; cuando se re\u00fanen.<\/p>\n<p>Una vez que estos artesanos hab\u00edan completado sus tareas en un lugar determinado, llevando sus habilidades en la cabeza y sus herramientas en una bolsa, estos Hermanos viajeros se dirig\u00edan al siguiente castillo o catedral. Hab\u00eda muchos peligros en esos caminos, robos o incluso asesinatos, ya que eran d\u00edas sin ley. As\u00ed que, \u00bfqu\u00e9 pod\u00eda ser m\u00e1s natural que buscar a otros compa\u00f1eros artesanos y pedirles ayuda?<\/p>\n<p>\u00bfC\u00f3mo se reconoc\u00edan estos artesanos entre s\u00ed como h\u00e1biles masones? Nuestros antiguos hermanos llevaban una contrase\u00f1a para acceder a una logia.<\/p>\n<p>Como artesanos cualificados recib\u00edan salarios elevados y, con el paso del tiempo, los pueblos dejaron de necesitar defensas y la construcci\u00f3n se traslad\u00f3 a las ciudades, al igual que los artesanos cualificados, que se asentaron estableciendo ra\u00edces y logias permanentes en todas las ciudades. Estos artesanos cualificados se convirtieron en la clase media de estas ciudades, los vecinos no pod\u00edan dejar de notar su buena vida, pronto se hizo abundante que deb\u00edan tratar de unirse y una vez que preguntaron a los artesanos cualificados la respuesta fue &#8220;S\u00ed&#8221;.<\/p>\n<p>La evoluci\u00f3n de las logias mas\u00f3nicas cambi\u00f3 de masones de piedra a forjadores de hombres, los artesanos se llamaron masones operativos y los que se unieron se convirtieron en masones especulativos.<\/p>\n<p>Por lo tanto, los artesanos han cambiado a trav\u00e9s de los tiempos, pero los hitos se han mantenido firmes y nunca cambiar\u00e1n, ya que tiene una rica historia y patrimonio.<\/p>\n<p>Si quieres saber m\u00e1s, ponte en contacto con la oficina del Gran Secretario,<\/p>\n<p>ggransecglse@hotmail.com[\/vc_column_text][\/vc_column][vc_column width=&#8221;1\/2&#8243;]<div class=\"eut-element eut-image eut-align-center\" style=\"\"><img loading=\"lazy\" decoding=\"async\" width=\"2000\" height=\"2000\" src=\"https:\/\/glsei.org\/wp-content\/uploads\/2023\/04\/grid_0-23.jpg\" class=\"attachment-full size-full\" alt=\"\" srcset=\"https:\/\/glsei.org\/wp-content\/uploads\/2023\/04\/grid_0-23.jpg 2000w, https:\/\/glsei.org\/wp-content\/uploads\/2023\/04\/grid_0-23-300x300.jpg 300w, https:\/\/glsei.org\/wp-content\/uploads\/2023\/04\/grid_0-23-1024x1024.jpg 1024w, https:\/\/glsei.org\/wp-content\/uploads\/2023\/04\/grid_0-23-150x150.jpg 150w, https:\/\/glsei.org\/wp-content\/uploads\/2023\/04\/grid_0-23-768x768.jpg 768w, https:\/\/glsei.org\/wp-content\/uploads\/2023\/04\/grid_0-23-1536x1536.jpg 1536w, https:\/\/glsei.org\/wp-content\/uploads\/2023\/04\/grid_0-23-600x600.jpg 600w, https:\/\/glsei.org\/wp-content\/uploads\/2023\/04\/grid_0-23-1120x1120.jpg 1120w, https:\/\/glsei.org\/wp-content\/uploads\/2023\/04\/grid_0-23-1920x1920.jpg 1920w\" sizes=\"auto, (max-width: 2000px) 100vw, 2000px\" \/><\/div>[\/vc_column][\/vc_row][vc_row section_type=&#8221;fullwidth-element&#8221; margin_bottom=&#8221;0&#8243;][vc_column]<div class=\"eut-element eut-hr \" style=\"\"><div class=\"eut-line-divider\"><\/div><\/div>[\/vc_column][\/vc_row]<\/p>\n<\/section>","protected":false},"excerpt":{"rendered":"<p>[vc_row header_feature=&#8221;yes&#8221; padding_top=&#8221;120&#8243; padding_bottom=&#8221;120&#8243; margin_bottom=&#8221;0&#8243;][vc_column width=&#8221;1\/2&#8243;][vc_column_text animation=&#8221;fadeInLeft&#8221;] Informaci\u00f3n para Masones &nbsp; Aviso Importante Como Francmas\u00f3n de la Gran Logia Simb\u00f3lica, se considera mas\u00f3nicamente impropio comunicarse con otras jurisdicciones excepto a trav\u00e9s del Gran Secretario. Por favor, tenga en cuenta este aviso muy importante. &#8230;&#8230;&#8230;&#8230;&#8230;&#8230;&#8230;&#8230;&#8230;&#8230;&#8230;&#8230;&#8230;&#8230;&#8230;&#8230;&#8230;&#8230;&#8230;&#8230;&#8230;&#8230;&#8230;&#8230;&#8230;&#8230;&#8230;&#8230;&#8230;&#8230;. Reuni\u00f3n Anual del Secretario de Logia Es con esperanza cada a\u00f1o [&hellip;]<\/p>\n","protected":false},"author":1,"featured_media":0,"parent":0,"menu_order":0,"comment_status":"closed","ping_status":"closed","template":"","meta":{"footnotes":""},"class_list":["post-2631","page","type-page","status-publish","hentry"],"_links":{"self":[{"href":"https:\/\/glsei.org\/es\/wp-json\/wp\/v2\/pages\/2631","targetHints":{"allow":["GET"]}}],"collection":[{"href":"https:\/\/glsei.org\/es\/wp-json\/wp\/v2\/pages"}],"about":[{"href":"https:\/\/glsei.org\/es\/wp-json\/wp\/v2\/types\/page"}],"author":[{"embeddable":true,"href":"https:\/\/glsei.org\/es\/wp-json\/wp\/v2\/users\/1"}],"replies":[{"embeddable":true,"href":"https:\/\/glsei.org\/es\/wp-json\/wp\/v2\/comments?post=2631"}],"version-history":[{"count":5,"href":"https:\/\/glsei.org\/es\/wp-json\/wp\/v2\/pages\/2631\/revisions"}],"predecessor-version":[{"id":2636,"href":"https:\/\/glsei.org\/es\/wp-json\/wp\/v2\/pages\/2631\/revisions\/2636"}],"wp:attachment":[{"href":"https:\/\/glsei.org\/es\/wp-json\/wp\/v2\/media?parent=2631"}],"curies":[{"name":"wp","href":"https:\/\/api.w.org\/{rel}","templated":true}]}}