{"id":2570,"date":"2023-04-29T16:45:22","date_gmt":"2023-04-29T16:45:22","guid":{"rendered":"http:\/\/glsei.local\/?page_id=2570"},"modified":"2023-04-29T17:16:23","modified_gmt":"2023-04-29T17:16:23","slug":"joining-freemasonry","status":"publish","type":"page","link":"https:\/\/glsei.org\/es\/joining-freemasonry\/","title":{"rendered":"UNIRSE A LA MASONER\u00cdA"},"content":{"rendered":"<section class=\"wpb-content-wrapper\"><p>[vc_row header_feature=&#8221;yes&#8221; padding_top=&#8221;120&#8243; padding_bottom=&#8221;120&#8243; margin_bottom=&#8221;0&#8243;][vc_column width=&#8221;1\/2&#8243;][vc_column_text animation=&#8221;fadeInLeft&#8221;]<\/p>\n<h3>Unirse a la Masoner\u00eda<\/h3>\n<p>&nbsp;<\/p>\n<p>Siendo la fraternidad m\u00e1s grande del mundo, la francmasoner\u00eda puede presumir de tener reyes, presidentes, primeros ministros, almirantes, generales, jueces de tribunales superiores, estrellas de cine e incluso el hombre que vive en su misma calle y con quien se cruza a diario.<\/p>\n<p>La Francmasoner\u00eda siempre est\u00e1 buscando hombres buenos y verdaderos a partir de los 21 a\u00f1os.<\/p>\n<p>Primero hay que responder a algunas preguntas, y si puedes ponerte la mano en el coraz\u00f3n, diciendo s\u00ed puedo, la Masoner\u00eda es para ti.<\/p>\n<p><strong>\u00bfCrees en Dios?<\/strong><br \/>\nLa Francmasoner\u00eda no intenta reemplazar a la religi\u00f3n, pero uno debe creer en Dios. A los Francmasones no les preocupa cu\u00e1l es su fe individual, esa es una cuesti\u00f3n entre usted y su Dios. Sin embargo, ning\u00fan ateo puede convertirse en mas\u00f3n.<\/p>\n<p><strong>\u00bfCu\u00e1nto cuesta ser mas\u00f3n?<\/strong><br \/>\nVar\u00eda de una logia a otra, pero cualquiera que desee afiliarse podr\u00e1 encontrar una logia que se adapte a su bolsillo. Hay que pagar una cuota de iniciaci\u00f3n y comprar un delantal. El miembro paga una cuota anual a su logia que cubre todos los gastos administrativos. Despu\u00e9s de la reuni\u00f3n suele haber una comida que cuesta entre 14 y 20 euros.<\/p>\n<p><strong>Los tres grandes principios<\/strong><\/p>\n<p><strong>Amor fraternal<\/strong>, todo verdadero francmas\u00f3n mostrar\u00e1 tolerancia y respeto por las opiniones de los dem\u00e1s y se comportar\u00e1 con amabilidad y comprensi\u00f3n hacia sus semejantes.<\/p>\n<p><strong>Ayuda<\/strong>, a los francmasones se les ense\u00f1a a practicar la caridad, y a preocuparse, no s\u00f3lo por los suyos, sino tambi\u00e9n por la comunidad en su conjunto, tanto mediante donaciones caritativas, como mediante esfuerzos y trabajos voluntarios como individuos.<\/p>\n<p><strong>Caridad<\/strong>, Desde los primeros d\u00edas, la masoner\u00eda se ha preocupado por el cuidado de los hu\u00e9rfanos, los enfermos y los ancianos, esta labor contin\u00faa hoy en d\u00eda, se dan sumas de dinero a organizaciones ben\u00e9ficas nacionales y locales.<\/p>\n<p><strong>Francmasoner\u00eda y sociedad:<\/strong>\u00a0los Francmasones creen que un pa\u00eds es fuerte mientras la libertad, la igualdad y la oportunidad para el desarrollo humano se ofrezca a todos. Un francmas\u00f3n es fiel a la ley de su pa\u00eds y apoya su autoridad cuando ambas se aplican de forma justa y equitativa. El uso por parte de un francmas\u00f3n de su condici\u00f3n de miembro para promover sus propios intereses comerciales, profesionales o personales, o los de cualquier otra persona, est\u00e1 condenado y es contrario a las condiciones por las que solicit\u00f3 su admisi\u00f3n en la francmasoner\u00eda.<\/p>\n<p>Los Francmasones deben mostrar compasi\u00f3n hacia los dem\u00e1s, creemos en una cierta referencia por los seres vivos, ternura hacia las personas que sufren. Una bondad amorosa hacia nuestros semejantes y el deseo de hacer lo correcto porque es correcto. La Masoner\u00eda ense\u00f1a que aunque todos los hombres son falibles y capaces de mucho mal, cuando descubren la bondad del coraz\u00f3n, han encontrado la verdadera esencia de la virtud. La Francmasoner\u00eda ayuda a los hombres a ver su potencial de profunda bondad y virtud.<\/p>\n<p><strong>\u00bfCree que los hombres deben esforzarse por vivir una vida fraternal?<\/strong><br \/>\nLos francmasones ven la fraternidad como una forma de sabidur\u00eda, un v\u00ednculo que mantiene unidos a los hombres, una amistad privada que nos dice que nos debemos unos a otros ser justos en nuestros tratos y negarnos a hablar mal de los dem\u00e1s.<\/p>\n<p>Si su respuesta es &#8220;S\u00ed&#8221;, deber\u00eda considerar la posibilidad de hacerse mas\u00f3n.<\/p>\n<p>La francmasoner\u00eda ofrece mucho a sus miembros, la oportunidad de crecer, la oportunidad de marcar la diferencia, de construir un mundo mejor para nuestros hijos. Ofrece la oportunidad de estar y trabajar con hombres que tienen los mismos valores e ideales, hombres que han respondido &#8220;S\u00ed&#8221; a estas preguntas.<\/p>\n<p>Es f\u00e1cil obtener m\u00e1s informaci\u00f3n. Env\u00ede un correo electr\u00f3nico al Gran Secretario o, si sabe d\u00f3nde se celebra la Logia local, pase por all\u00ed y ver\u00e1 que el Secretario estar\u00e1 encantado de ayudarle.<\/p>\n<p>Si est\u00e1 considerando unirse a la masoner\u00eda, nos gustar\u00eda tener la oportunidad de hablar con usted.<\/p>\n<p>gransecglse@hotmail.com[\/vc_column_text][\/vc_column][vc_column width=&#8221;1\/2&#8243;]<div class=\"eut-element eut-image eut-align-center\" style=\"\"><img loading=\"lazy\" decoding=\"async\" width=\"2000\" height=\"1333\" src=\"https:\/\/glsei.org\/wp-content\/uploads\/2023\/04\/grid_0-15.jpg\" class=\"attachment-full size-full\" alt=\"\" srcset=\"https:\/\/glsei.org\/wp-content\/uploads\/2023\/04\/grid_0-15.jpg 2000w, https:\/\/glsei.org\/wp-content\/uploads\/2023\/04\/grid_0-15-300x200.jpg 300w, https:\/\/glsei.org\/wp-content\/uploads\/2023\/04\/grid_0-15-1024x682.jpg 1024w, https:\/\/glsei.org\/wp-content\/uploads\/2023\/04\/grid_0-15-768x512.jpg 768w, https:\/\/glsei.org\/wp-content\/uploads\/2023\/04\/grid_0-15-1536x1024.jpg 1536w, https:\/\/glsei.org\/wp-content\/uploads\/2023\/04\/grid_0-15-1920x1280.jpg 1920w\" sizes=\"auto, (max-width: 2000px) 100vw, 2000px\" \/><\/div><div class=\"eut-element eut-hr \" style=\"\"><div class=\"eut-line-divider\"><\/div><\/div>[vc_raw_html]JTVCY29udGFjdC1mb3JtLTclMjBpZCUzRCUyMjI0MzMlMjIlMjB0aXRsZSUzRCUyMkNvbnRhY3QlMjBTUEFOSVNIJTIyJTVE[\/vc_raw_html][\/vc_column][\/vc_row][vc_row section_type=&#8221;fullwidth-element&#8221; margin_bottom=&#8221;0&#8243;][vc_column]<div class=\"eut-element eut-hr \" style=\"\"><div class=\"eut-line-divider\"><\/div><\/div>[\/vc_column][\/vc_row]<\/p>\n<\/section>","protected":false},"excerpt":{"rendered":"<p>[vc_row header_feature=&#8221;yes&#8221; padding_top=&#8221;120&#8243; padding_bottom=&#8221;120&#8243; margin_bottom=&#8221;0&#8243;][vc_column width=&#8221;1\/2&#8243;][vc_column_text animation=&#8221;fadeInLeft&#8221;] Unirse a la Masoner\u00eda &nbsp; Siendo la fraternidad m\u00e1s grande del mundo, la francmasoner\u00eda puede presumir de tener reyes, presidentes, primeros ministros, almirantes, generales, jueces de tribunales superiores, estrellas de cine e incluso el hombre que vive en su misma calle y con quien se cruza a diario. [&hellip;]<\/p>\n","protected":false},"author":1,"featured_media":0,"parent":0,"menu_order":0,"comment_status":"closed","ping_status":"closed","template":"","meta":{"footnotes":""},"class_list":["post-2570","page","type-page","status-publish","hentry"],"_links":{"self":[{"href":"https:\/\/glsei.org\/es\/wp-json\/wp\/v2\/pages\/2570","targetHints":{"allow":["GET"]}}],"collection":[{"href":"https:\/\/glsei.org\/es\/wp-json\/wp\/v2\/pages"}],"about":[{"href":"https:\/\/glsei.org\/es\/wp-json\/wp\/v2\/types\/page"}],"author":[{"embeddable":true,"href":"https:\/\/glsei.org\/es\/wp-json\/wp\/v2\/users\/1"}],"replies":[{"embeddable":true,"href":"https:\/\/glsei.org\/es\/wp-json\/wp\/v2\/comments?post=2570"}],"version-history":[{"count":16,"href":"https:\/\/glsei.org\/es\/wp-json\/wp\/v2\/pages\/2570\/revisions"}],"predecessor-version":[{"id":2586,"href":"https:\/\/glsei.org\/es\/wp-json\/wp\/v2\/pages\/2570\/revisions\/2586"}],"wp:attachment":[{"href":"https:\/\/glsei.org\/es\/wp-json\/wp\/v2\/media?parent=2570"}],"curies":[{"name":"wp","href":"https:\/\/api.w.org\/{rel}","templated":true}]}}