{"id":2552,"date":"2023-04-29T15:05:53","date_gmt":"2023-04-29T15:05:53","guid":{"rendered":"http:\/\/glsei.local\/?page_id=2552"},"modified":"2023-04-29T15:44:08","modified_gmt":"2023-04-29T15:44:08","slug":"royal-arch-chapter","status":"publish","type":"page","link":"https:\/\/glsei.org\/es\/royal-arch-chapter\/","title":{"rendered":"CAP\u00cdTULO DEL ARCO REAL"},"content":{"rendered":"<section class=\"wpb-content-wrapper\"><p>[vc_row header_feature=&#8221;yes&#8221; padding_top=&#8221;120&#8243; padding_bottom=&#8221;120&#8243; margin_bottom=&#8221;0&#8243;][vc_column width=&#8221;1\/2&#8243;][vc_column_text animation=&#8221;fadeInLeft&#8221;]<\/p>\n<h3 class=\"itemTitle\">Cap\u00edtulo del Arco Real<\/h3>\n<p>En este mundo en constante cambio, el ritual mas\u00f3nico tambi\u00e9n es cambiante. Lo que hemos recibido de nuestros padres masones es bueno y maravilloso, que ha sido escudri\u00f1ado y alterado de vez en cuando. Desafortunadamente, algunos de los cambios que se han realizado no se han hecho de acuerdo con el mejor conocimiento y las mejores tradiciones mas\u00f3nicas.<\/p>\n<p>El comit\u00e9 ejecutivo de la Gran Logia ha examinado y discutido a fondo estos cambios y ahora ha presentado una forma razonable y un ritual est\u00e1ndar, todo lo cual recomendamos a la atenci\u00f3n comprensiva de nuestros Masones del Arco Real.<\/p>\n<p>Nuestra recomendaci\u00f3n del ritual viene por una buena raz\u00f3n, permite a diferentes compa\u00f1eros compartir el ritual de esta manera &#8220;significa un cambio de voces, haciendo as\u00ed a los presentes m\u00e1s atentos y receptivos al significado del ritual del Arco Real&#8221;.<\/p>\n<p>A este respecto, Compa\u00f1eros, Fray Rudyard Kipling dijo: &#8220;Hay nueve y sesenta maneras de construir laicos tribales, y cada una de ellas es correcta&#8221;. Su principio no es menos cierto para la Masoner\u00eda.[\/vc_column_text]<div class=\"eut-element eut-hr \" style=\"\"><div class=\"eut-line-divider\"><\/div><\/div>[vc_column_text]<\/p>\n<p align=\"left\"><strong>Cap\u00edtulos del Arco Real<\/strong><\/p>\n<p align=\"left\">Temple Guard Cap\u00edtulo #1<\/p>\n<p align=\"left\">Sinceridad Cap\u00edtulo #2<\/p>\n<p align=\"left\">Renascence Cap\u00edtulo #3<\/p>\n<p>Lanzarote Cap\u00edtulo #4[\/vc_column_text][\/vc_column][vc_column width=&#8221;1\/2&#8243;]<div class=\"eut-element eut-image eut-align-center\" style=\"\"><img loading=\"lazy\" decoding=\"async\" width=\"1024\" height=\"1024\" src=\"https:\/\/glsei.org\/wp-content\/uploads\/2023\/04\/grid_0-39.png\" class=\"attachment-full size-full\" alt=\"\" srcset=\"https:\/\/glsei.org\/wp-content\/uploads\/2023\/04\/grid_0-39.png 1024w, https:\/\/glsei.org\/wp-content\/uploads\/2023\/04\/grid_0-39-300x300.png 300w, https:\/\/glsei.org\/wp-content\/uploads\/2023\/04\/grid_0-39-150x150.png 150w, https:\/\/glsei.org\/wp-content\/uploads\/2023\/04\/grid_0-39-768x768.png 768w, https:\/\/glsei.org\/wp-content\/uploads\/2023\/04\/grid_0-39-600x600.png 600w\" sizes=\"auto, (max-width: 1024px) 100vw, 1024px\" \/><\/div>[\/vc_column][\/vc_row][vc_row section_type=&#8221;fullwidth-element&#8221; margin_bottom=&#8221;0&#8243;][vc_column]<div class=\"eut-element eut-hr \" style=\"\"><div class=\"eut-line-divider\"><\/div><\/div>[\/vc_column][\/vc_row]<\/p>\n<\/section>","protected":false},"excerpt":{"rendered":"<p>[vc_row header_feature=&#8221;yes&#8221; padding_top=&#8221;120&#8243; padding_bottom=&#8221;120&#8243; margin_bottom=&#8221;0&#8243;][vc_column width=&#8221;1\/2&#8243;][vc_column_text animation=&#8221;fadeInLeft&#8221;] Cap\u00edtulo del Arco Real En este mundo en constante cambio, el ritual mas\u00f3nico tambi\u00e9n es cambiante. Lo que hemos recibido de nuestros padres masones es bueno y maravilloso, que ha sido escudri\u00f1ado y alterado de vez en cuando. Desafortunadamente, algunos de los cambios que se han realizado no [&hellip;]<\/p>\n","protected":false},"author":1,"featured_media":0,"parent":0,"menu_order":0,"comment_status":"closed","ping_status":"closed","template":"","meta":{"footnotes":""},"class_list":["post-2552","page","type-page","status-publish","hentry"],"_links":{"self":[{"href":"https:\/\/glsei.org\/es\/wp-json\/wp\/v2\/pages\/2552","targetHints":{"allow":["GET"]}}],"collection":[{"href":"https:\/\/glsei.org\/es\/wp-json\/wp\/v2\/pages"}],"about":[{"href":"https:\/\/glsei.org\/es\/wp-json\/wp\/v2\/types\/page"}],"author":[{"embeddable":true,"href":"https:\/\/glsei.org\/es\/wp-json\/wp\/v2\/users\/1"}],"replies":[{"embeddable":true,"href":"https:\/\/glsei.org\/es\/wp-json\/wp\/v2\/comments?post=2552"}],"version-history":[{"count":7,"href":"https:\/\/glsei.org\/es\/wp-json\/wp\/v2\/pages\/2552\/revisions"}],"predecessor-version":[{"id":2561,"href":"https:\/\/glsei.org\/es\/wp-json\/wp\/v2\/pages\/2552\/revisions\/2561"}],"wp:attachment":[{"href":"https:\/\/glsei.org\/es\/wp-json\/wp\/v2\/media?parent=2552"}],"curies":[{"name":"wp","href":"https:\/\/api.w.org\/{rel}","templated":true}]}}