{"id":2530,"date":"2023-04-25T19:15:42","date_gmt":"2023-04-25T19:15:42","guid":{"rendered":"http:\/\/glsei.local\/?page_id=2530"},"modified":"2023-04-25T19:28:12","modified_gmt":"2023-04-25T19:28:12","slug":"grand-lodge-annual-meeting","status":"publish","type":"page","link":"https:\/\/glsei.org\/es\/grand-lodge-annual-meeting\/","title":{"rendered":"REUNI\u00d3N ANUAL DE GRAN LOGIA"},"content":{"rendered":"<section class=\"wpb-content-wrapper\"><p>[vc_row header_feature=&#8221;yes&#8221; padding_top=&#8221;120&#8243; padding_bottom=&#8221;120&#8243; margin_bottom=&#8221;0&#8243;][vc_column width=&#8221;1\/2&#8243;][vc_column_text animation=&#8221;fadeInLeft&#8221;]<\/p>\n<h3 class=\"itemTitle\">Reuni\u00f3n Anual de Gran Logia<\/h3>\n<p>La Asamblea Anual de la Gran Logia se celebrar\u00e1 el primer s\u00e1bado de marzo de cada a\u00f1o.<\/p>\n<p>Este a\u00f1o de 2023, la Asamblea se celebr\u00f3 el 4 de marzo.<\/p>\n<p>La reuni\u00f3n de Comunicaci\u00f3n Trimestral se celebrar\u00e1 el tercer viernes de noviembre de cada a\u00f1o. La fecha exacta, en caso de cambios, se comunicar\u00e1 posteriormente.<\/p>\n<p>Para 2024, la fecha se comunicar\u00e1 cuando la Reuni\u00f3n est\u00e9 pr\u00f3xima a celebrarse.<\/p>\n<p>La Asamblea General se reunir\u00e1 en tres ocasiones: El cuarto viernes de enero, el primer viernes de junio y tambi\u00e9n el primer viernes de octubre.[\/vc_column_text][\/vc_column][vc_column width=&#8221;1\/2&#8243;]<div class=\"eut-element eut-image eut-align-center\" style=\"\"><img loading=\"lazy\" decoding=\"async\" width=\"1024\" height=\"1024\" src=\"https:\/\/glsei.org\/wp-content\/uploads\/2023\/04\/grid_0-37.png\" class=\"attachment-full size-full\" alt=\"\" srcset=\"https:\/\/glsei.org\/wp-content\/uploads\/2023\/04\/grid_0-37.png 1024w, https:\/\/glsei.org\/wp-content\/uploads\/2023\/04\/grid_0-37-300x300.png 300w, https:\/\/glsei.org\/wp-content\/uploads\/2023\/04\/grid_0-37-150x150.png 150w, https:\/\/glsei.org\/wp-content\/uploads\/2023\/04\/grid_0-37-768x768.png 768w, https:\/\/glsei.org\/wp-content\/uploads\/2023\/04\/grid_0-37-600x600.png 600w\" sizes=\"auto, (max-width: 1024px) 100vw, 1024px\" \/><\/div>[\/vc_column][\/vc_row][vc_row section_type=&#8221;fullwidth-element&#8221; margin_bottom=&#8221;0&#8243;][vc_column]<div class=\"eut-element eut-hr \" style=\"\"><div class=\"eut-line-divider\"><\/div><\/div>[\/vc_column][\/vc_row]<\/p>\n<\/section>","protected":false},"excerpt":{"rendered":"<p>[vc_row header_feature=&#8221;yes&#8221; padding_top=&#8221;120&#8243; padding_bottom=&#8221;120&#8243; margin_bottom=&#8221;0&#8243;][vc_column width=&#8221;1\/2&#8243;][vc_column_text animation=&#8221;fadeInLeft&#8221;] Reuni\u00f3n Anual de Gran Logia La Asamblea Anual de la Gran Logia se celebrar\u00e1 el primer s\u00e1bado de marzo de cada a\u00f1o. Este a\u00f1o de 2023, la Asamblea se celebr\u00f3 el 4 de marzo. La reuni\u00f3n de Comunicaci\u00f3n Trimestral se celebrar\u00e1 el tercer viernes de noviembre de cada [&hellip;]<\/p>\n","protected":false},"author":1,"featured_media":0,"parent":0,"menu_order":0,"comment_status":"closed","ping_status":"closed","template":"","meta":{"footnotes":""},"class_list":["post-2530","page","type-page","status-publish","hentry"],"_links":{"self":[{"href":"https:\/\/glsei.org\/es\/wp-json\/wp\/v2\/pages\/2530","targetHints":{"allow":["GET"]}}],"collection":[{"href":"https:\/\/glsei.org\/es\/wp-json\/wp\/v2\/pages"}],"about":[{"href":"https:\/\/glsei.org\/es\/wp-json\/wp\/v2\/types\/page"}],"author":[{"embeddable":true,"href":"https:\/\/glsei.org\/es\/wp-json\/wp\/v2\/users\/1"}],"replies":[{"embeddable":true,"href":"https:\/\/glsei.org\/es\/wp-json\/wp\/v2\/comments?post=2530"}],"version-history":[{"count":3,"href":"https:\/\/glsei.org\/es\/wp-json\/wp\/v2\/pages\/2530\/revisions"}],"predecessor-version":[{"id":2534,"href":"https:\/\/glsei.org\/es\/wp-json\/wp\/v2\/pages\/2530\/revisions\/2534"}],"wp:attachment":[{"href":"https:\/\/glsei.org\/es\/wp-json\/wp\/v2\/media?parent=2530"}],"curies":[{"name":"wp","href":"https:\/\/api.w.org\/{rel}","templated":true}]}}