{"id":2525,"date":"2023-04-25T17:59:50","date_gmt":"2023-04-25T17:59:50","guid":{"rendered":"http:\/\/glsei.local\/?page_id=2525"},"modified":"2023-04-25T18:03:29","modified_gmt":"2023-04-25T18:03:29","slug":"grand-secretary","status":"publish","type":"page","link":"https:\/\/glsei.org\/es\/grand-secretary\/","title":{"rendered":"GRAN SECRETARIO"},"content":{"rendered":"<section class=\"wpb-content-wrapper\"><p>[vc_row header_feature=&#8221;yes&#8221; padding_top=&#8221;120&#8243; padding_bottom=&#8221;120&#8243; margin_bottom=&#8221;0&#8243;][vc_column width=&#8221;1\/2&#8243;][vc_column_text animation=&#8221;fadeInLeft&#8221;]<\/p>\n<h3 class=\"itemTitle\">Gran Secretario<\/h3>\n<p>La misi\u00f3n de la oficina del Gran Secretario es proporcionar servicios r\u00e1pidos y precisos a los miembros de la Gran Logia Simb\u00f3lica de Espa\u00f1a e Iberia, y especialmente a los Secretarios de Logia.<\/p>\n<p>Disponemos de tres direcciones de correo electr\u00f3nico diferentes:<\/p>\n<p class=\"Estilo10\" align=\"center\"><span class=\"Estilo11\"><a href=\"mailto:grandmaster@glsei.org\">grandmaster@glsei.org<\/a><\/span><\/p>\n<p class=\"Estilo12\" align=\"center\"><a href=\"mailto:gransecglse@hotmail.com\">gransecglse@hotmail.com<\/a><\/p>\n<p class=\"Estilo10\" align=\"center\"><span class=\"Estilo11\"><a href=\"mailto:grandtreasurer@glsei.org\">grandtreasurer@glsei.org<\/a><\/span><\/p>\n<p>Esperamos poder celebrar cada a\u00f1o una reuni\u00f3n de secretarios de logia en la misma fecha que nuestra reuni\u00f3n anual de la Gran Logia para reforzar nuestros conocimientos colectivos y operaciones administrativas y mejorar la comunicaci\u00f3n con la oficina del Gran Secretario.[\/vc_column_text][\/vc_column][vc_column width=&#8221;1\/2&#8243;]<div class=\"eut-element eut-image eut-align-center\" style=\"\"><img loading=\"lazy\" decoding=\"async\" width=\"1024\" height=\"1024\" src=\"https:\/\/glsei.org\/wp-content\/uploads\/2023\/04\/grid_0-34.png\" class=\"attachment-full size-full\" alt=\"\" srcset=\"https:\/\/glsei.org\/wp-content\/uploads\/2023\/04\/grid_0-34.png 1024w, https:\/\/glsei.org\/wp-content\/uploads\/2023\/04\/grid_0-34-300x300.png 300w, https:\/\/glsei.org\/wp-content\/uploads\/2023\/04\/grid_0-34-150x150.png 150w, https:\/\/glsei.org\/wp-content\/uploads\/2023\/04\/grid_0-34-768x768.png 768w, https:\/\/glsei.org\/wp-content\/uploads\/2023\/04\/grid_0-34-600x600.png 600w\" sizes=\"auto, (max-width: 1024px) 100vw, 1024px\" \/><\/div>[\/vc_column][\/vc_row][vc_row section_type=&#8221;fullwidth-element&#8221; margin_bottom=&#8221;0&#8243;][vc_column]<div class=\"eut-element eut-hr \" style=\"\"><div class=\"eut-line-divider\"><\/div><\/div>[\/vc_column][\/vc_row]<\/p>\n<\/section>","protected":false},"excerpt":{"rendered":"<p>[vc_row header_feature=&#8221;yes&#8221; padding_top=&#8221;120&#8243; padding_bottom=&#8221;120&#8243; margin_bottom=&#8221;0&#8243;][vc_column width=&#8221;1\/2&#8243;][vc_column_text animation=&#8221;fadeInLeft&#8221;] Gran Secretario La misi\u00f3n de la oficina del Gran Secretario es proporcionar servicios r\u00e1pidos y precisos a los miembros de la Gran Logia Simb\u00f3lica de Espa\u00f1a e Iberia, y especialmente a los Secretarios de Logia. Disponemos de tres direcciones de correo electr\u00f3nico diferentes: grandmaster@glsei.org gransecglse@hotmail.com grandtreasurer@glsei.org Esperamos poder [&hellip;]<\/p>\n","protected":false},"author":1,"featured_media":0,"parent":0,"menu_order":0,"comment_status":"closed","ping_status":"closed","template":"","meta":{"footnotes":""},"class_list":["post-2525","page","type-page","status-publish","hentry"],"_links":{"self":[{"href":"https:\/\/glsei.org\/es\/wp-json\/wp\/v2\/pages\/2525","targetHints":{"allow":["GET"]}}],"collection":[{"href":"https:\/\/glsei.org\/es\/wp-json\/wp\/v2\/pages"}],"about":[{"href":"https:\/\/glsei.org\/es\/wp-json\/wp\/v2\/types\/page"}],"author":[{"embeddable":true,"href":"https:\/\/glsei.org\/es\/wp-json\/wp\/v2\/users\/1"}],"replies":[{"embeddable":true,"href":"https:\/\/glsei.org\/es\/wp-json\/wp\/v2\/comments?post=2525"}],"version-history":[{"count":3,"href":"https:\/\/glsei.org\/es\/wp-json\/wp\/v2\/pages\/2525\/revisions"}],"predecessor-version":[{"id":2529,"href":"https:\/\/glsei.org\/es\/wp-json\/wp\/v2\/pages\/2525\/revisions\/2529"}],"wp:attachment":[{"href":"https:\/\/glsei.org\/es\/wp-json\/wp\/v2\/media?parent=2525"}],"curies":[{"name":"wp","href":"https:\/\/api.w.org\/{rel}","templated":true}]}}