{"id":2286,"date":"2016-01-03T23:25:57","date_gmt":"2016-01-03T23:25:57","guid":{"rendered":"http:\/\/glsei.local\/home-classic\/"},"modified":"2023-04-25T17:22:57","modified_gmt":"2023-04-25T17:22:57","slug":"home-classic","status":"publish","type":"page","link":"https:\/\/glsei.org\/es\/","title":{"rendered":"Inicio"},"content":{"rendered":"<section class=\"wpb-content-wrapper\"><p>[vc_column][\/vc_column][vc_row bg_type=&#8221;color&#8221; header_feature=&#8221;yes&#8221; padding_top=&#8221;120&#8243; padding_bottom=&#8221;120&#8243; margin_bottom=&#8221;0&#8243; bg_color=&#8221;#f7f7f7&#8243;][vc_column]<div class=\"eut-element eut-slogan eut-align-center eut-animated-item eut-fadeInUp\" style=\"\" data-delay=\"200\"><h3 class=\"eut-slogan-title eut-align-center eut-title-line\"><span>SALUDOS<\/span><\/h3>  <p class=\"\">Nos complace darle la bienvenida, en nombre de todos los Hermanos, a la p\u00e1gina web oficial de la Gran Logia Simb\u00f3lica de Espa\u00f1a e Iberia.<\/p>\n<p>Hemos desarrollado este sitio web como un medio para compartir nuestras actividades pasadas, presentes y futuras.<\/p>\n<p>Nuestro objetivo es ser lo m\u00e1s informativo posible para todos los Masones y Visitantes. Por favor, consulte nuestra p\u00e1gina web completa.<\/p>\n<p>Si tiene alguna pregunta, puede utilizar el formulario de contacto situado m\u00e1s abajo en esta p\u00e1gina.<\/p>\n<p>Nuestra oficina est\u00e1 abierta de 9 de la ma\u00f1ana a 12 del mediod\u00eda, as\u00ed que por favor sea paciente en la espera de una respuesta.<\/p>\n<p>Gran Secretario.<\/p><\/div>[\/vc_column][vc_column][vc_empty_space height=&#8221;40&#8243;][\/vc_column][\/vc_row][vc_row heading_color=&#8221;light&#8221; bg_type=&#8221;image&#8221; bg_image=&#8221;2376&#8243; bg_image_type=&#8221;parallax&#8221; color_overlay=&#8221;dark&#8221; opacity_overlay=&#8221;80&#8243; font_color=&#8221;#ffffff&#8221; padding_top=&#8221;150&#8243; padding_bottom=&#8221;150&#8243; margin_bottom=&#8221;0&#8243;][vc_column css=&#8221;.vc_custom_1450666486729{padding-right: 12% !important;padding-left: 12% !important;}&#8221;]<h3 class=\"eut-element eut-align-center eut-title-line\" style=\"\"><span>\u00daNASE A LA FRANCMASONER\u00cdA<\/span><\/h3>[vc_raw_html]JTVCY29udGFjdC1mb3JtLTclMjBpZCUzRCUyMjI0MzMlMjIlMjB0aXRsZSUzRCUyMkNvbnRhY3QlMjBTUEFOSVNIJTIyJTVE[\/vc_raw_html][\/vc_column][\/vc_row]<\/p>\n<\/section>","protected":false},"excerpt":{"rendered":"<p>[vc_column][\/vc_column][vc_row bg_type=&#8221;color&#8221; header_feature=&#8221;yes&#8221; padding_top=&#8221;120&#8243; padding_bottom=&#8221;120&#8243; margin_bottom=&#8221;0&#8243; bg_color=&#8221;#f7f7f7&#8243;][vc_column][\/vc_column][vc_column][vc_empty_space height=&#8221;40&#8243;][\/vc_column][\/vc_row][vc_row heading_color=&#8221;light&#8221; bg_type=&#8221;image&#8221; bg_image=&#8221;2376&#8243; bg_image_type=&#8221;parallax&#8221; color_overlay=&#8221;dark&#8221; opacity_overlay=&#8221;80&#8243; font_color=&#8221;#ffffff&#8221; padding_top=&#8221;150&#8243; padding_bottom=&#8221;150&#8243; margin_bottom=&#8221;0&#8243;][vc_column css=&#8221;.vc_custom_1450666486729{padding-right: 12% !important;padding-left: 12% !important;}&#8221;][vc_raw_html]JTVCY29udGFjdC1mb3JtLTclMjBpZCUzRCUyMjI0MzMlMjIlMjB0aXRsZSUzRCUyMkNvbnRhY3QlMjBTUEFOSVNIJTIyJTVE[\/vc_raw_html][\/vc_column][\/vc_row]<\/p>\n","protected":false},"author":1,"featured_media":0,"parent":0,"menu_order":0,"comment_status":"closed","ping_status":"closed","template":"","meta":{"footnotes":""},"class_list":["post-2286","page","type-page","status-publish","hentry"],"_links":{"self":[{"href":"https:\/\/glsei.org\/es\/wp-json\/wp\/v2\/pages\/2286","targetHints":{"allow":["GET"]}}],"collection":[{"href":"https:\/\/glsei.org\/es\/wp-json\/wp\/v2\/pages"}],"about":[{"href":"https:\/\/glsei.org\/es\/wp-json\/wp\/v2\/types\/page"}],"author":[{"embeddable":true,"href":"https:\/\/glsei.org\/es\/wp-json\/wp\/v2\/users\/1"}],"replies":[{"embeddable":true,"href":"https:\/\/glsei.org\/es\/wp-json\/wp\/v2\/comments?post=2286"}],"version-history":[{"count":25,"href":"https:\/\/glsei.org\/es\/wp-json\/wp\/v2\/pages\/2286\/revisions"}],"predecessor-version":[{"id":2512,"href":"https:\/\/glsei.org\/es\/wp-json\/wp\/v2\/pages\/2286\/revisions\/2512"}],"wp:attachment":[{"href":"https:\/\/glsei.org\/es\/wp-json\/wp\/v2\/media?parent=2286"}],"curies":[{"name":"wp","href":"https:\/\/api.w.org\/{rel}","templated":true}]}}