{"id":203,"date":"2015-11-25T13:04:59","date_gmt":"2015-11-25T13:04:59","guid":{"rendered":"http:\/\/glsei.local\/about-us-2\/"},"modified":"2023-04-25T10:07:46","modified_gmt":"2023-04-25T10:07:46","slug":"history","status":"publish","type":"page","link":"https:\/\/glsei.org\/es\/history\/","title":{"rendered":"HISTORIA"},"content":{"rendered":"<section class=\"wpb-content-wrapper\"><p>[vc_row header_feature=&#8221;yes&#8221; padding_top=&#8221;120&#8243; padding_bottom=&#8221;120&#8243; margin_bottom=&#8221;0&#8243;][vc_column width=&#8221;1\/2&#8243;][vc_column_text animation=&#8221;fadeInLeft&#8221;]<\/p>\n<h3 class=\"itemTitle\">Historia<\/h3>\n<p>La francmasoner\u00eda es una organizaci\u00f3n fraternal y ben\u00e9fica que ense\u00f1a el autoconocimiento a trav\u00e9s de la participaci\u00f3n en una progresi\u00f3n de ceremonias. Es una de las organizaciones no religiosas y apol\u00edticas m\u00e1s antiguas y grandes del mundo. La unidad organizativa b\u00e1sica de la masoner\u00eda es la logia, normalmente supervisada y gobernada por una Gran Logia soberana. La primera Gran Logia se fund\u00f3 en Londres en 1717.<\/p>\n<p>A principios de 2006, veinte Hermanos celebraron una reuni\u00f3n informativa. A lo largo de los dos a\u00f1os siguientes, estos Hermanos y otros continuaron reuni\u00e9ndose de vez en cuando, teniendo en mente la formaci\u00f3n de Logias mas\u00f3nicas y, alternativamente, formar una Gran Logia.<\/p>\n<p>En la noche del 5 de octubre de 2007, habiendo formado varios tri\u00e1ngulos mas\u00f3nicos se acord\u00f3 formar una Asociaci\u00f3n dependiente del Ministerio del Interior en Madrid que se llamar\u00eda Gran Logia de Espa\u00f1a e Iberia, n\u00famero 592462.<\/p>\n<p>El 2 de febrero de 2009, cien Hermanos pertenecientes a los tri\u00e1ngulos mas\u00f3nicos se reunieron y eligieron al Hermano Ian L Hutchinson como primer Gran Maestro, acord\u00e1ndose en dicha reuni\u00f3n que todos los Tri\u00e1ngulos Mas\u00f3nicos formar\u00edan la Gran Logia Simb\u00f3lica de Espa\u00f1a e Iberia.[\/vc_column_text][\/vc_column][vc_column width=&#8221;1\/2&#8243;]<div class=\"eut-element eut-image eut-align-center\" style=\"\"><img loading=\"lazy\" decoding=\"async\" width=\"2000\" height=\"2000\" src=\"https:\/\/glsei.org\/wp-content\/uploads\/2023\/04\/grid_0-33.jpg\" class=\"attachment-full size-full\" alt=\"\" srcset=\"https:\/\/glsei.org\/wp-content\/uploads\/2023\/04\/grid_0-33.jpg 2000w, https:\/\/glsei.org\/wp-content\/uploads\/2023\/04\/grid_0-33-300x300.jpg 300w, https:\/\/glsei.org\/wp-content\/uploads\/2023\/04\/grid_0-33-1024x1024.jpg 1024w, https:\/\/glsei.org\/wp-content\/uploads\/2023\/04\/grid_0-33-150x150.jpg 150w, https:\/\/glsei.org\/wp-content\/uploads\/2023\/04\/grid_0-33-768x768.jpg 768w, https:\/\/glsei.org\/wp-content\/uploads\/2023\/04\/grid_0-33-1536x1536.jpg 1536w, https:\/\/glsei.org\/wp-content\/uploads\/2023\/04\/grid_0-33-600x600.jpg 600w, https:\/\/glsei.org\/wp-content\/uploads\/2023\/04\/grid_0-33-1120x1120.jpg 1120w, https:\/\/glsei.org\/wp-content\/uploads\/2023\/04\/grid_0-33-1920x1920.jpg 1920w\" sizes=\"auto, (max-width: 2000px) 100vw, 2000px\" \/><\/div>[\/vc_column][\/vc_row][vc_row section_type=&#8221;fullwidth-element&#8221; margin_bottom=&#8221;0&#8243;][vc_column]<div class=\"eut-element eut-hr \" style=\"\"><div class=\"eut-line-divider\"><\/div><\/div>[\/vc_column][\/vc_row]<\/p>\n<\/section>","protected":false},"excerpt":{"rendered":"<p>[vc_row header_feature=&#8221;yes&#8221; padding_top=&#8221;120&#8243; padding_bottom=&#8221;120&#8243; margin_bottom=&#8221;0&#8243;][vc_column width=&#8221;1\/2&#8243;][vc_column_text animation=&#8221;fadeInLeft&#8221;] Historia La francmasoner\u00eda es una organizaci\u00f3n fraternal y ben\u00e9fica que ense\u00f1a el autoconocimiento a trav\u00e9s de la participaci\u00f3n en una progresi\u00f3n de ceremonias. Es una de las organizaciones no religiosas y apol\u00edticas m\u00e1s antiguas y grandes del mundo. La unidad organizativa b\u00e1sica de la masoner\u00eda es la logia, [&hellip;]<\/p>\n","protected":false},"author":1,"featured_media":0,"parent":0,"menu_order":0,"comment_status":"closed","ping_status":"closed","template":"","meta":{"footnotes":""},"class_list":["post-203","page","type-page","status-publish","hentry"],"_links":{"self":[{"href":"https:\/\/glsei.org\/es\/wp-json\/wp\/v2\/pages\/203","targetHints":{"allow":["GET"]}}],"collection":[{"href":"https:\/\/glsei.org\/es\/wp-json\/wp\/v2\/pages"}],"about":[{"href":"https:\/\/glsei.org\/es\/wp-json\/wp\/v2\/types\/page"}],"author":[{"embeddable":true,"href":"https:\/\/glsei.org\/es\/wp-json\/wp\/v2\/users\/1"}],"replies":[{"embeddable":true,"href":"https:\/\/glsei.org\/es\/wp-json\/wp\/v2\/comments?post=203"}],"version-history":[{"count":9,"href":"https:\/\/glsei.org\/es\/wp-json\/wp\/v2\/pages\/203\/revisions"}],"predecessor-version":[{"id":2470,"href":"https:\/\/glsei.org\/es\/wp-json\/wp\/v2\/pages\/203\/revisions\/2470"}],"wp:attachment":[{"href":"https:\/\/glsei.org\/es\/wp-json\/wp\/v2\/media?parent=203"}],"curies":[{"name":"wp","href":"https:\/\/api.w.org\/{rel}","templated":true}]}}